{"id":42690,"date":"2024-07-23T12:04:06","date_gmt":"2024-07-23T16:04:06","guid":{"rendered":"https:\/\/www.biogasworld.com\/product\/uncategorized\/byoflex-2\/"},"modified":"2025-03-04T12:25:22","modified_gmt":"2025-03-04T17:25:22","slug":"byoflex-2","status":"publish","type":"product","link":"https:\/\/biogasworld.com\/fr\/product\/traitement-des-eaux\/recuperation-des-nutriments\/byoflex-2\/","title":{"rendered":"Byoflex"},"content":{"rendered":"<h2><span style=\"color: #000daa;\">Byoflex &#8211; Syst\u00e8me de r\u00e9cup\u00e9ration d\u2019azote<\/span><\/h2>\n<p><strong>R\u00e9cup\u00e9ration des ressources \u00e0 partir de l\u2019ammoniac.<\/strong><\/p>\n<p>Bas\u00e9 sur l\u2019optimisation de la valeur des ressources et les d\u00e9fis op\u00e9rationnels du digesteur, le ByoFlex\u00ae &#8211; un syst\u00e8me de NSI Byosis &#8211; r\u00e9cup\u00e8re l\u2019ammoniac \u00e0 partir de substrats hautement contamin\u00e9s. Cela peut maximiser la production de biogaz tout en r\u00e9duisant les co\u00fbts de d\u00e9versement simultan\u00e9ment.<\/p>\n<p>NSI Byosis combine et traduit ses connaissances approfondies des processus de digestion et de fermentation en solutions pratiques et r\u00e9alisables. Byosis offre des solutions qui am\u00e9liorent consid\u00e9rablement l\u2019efficacit\u00e9 et la capacit\u00e9 du processus de digestion, en pr\u00e9sentant une alternative parfaite pour anammox.<\/p>\n<p>Le syst\u00e8me ByoFlex\u00ae r\u00e9duit les co\u00fbts de d\u00e9chargement et r\u00e9cup\u00e8re l\u2019azote pour une utilisation comme engrais.<\/p>\n<p>&nbsp;<\/p>\n<p><img decoding=\"async\" class=\"aligncenter\" src=\"https:\/\/www.nijhuisindustries.com\/assets\/uploads\/_685xAUTO_fit_center-center_none\/Foto-1-Byosis.jpg\" alt=\"Foto 1 Byosis\" \/><\/p>\n<p>&nbsp;<\/p>\n<h3><span style=\"color: #000daa;\">Vos avantages ByoFlex\u00ae<\/span><\/h3>\n<ul>\n<li>R\u00e9duit l\u2019empreinte N2O et CO2\u00a0: \u00e9vitez l\u2019oxydation conventionnelle de l\u2019azote.<\/li>\n<li>R\u00e9duit le risque de colmatage gr\u00e2ce \u00e0 une conception robuste et brevet\u00e9e.<\/li>\n<li>R\u00e9duit les co\u00fbts de d\u00e9versement et de traitement de l\u2019azote dans les \u00e9gouts ou les rivi\u00e8res.<\/li>\n<li>\u00c9limine les flux d\u2019ammoniac hautement concentr\u00e9s et les substrats de digestat difficiles des boues d\u2019\u00e9puration ou du fumier.<\/li>\n<li>R\u00e9utilise l\u2019eau centrale pour am\u00e9liorer la performance du digesteur de biogaz en r\u00e9duisant la teneur en N gr\u00e2ce au traitement de l\u2019eau de dilution recycl\u00e9e.<\/li>\n<li>R\u00e9cup\u00e8re un engrais circulaire liquide pr\u00e9cieux\u00a0: sulfate d\u2019ammonium ou nitrate d\u2019ammonium.<\/li>\n<\/ul>\n<p>&nbsp;<\/p>\n<p><img decoding=\"async\" class=\"aligncenter\" src=\"https:\/\/www.nijhuisindustries.com\/assets\/uploads\/solutions\/_685xAUTO_fit_center-center_none\/Website-NSI-Nitrogen-stripper-Byoflex-1.png\" alt=\"Website NSI Nitrogen stripper Byoflex 1\" \/><\/p>\n<p>&nbsp;<\/p>\n<h3><span style=\"color: #000daa;\">Applications industrielles<\/span><\/h3>\n<p>Le syst\u00e8me ByoFlex\u00ae r\u00e9pond aux besoins des stations d\u2019\u00e9puration municipales et industrielles pour transformer les d\u00e9fis de l\u2019azote en un v\u00e9ritable business case circulaire, par la r\u00e9cup\u00e9ration d\u2019un engrais de valeur.<\/p>\n<ul>\n<li>Usines de traitement des eaux us\u00e9es industrielles<\/li>\n<li>Usines de traitement des eaux us\u00e9es municipales<\/li>\n<li>Digesteurs de d\u00e9chets alimentaires et de fumier<\/li>\n<\/ul>\n<p>En g\u00e9n\u00e9ral, un taux de r\u00e9cup\u00e9ration et <strong>d\u2019\u00e9limination minimum de 70\u201185 % de N-NH4<\/strong> permet d\u2019obtenir le meilleur rapport entre les d\u00e9penses d\u2019investissement et les d\u00e9penses d\u2019exploitation, mais des pourcentages plus \u00e9lev\u00e9s de r\u00e9cup\u00e9ration\/\u00e9limination sont \u00e9galement possibles. L\u2019efficacit\u00e9 de d\u00e9capage d\u00e9pend fortement de la temp\u00e9rature et du pH du substrat ainsi que de la consommation d\u2019\u00e9nergie \u00e9lectrique du ventilateur.<\/p>\n<p><a href=\"https:\/\/www.nijhuisindustries.com\/assets\/uploads\/solutions\/NSI-Byoflex_ENG_Rev-B_03-2023.pdf\" target=\"_blank\" rel=\"noopener noreferrer\"><strong>T\u00e9l\u00e9chargez la brochure de ByoFlex\u00ae.<\/strong><\/a> D\u00e9couvrez comment fonctionne le processus et consultez nos r\u00e9f\u00e9rences.<\/p>\n<p>&nbsp;<\/p>\n<p><img decoding=\"async\" class=\"aligncenter\" src=\"https:\/\/www.nijhuisindustries.com\/assets\/uploads\/solutions\/Website-NSI-Nitrogen-stripper-Byoflex-3.png\" \/><\/p>\n<p>&nbsp;<\/p>\n","protected":false},"excerpt":{"rendered":"Avec la demande croissante de ressources circulaires pour r\u00e9duire les \u00e9missions d\u2019azote et de CO2, la technologie de d\u00e9capage peut \u00eatre appliqu\u00e9e pour transformer les flux de d\u00e9chets en ressources pr\u00e9cieuses.","protected":false},"featured_media":42689,"template":"","meta":{"_acf_changed":false,"content-type":""},"product_brand":[],"product_cat":[514,97,95,80,79],"product_tag":[],"class_list":{"0":"post-42690","1":"product","2":"type-product","3":"status-publish","4":"has-post-thumbnail","6":"product_cat-gestion-du-digestat","7":"product_cat-raffinage","8":"product_cat-recuperation-des-nutriments","9":"product_cat-traitement-des-eaux","10":"product_cat-valorisation-du-biogaz","12":"first","13":"instock","14":"taxable","15":"shipping-taxable","16":"product-type-simple"},"acf":[],"_links":{"self":[{"href":"https:\/\/biogasworld.com\/fr\/wp-json\/wp\/v2\/product\/42690","targetHints":{"allow":["GET"]}}],"collection":[{"href":"https:\/\/biogasworld.com\/fr\/wp-json\/wp\/v2\/product"}],"about":[{"href":"https:\/\/biogasworld.com\/fr\/wp-json\/wp\/v2\/types\/product"}],"wp:featuredmedia":[{"embeddable":true,"href":"https:\/\/biogasworld.com\/fr\/wp-json\/wp\/v2\/media\/42689"}],"wp:attachment":[{"href":"https:\/\/biogasworld.com\/fr\/wp-json\/wp\/v2\/media?parent=42690"}],"wp:term":[{"taxonomy":"product_brand","embeddable":true,"href":"https:\/\/biogasworld.com\/fr\/wp-json\/wp\/v2\/product_brand?post=42690"},{"taxonomy":"product_cat","embeddable":true,"href":"https:\/\/biogasworld.com\/fr\/wp-json\/wp\/v2\/product_cat?post=42690"},{"taxonomy":"product_tag","embeddable":true,"href":"https:\/\/biogasworld.com\/fr\/wp-json\/wp\/v2\/product_tag?post=42690"}],"curies":[{"name":"wp","href":"https:\/\/api.w.org\/{rel}","templated":true}]}}