{"id":42726,"date":"2024-08-07T18:22:30","date_gmt":"2024-08-07T22:22:30","guid":{"rendered":"https:\/\/www.biogasworld.com\/product\/uncategorized\/dry-anaerobic-digester-plant\/"},"modified":"2024-08-07T18:27:30","modified_gmt":"2024-08-07T22:27:30","slug":"dry-anaerobic-digester-plant","status":"publish","type":"product","link":"https:\/\/biogasworld.com\/fr\/product\/biomethanisation\/dry-anaerobic-digester-plant\/","title":{"rendered":"Usine de digesteur ana\u00e9robie \u00e0 sec"},"content":{"rendered":"","protected":false},"excerpt":{"rendered":"MG\u00c8 fournit des services pour la mise en place de cultures \u00e9nerg\u00e9tiques vertes sur site, d\u2019usines ana\u00e9robies s\u00e8ches dans les logements pour l\u2019approvisionnement en biom\u00e9thane dans une zone d\u2019approvisionnement d\u00e9di\u00e9e.","protected":false},"featured_media":42725,"template":"","meta":{"_acf_changed":false,"content-type":""},"product_brand":[],"product_cat":[145,77],"product_tag":[],"class_list":{"0":"post-42726","1":"product","2":"type-product","3":"status-publish","4":"has-post-thumbnail","6":"product_cat-anaerobic-digestion","7":"product_cat-biomethanisation","9":"first","10":"instock","11":"taxable","12":"shipping-taxable","13":"product-type-simple"},"acf":[],"_links":{"self":[{"href":"https:\/\/biogasworld.com\/fr\/wp-json\/wp\/v2\/product\/42726","targetHints":{"allow":["GET"]}}],"collection":[{"href":"https:\/\/biogasworld.com\/fr\/wp-json\/wp\/v2\/product"}],"about":[{"href":"https:\/\/biogasworld.com\/fr\/wp-json\/wp\/v2\/types\/product"}],"wp:featuredmedia":[{"embeddable":true,"href":"https:\/\/biogasworld.com\/fr\/wp-json\/wp\/v2\/media\/42725"}],"wp:attachment":[{"href":"https:\/\/biogasworld.com\/fr\/wp-json\/wp\/v2\/media?parent=42726"}],"wp:term":[{"taxonomy":"product_brand","embeddable":true,"href":"https:\/\/biogasworld.com\/fr\/wp-json\/wp\/v2\/product_brand?post=42726"},{"taxonomy":"product_cat","embeddable":true,"href":"https:\/\/biogasworld.com\/fr\/wp-json\/wp\/v2\/product_cat?post=42726"},{"taxonomy":"product_tag","embeddable":true,"href":"https:\/\/biogasworld.com\/fr\/wp-json\/wp\/v2\/product_tag?post=42726"}],"curies":[{"name":"wp","href":"https:\/\/api.w.org\/{rel}","templated":true}]}}