{"id":42854,"date":"2024-09-11T22:11:08","date_gmt":"2024-09-12T02:11:08","guid":{"rendered":"https:\/\/www.biogasworld.com\/product\/uncategorized\/nemo-bo-so-hopper-pump\/"},"modified":"2025-06-25T12:35:10","modified_gmt":"2025-06-25T16:35:10","slug":"nemo-bo-so-hopper-pump","status":"publish","type":"product","link":"https:\/\/biogasworld.com\/fr\/product\/biomethanisation\/pompes-haute-densite\/nemo-bo-so-hopper-pump\/","title":{"rendered":"Pompe \u00e0 tr\u00e9mie NEMO\u00ae BO\/SO"},"content":{"rendered":"<h2><span style=\"color: #000daa;\">Pompe \u00e0 tr\u00e9mie NEMO\u00ae BO\/SO avec dispositif de coupe<\/span><\/h2>\n<h3><span style=\"color: #000daa;\">Combine la d\u00e9coupe et le transport de particules de grande taille dans de nombreux secteurs industriels<\/span><\/h3>\n<p>La pompe \u00e0 tr\u00e9mie NEMO\u00ae BO\/SO avec dispositif de coupe int\u00e9gr\u00e9 permet de couper et de transporter en une seule \u00e9tape. Par exemple, de grosses particules de fruits ou de l\u00e9gumes pourraient \u00eatre hach\u00e9es puis pomp\u00e9es pour un traitement ult\u00e9rieur avec une seule pi\u00e8ce d\u2019\u00e9quipement.<\/p>\n<p>Ces pompes \u00e0 cavit\u00e9 progressive avec tr\u00e9mie et tige de couplage avec vis d\u2019alimentation et chambre d\u2019alimentation par force sont utilis\u00e9es dans presque tous les secteurs de l\u2019industrie. En assurant un transport continu, doux et \u00e0 faible pulsation, l\u2019unit\u00e9 de d\u00e9coupe dans la tr\u00e9mie assure que le produit est d\u00e9compos\u00e9 et d\u00e9plac\u00e9 \u00e0 travers les \u00e9l\u00e9ments. Une chambre d\u2019alimentation en force \u00e9quip\u00e9e d\u2019un bloc de coupe pouvant contenir jusqu\u2019\u00e0 3 lames assure que tout est bien hach\u00e9.<\/p>\n<p>Une unit\u00e9 de coupe suppl\u00e9mentaire peut \u00eatre install\u00e9e \u00e0 la bride de d\u00e9charge qui verra un disque perfor\u00e9 et un couteau rotatif pour d\u00e9finir davantage la taille des particules.<\/p>\n<p>Notre pompe NEMO\u00ae est propos\u00e9e en bloc avec un entra\u00eenement \u00e0 bride et une conception de bo\u00eetier de palier qui comprend un arbre libre pouvant \u00eatre \u00e9quip\u00e9 de divers types d\u2019entra\u00eenements, tels que des servomoteurs, des moteurs diesel et des entra\u00eenements hydrauliques.<\/p>\n<p>&nbsp;<\/p>\n<h3><span style=\"color: #000daa;\">Avantages<\/span><\/h3>\n<ul>\n<li>Syst\u00e8me modulaire variable pour un transport et une d\u00e9coupe optimaux ;<\/li>\n<li>Transport continu \u00e0 faible pulsation, non affect\u00e9 par les fluctuations de la viscosit\u00e9 et des fluides ;<\/li>\n<li>Volume de transport proportionnel \u00e0 la vitesse de rotation avec une grande pr\u00e9cision sur une large plage de vitesses de rotation.<\/li>\n<\/ul>\n<p><img loading=\"lazy\" decoding=\"async\" width=\"1200\" height=\"396\" class=\"aligncenter size-full wp-image-42852\" src=\"https:\/\/biogasworld.com\/wp-content\/uploads\/2024\/09\/neztsch-Copie.png\" alt=\"\" srcset=\"https:\/\/biogasworld.com\/wp-content\/uploads\/2024\/09\/neztsch-Copie.png 1200w, https:\/\/biogasworld.com\/wp-content\/uploads\/2024\/09\/neztsch-Copie-250x83.png 250w\" sizes=\"auto, (max-width: 1200px) 100vw, 1200px\" \/><\/p>\n<p>Pour plus d&rsquo;informations, <a href=\"https:\/\/pumps-systems.netzsch.com\/en\/products-and-accessories\/nemo-progressing-cavity-pumps\/nemo-bo-so-hopper-pump-with-cutting-device\" target=\"_blank\" rel=\"noopener noreferrer\"><strong>visitez notre site web.<\/strong><\/a><\/p>\n","protected":false},"excerpt":{"rendered":"La pompe \u00e0 tr\u00e9mie NEMO\u00ae BO\/SO avec dispositif de coupe int\u00e9gr\u00e9 est \u00e9quip\u00e9e d\u2019un entra\u00eenement \u00e0 bride et d\u2019un logement de palier avec arbre libre pouvant \u00eatre \u00e9quip\u00e9 de diff\u00e9rents types d\u2019entra\u00eenements, tels que des servomoteurs, des moteurs diesel et des entra\u00eenements hydrauliques.","protected":false},"featured_media":42847,"template":"","meta":{"_acf_changed":false,"content-type":""},"product_brand":[],"product_cat":[77,306],"product_tag":[],"class_list":{"0":"post-42854","1":"product","2":"type-product","3":"status-publish","4":"has-post-thumbnail","6":"product_cat-biomethanisation","7":"product_cat-pompes-haute-densite","9":"first","10":"instock","11":"taxable","12":"shipping-taxable","13":"product-type-simple"},"acf":[],"_links":{"self":[{"href":"https:\/\/biogasworld.com\/fr\/wp-json\/wp\/v2\/product\/42854","targetHints":{"allow":["GET"]}}],"collection":[{"href":"https:\/\/biogasworld.com\/fr\/wp-json\/wp\/v2\/product"}],"about":[{"href":"https:\/\/biogasworld.com\/fr\/wp-json\/wp\/v2\/types\/product"}],"wp:featuredmedia":[{"embeddable":true,"href":"https:\/\/biogasworld.com\/fr\/wp-json\/wp\/v2\/media\/42847"}],"wp:attachment":[{"href":"https:\/\/biogasworld.com\/fr\/wp-json\/wp\/v2\/media?parent=42854"}],"wp:term":[{"taxonomy":"product_brand","embeddable":true,"href":"https:\/\/biogasworld.com\/fr\/wp-json\/wp\/v2\/product_brand?post=42854"},{"taxonomy":"product_cat","embeddable":true,"href":"https:\/\/biogasworld.com\/fr\/wp-json\/wp\/v2\/product_cat?post=42854"},{"taxonomy":"product_tag","embeddable":true,"href":"https:\/\/biogasworld.com\/fr\/wp-json\/wp\/v2\/product_tag?post=42854"}],"curies":[{"name":"wp","href":"https:\/\/api.w.org\/{rel}","templated":true}]}}