{"id":42869,"date":"2024-09-12T17:46:57","date_gmt":"2024-09-12T21:46:57","guid":{"rendered":"https:\/\/www.biogasworld.com\/product\/uncategorized\/tnv-thoni-wet-digestion-semi-dry\/"},"modified":"2024-09-12T17:57:50","modified_gmt":"2024-09-12T21:57:50","slug":"tnv-thoni-wet-digestion-semi-dry","status":"publish","type":"product","link":"https:\/\/biogasworld.com\/fr\/product\/biomethanisation\/tnv-thoni-wet-digestion-semi-dry\/","title":{"rendered":"TNV TH\u00d6NI Digestion humide &#8211; Semi-sec"},"content":{"rendered":"","protected":false},"excerpt":{"rendered":"Les d\u00e9chets organiques constituent une source d\u2019\u00e9nergie verte pr\u00e9cieuse. Th\u00f6ni Environmental Energy Engineering utilise ce mat\u00e9riau apparemment inutile pour produire de l\u2019\u00e9nergie propre. Nous sommes sp\u00e9cialis\u00e9s dans la production de bio\u00e9nergie \u00e0 partir de mati\u00e8res premi\u00e8res renouvelables, de sous-produits agricoles et de d\u00e9chets organiques. Nos solutions innovantes sont le fruit de plus de 30 ans d\u2019exp\u00e9rience dans la construction et l\u2019exploitation d\u2019installations de biogaz. Nous travaillons aussi efficacement que la nature elle-m\u00eame.\r\n\r\nLe c\u0153ur de la technologie du gaz naturel de Th\u00f6ni est le digesteur humide TNV Thoeni, qui est rempli en continu avec des mati\u00e8res solides et liquides \u00e0 l\u2019aide d\u2019un syst\u00e8me d\u2019alimentation sp\u00e9cial. Les agitateurs \u00e0 palettes \u00e0 rotation lente assurent un brassage optimal du digestat, ce qui se traduit par des rendements \u00e9lev\u00e9s en biogaz. Ainsi que la pr\u00e9vention optimale des couches flottantes ou coulant. En outre, un syst\u00e8me de chauffage int\u00e9gr\u00e9 assure des conditions id\u00e9ales pour la production de biogaz. Le substrat dig\u00e9r\u00e9 est ensuite d\u00e9shydrat\u00e9 et peut \u00eatre appliqu\u00e9 directement sur les champs agricoles comme engrais de haute qualit\u00e9.","protected":false},"featured_media":42868,"template":"","meta":{"_acf_changed":false,"content-type":""},"product_brand":[],"product_cat":[145,77],"product_tag":[],"class_list":{"0":"post-42869","1":"product","2":"type-product","3":"status-publish","4":"has-post-thumbnail","6":"product_cat-anaerobic-digestion","7":"product_cat-biomethanisation","9":"first","10":"instock","11":"taxable","12":"shipping-taxable","13":"product-type-simple"},"acf":[],"_links":{"self":[{"href":"https:\/\/biogasworld.com\/fr\/wp-json\/wp\/v2\/product\/42869","targetHints":{"allow":["GET"]}}],"collection":[{"href":"https:\/\/biogasworld.com\/fr\/wp-json\/wp\/v2\/product"}],"about":[{"href":"https:\/\/biogasworld.com\/fr\/wp-json\/wp\/v2\/types\/product"}],"wp:featuredmedia":[{"embeddable":true,"href":"https:\/\/biogasworld.com\/fr\/wp-json\/wp\/v2\/media\/42868"}],"wp:attachment":[{"href":"https:\/\/biogasworld.com\/fr\/wp-json\/wp\/v2\/media?parent=42869"}],"wp:term":[{"taxonomy":"product_brand","embeddable":true,"href":"https:\/\/biogasworld.com\/fr\/wp-json\/wp\/v2\/product_brand?post=42869"},{"taxonomy":"product_cat","embeddable":true,"href":"https:\/\/biogasworld.com\/fr\/wp-json\/wp\/v2\/product_cat?post=42869"},{"taxonomy":"product_tag","embeddable":true,"href":"https:\/\/biogasworld.com\/fr\/wp-json\/wp\/v2\/product_tag?post=42869"}],"curies":[{"name":"wp","href":"https:\/\/api.w.org\/{rel}","templated":true}]}}