{"id":42879,"date":"2021-11-02T09:50:06","date_gmt":"2021-11-02T13:50:06","guid":{"rendered":"https:\/\/www.biogasworld.com\/product\/uncategorized\/vsep-technology-new-logic-research\/"},"modified":"2024-09-19T17:48:49","modified_gmt":"2024-09-19T21:48:49","slug":"vsep-technology-new-logic-research","status":"publish","type":"product","link":"https:\/\/biogasworld.com\/fr\/product\/traitement-des-eaux\/traitement-membranaire\/vsep-technology-new-logic-research\/","title":{"rendered":"Technologie VSEP &#8211; Nouvelle recherche logique"},"content":{"rendered":"","protected":false},"excerpt":{"rendered":"Les digesteurs peuvent produire du m\u00e9thane, mais ne constituent pas en eux-m\u00eames une solution compl\u00e8te de traitement de l\u2019eau. Dans chaque cas, il faudrait \u00e9pandre sur le sol ou \u00e9liminer de fa\u00e7on s\u00e9curitaire les eaux r\u00e9siduaires du digestat. Il ne serait pas possible de d\u00e9verser directement les eaux de surface. La filtration par membrane VSEP RO peut \u00eatre utilis\u00e9e efficacement pour traiter les effluents d\u2019une usine de biogaz en vue du rejet ou de la r\u00e9utilisation des eaux de surface. En outre, le syst\u00e8me VSEP concentrera bon nombre des \u00e9l\u00e9ments nutritifs contenus dans l\u2019effluent et peut produire un flux rentable d\u2019engrais \u00e0 valeur ajout\u00e9e concentr\u00e9 qui peut \u00eatre exp\u00e9di\u00e9 sous forme de lisier ou s\u00e9ch\u00e9 pour fabriquer un engrais sec.","protected":false},"featured_media":42878,"template":"","meta":{"_acf_changed":false,"content-type":""},"product_brand":[],"product_cat":[208,80,464],"product_tag":[],"class_list":{"0":"post-42879","1":"product","2":"type-product","3":"status-publish","4":"has-post-thumbnail","6":"product_cat-biogas-management","7":"product_cat-traitement-des-eaux","8":"product_cat-traitement-membranaire","10":"first","11":"instock","12":"taxable","13":"shipping-taxable","14":"product-type-simple"},"acf":[],"_links":{"self":[{"href":"https:\/\/biogasworld.com\/fr\/wp-json\/wp\/v2\/product\/42879","targetHints":{"allow":["GET"]}}],"collection":[{"href":"https:\/\/biogasworld.com\/fr\/wp-json\/wp\/v2\/product"}],"about":[{"href":"https:\/\/biogasworld.com\/fr\/wp-json\/wp\/v2\/types\/product"}],"wp:featuredmedia":[{"embeddable":true,"href":"https:\/\/biogasworld.com\/fr\/wp-json\/wp\/v2\/media\/42878"}],"wp:attachment":[{"href":"https:\/\/biogasworld.com\/fr\/wp-json\/wp\/v2\/media?parent=42879"}],"wp:term":[{"taxonomy":"product_brand","embeddable":true,"href":"https:\/\/biogasworld.com\/fr\/wp-json\/wp\/v2\/product_brand?post=42879"},{"taxonomy":"product_cat","embeddable":true,"href":"https:\/\/biogasworld.com\/fr\/wp-json\/wp\/v2\/product_cat?post=42879"},{"taxonomy":"product_tag","embeddable":true,"href":"https:\/\/biogasworld.com\/fr\/wp-json\/wp\/v2\/product_tag?post=42879"}],"curies":[{"name":"wp","href":"https:\/\/api.w.org\/{rel}","templated":true}]}}