{"id":42898,"date":"2024-09-24T17:48:05","date_gmt":"2024-09-24T21:48:05","guid":{"rendered":"https:\/\/www.biogasworld.com\/product\/uncategorized\/atds-2-step-system\/"},"modified":"2024-09-26T17:19:39","modified_gmt":"2024-09-26T21:19:39","slug":"atds-2-step-system","status":"publish","type":"product","link":"https:\/\/biogasworld.com\/fr\/product\/biomethanisation\/atds-2-step-system\/","title":{"rendered":"Syst\u00e8me ATD 2 \u2013 \u00c9tapes\u2122"},"content":{"rendered":"<h2><span style=\"color: #000daa;\">ATD s\u2019attaque \u00e0 l\u2019adaptation aux changements climatiques pour les laiteries<\/span><\/h2>\n<h3><span style=\"color: #000daa;\">Le syst\u00e8me 2 \u2013 Step d\u2019ATD vous aidera \u00e0 apporter la bonne nutrition et l\u2019humidit\u00e9 l\u00e0 o\u00f9 elles sont n\u00e9cessaires.<\/span><\/h3>\n<p>ATD offre un syst\u00e8me en deux \u00e9tapesTM pour la gestion des engrais du b\u00e9tail qui est rentable, efficace et \u00e9cologique. Le syst\u00e8me capture et concentre pratiquement tous les nutriments (solides, liquides et gazeux) quotidiennement pour stockage ou vente hors sol afin de r\u00e9duire consid\u00e9rablement les co\u00fbts de transport et, \u00e9ventuellement, la demande quotidienne d\u2019eau. En s\u00e9parant la nutrition de l\u2019hydratation, vous aurez plus de nutriments par tonne dans des charges plus l\u00e9g\u00e8res et une eau de qualit\u00e9 d\u2019irrigation tout au long de l\u2019ann\u00e9e pour r\u00e9pondre aux besoins de votre culture.<\/p>\n<div class=\"fusion-text fusion-text-4\">\n<ul>\n<li>\u00c9tape 1 \u2013 R\u00e9duire la consommation d\u2019eau en recyclant et en r\u00e9duisant le co\u00fbt du transport des solides au champ en les retirant de l\u2019\u00e9table et en envoyant uniquement l\u2019eau et le SDT \u00e0 l\u2019entrep\u00f4t.<br \/>\n\u00c9tape 2- Augmenter le recyclage de l\u2019eau, la capture et la concentration des solides dissous, de l\u2019ammoniac pour la distribution.<\/li>\n<\/ul>\n<\/div>\n<p>&nbsp;<\/p>\n<h3><span style=\"color: #000daa;\">ATD &#8211; \u00c9tape 1<\/span><\/h3>\n<p>Nous capturons presque tous les solides en suspension quotidiennement avec notre presse rotative et notre clarificateur, puis nous les stockons au-dessus du sol.\u00a0 Les solides seront compacts, plus l\u00e9gers et moins chers \u00e0 appliquer. Ils ne n\u00e9cessitent pas de surveillance.<\/p>\n<p><strong>L\u2019effluent exempt de solides<\/strong> est recycl\u00e9 pour recueillir le fumier \u00e0 nouveau, et le reste est envoy\u00e9 dans la lagune o\u00f9 on peut en ajouter directement \u00e0 partir de votre source.\u00a0 Le lagon contient des solides dissous, mais il produira maintenant moins de GES, n\u2019aura pas besoin d\u2019\u00eatre agit\u00e9 ou d\u2019un pompage annuel.<\/p>\n<p>&nbsp;<\/p>\n<h3><span style=\"color: #000daa;\">Avantages de l\u2019\u00e9tape 1 \u2013 le fruit \u00e0 port\u00e9e de main!<br \/>\n<\/span><\/h3>\n<ul>\n<li>Le poids et le volume des solides sont r\u00e9duits. Les nutriments\/tonne sont <strong>multipli\u00e9s par cinq.<\/strong><\/li>\n<li><strong>La s\u00e9paration quotidienne des solides r\u00e9duit le transfert de phosphore<\/strong> dans le courant liquide. Les solides peuvent \u00eatre distribu\u00e9s plus pr\u00e9cis\u00e9ment pour respecter le plan environnemental de la ferme.<\/li>\n<li><strong>Le compactage du sol est r\u00e9duit<\/strong> par des charges plus l\u00e9g\u00e8res. Les solides de s\u00e9chage peuvent \u00eatre appliqu\u00e9s avec un \u00e9quipement simple pour am\u00e9liorer <strong>la flexibilit\u00e9 op\u00e9rationnelle.<\/strong><\/li>\n<li>Les co\u00fbts de <strong>main-d\u2019\u0153uvre<\/strong> et de <strong>carburant<\/strong> pour distribuer et appliquer des solides sont <strong>r\u00e9duits.<\/strong><\/li>\n<li><strong>Am\u00e9lioration de la qualit\u00e9 de l\u2019air dans les granges,<\/strong> \u00e9conomie d\u2019azote et r\u00e9duction de la production de struvite.<\/li>\n<li><strong>Le lagon retiendra un peu plus d\u2019eau<\/strong> avec les solides enlev\u00e9s et il peut \u00eatre agrandi pour recueillir toute eau nouvellement disponible.<\/li>\n<li><strong>La lagune ne produira plus de dioxyde de carbone ni de m\u00e9thane,<\/strong> \u00e9liminant ainsi une source majeure d\u2019\u00e9missions agricoles.<\/li>\n<li><strong>Ajouter de l\u2019eau douce<\/strong> \u00e9gale \u00e0 l\u2019eau de chasse recycl\u00e9e directement dans votre lagune ou r\u00e9duire <strong>la demande sur votre source.<\/strong><\/li>\n<li>Option Installer un panneau solaire flottant sur le lagon. R\u00e9duire les pertes par \u00e9vaporation et <strong>am\u00e9liorer la durabilit\u00e9.<\/strong><\/li>\n<li><strong>R\u00e9duire les co\u00fbts de transport<\/strong> des solides vers et depuis les digesteurs centraux.<\/li>\n<\/ul>\n<p>&nbsp;<\/p>\n<h3><span style=\"color: #000daa;\">Voici ce qui arrive \u00e0 vos solides au digesteur<br \/>\n<\/span><\/h3>\n<p>La presse rotative de ferme d\u00e9verse 30\u00a0% de mati\u00e8re s\u00e8che dans une remorque pour \u00eatre livr\u00e9e au digesteur et d\u00e9charg\u00e9e comme digestat \u00e0 la presse rotative Hub. La presse rotative d\u00e9verse 30\u00a0% de solides dans une remorque pour \u00eatre retourn\u00e9s \u00e0 la laiterie en vue d\u2019un entreposage hors sol, et les effluents de la presse sont achemin\u00e9s au concentrateur de concentration et au clarificateur de la station d\u2019\u00e9puration pour \u00eatre d\u00e9vers\u00e9s sous forme de concentr\u00e9 dans une remorque-citerne qui vous sera retourn\u00e9e pour \u00eatre entrepos\u00e9e. L\u2019eau propre du concentrateur diluera la prochaine charge au niveau du digesteur.<\/p>\n<p><img loading=\"lazy\" decoding=\"async\" width=\"1200\" height=\"1200\" class=\"aligncenter size-full wp-image-42907\" src=\"https:\/\/biogasworld.com\/wp-content\/uploads\/2024\/09\/Social-Media-General-Content-1-1.png\" alt=\"\" srcset=\"https:\/\/biogasworld.com\/wp-content\/uploads\/2024\/09\/Social-Media-General-Content-1-1.png 1200w, https:\/\/biogasworld.com\/wp-content\/uploads\/2024\/09\/Social-Media-General-Content-1-1-600x600.png 600w, https:\/\/biogasworld.com\/wp-content\/uploads\/2024\/09\/Social-Media-General-Content-1-1-100x100.png 100w, https:\/\/biogasworld.com\/wp-content\/uploads\/2024\/09\/Social-Media-General-Content-1-1-250x250.png 250w, https:\/\/biogasworld.com\/wp-content\/uploads\/2024\/09\/Social-Media-General-Content-1-1-1024x1024.png 1024w, https:\/\/biogasworld.com\/wp-content\/uploads\/2024\/09\/Social-Media-General-Content-1-1-200x200.png 200w, https:\/\/biogasworld.com\/wp-content\/uploads\/2024\/09\/Social-Media-General-Content-1-1-80x80.png 80w\" sizes=\"auto, (max-width: 1200px) 100vw, 1200px\" \/><\/p>\n<h3><span style=\"color: #000daa;\">ATD &#8211; \u00c9tape 2<br \/>\n<\/span><\/h3>\n<p><strong>Si les restrictions d\u2019eau ou les co\u00fbts de l\u2019eau augmentent, installez l\u2019\u00e9tape 2.<\/strong><\/p>\n<ul>\n<li>Recyclez plus d\u2019eau et \u00e9ventuellement l\u2019am\u00e9liorer \u00e0 la norme de l\u2019eau potable.<\/li>\n<li>Captez et augmentezr le TDS et l\u2019ammoniac pour l\u2019entreposage.<\/li>\n<li>Cela introduit de nouvelles technologies dans la ferme.<\/li>\n<\/ul>\n<p>&nbsp;<\/p>\n<h3><span style=\"color: #000daa;\">Les b\u00e9n\u00e9fices de l&rsquo;\u00e9tape 2<\/span><\/h3>\n<ul>\n<li>La capture et la concentration de l\u2019ammoniac am\u00e9liorent la pr\u00e9cision du placement, r\u00e9duisent les co\u00fbts d\u2019application et augmentent la valeur des ventes.<\/li>\n<li>R\u00e9duit la demande sur l\u2019aquif\u00e8re jusqu\u2019\u00e0 60\u00a0%.<\/li>\n<li>Le volume d\u2019irrigation est augment\u00e9 si l\u2019eau de surface peut \u00eatre capt\u00e9e hors saison pour compl\u00e9ter le contenu des lagunes.<\/li>\n<li>R\u00e9cup\u00e9ration potentielle de certains investissements par la vente d\u2019eau recycl\u00e9e \u00e0 un voisin non agr\u00e9\u00e9.<\/li>\n<li>Des sols et de l\u2019air plus propres lorsqu\u2019on les lave avec de l\u2019eau potable recycl\u00e9e.<\/li>\n<\/ul>\n<p>&nbsp;<\/p>\n<h3><span style=\"color: #000daa;\">Quel est le prix?<br \/>\n<\/span><\/h3>\n<p>Chaque ferme est unique, n\u00e9cessitant une solution personnalis\u00e9e\u00a0:<\/p>\n<ul>\n<li>Les estimations de co\u00fbts du projet d\u2019ATD seront fond\u00e9es sur les donn\u00e9es agricoles confidentielles que vous entrez dans notre questionnaire sur les faits agricoles.<\/li>\n<li>T\u00e9l\u00e9chargez et remplissez notre questionnaire sur les faits agricoles et notre entente mutuelle de non-divulgation, puis retournez-les \u00e0 ATD avec toutes les questions que vous pourriez avoir pour discuter des prochaines \u00e9tapes.<\/li>\n<\/ul>\n<p>Pour plus d\u2019informations, veuillez consulter notre site web <a href=\"https:\/\/livestockmanuremanagement.com\/#system\" target=\"_blank\" rel=\"noopener noreferrer\">https:\/\/livestockmanuremanagement.com\/#system.<\/a><\/p>\n<p><img decoding=\"async\" src=\"https:\/\/livestockmanuremanagement.com\/wp-content\/uploads\/2024\/08\/Sludge-Trailer-scaled.jpg\" alt=\"Slurry Trailer\" \/><\/p>\n","protected":false},"excerpt":{"rendered":"ATD a maintenant identifi\u00e9 les processus qui peuvent \u00eatre int\u00e9gr\u00e9s pour fournir des syst\u00e8mes robustes int\u00e9grant des mat\u00e9riaux am\u00e9lior\u00e9s et une technologie \u00e9prouv\u00e9e dans un environnement agricole, et nous sommes fiers de pouvoir les pr\u00e9senter. Elles devaient \u00eatre \u00e9volutives, s\u2019appliquer aux engrais de porc et de lait, crus ou dig\u00e9r\u00e9s, fonctionner sans surveillance, fournir un RCI acceptable, r\u00e9duire les gaz \u00e0 effet de serre (GES) et la consommation de carburant, fonctionner par tous les temps, avoir une faible empreinte et de conserver plus de nutriments sous une forme qui am\u00e9liore leur efficacit\u00e9.","protected":false},"featured_media":42897,"template":"","meta":{"_acf_changed":false,"content-type":""},"product_brand":[],"product_cat":[77,77],"product_tag":[],"class_list":{"0":"post-42898","1":"product","2":"type-product","3":"status-publish","4":"has-post-thumbnail","6":"product_cat-biomethanisation","9":"first","10":"instock","11":"taxable","12":"shipping-taxable","13":"product-type-simple"},"acf":[],"_links":{"self":[{"href":"https:\/\/biogasworld.com\/fr\/wp-json\/wp\/v2\/product\/42898","targetHints":{"allow":["GET"]}}],"collection":[{"href":"https:\/\/biogasworld.com\/fr\/wp-json\/wp\/v2\/product"}],"about":[{"href":"https:\/\/biogasworld.com\/fr\/wp-json\/wp\/v2\/types\/product"}],"wp:featuredmedia":[{"embeddable":true,"href":"https:\/\/biogasworld.com\/fr\/wp-json\/wp\/v2\/media\/42897"}],"wp:attachment":[{"href":"https:\/\/biogasworld.com\/fr\/wp-json\/wp\/v2\/media?parent=42898"}],"wp:term":[{"taxonomy":"product_brand","embeddable":true,"href":"https:\/\/biogasworld.com\/fr\/wp-json\/wp\/v2\/product_brand?post=42898"},{"taxonomy":"product_cat","embeddable":true,"href":"https:\/\/biogasworld.com\/fr\/wp-json\/wp\/v2\/product_cat?post=42898"},{"taxonomy":"product_tag","embeddable":true,"href":"https:\/\/biogasworld.com\/fr\/wp-json\/wp\/v2\/product_tag?post=42898"}],"curies":[{"name":"wp","href":"https:\/\/api.w.org\/{rel}","templated":true}]}}