{"id":43057,"date":"2024-12-04T15:08:27","date_gmt":"2024-12-04T20:08:27","guid":{"rendered":"https:\/\/biogasworld.com\/product\/non%20class\u00e9\/icodos-carbon-capture-biogas-upgrading-e-methanol-production-technology\/"},"modified":"2024-12-05T15:39:31","modified_gmt":"2024-12-05T20:39:31","slug":"icodos-carbon-capture-biogas-upgrading-e-methanol-production-technology","status":"publish","type":"product","link":"https:\/\/biogasworld.com\/fr\/product\/valorisation-du-biogaz\/raffinage\/icodos-carbon-capture-biogas-upgrading-e-methanol-production-technology\/","title":{"rendered":"Technologie de valorisation du biogaz"},"content":{"rendered":"","protected":false},"excerpt":{"rendered":"Notre technologie repose sur trois innovations cl\u00e9s\u00a0:\r\n\r\n1) Notre proc\u00e9d\u00e9 brevet\u00e9 relie la capture du carbone, la valorisation du biogaz et la synth\u00e8se du m\u00e9thanol en un seul proc\u00e9d\u00e9 hybride, combinant les 3 ou 4 technologies pr\u00e9c\u00e9demment requises par les donneurs de licence pour ces \u00e9tapes de processus en un seul\u00a0: ICODOS.\r\n\r\n2) Nous avons con\u00e7u l\u2019ensemble de l\u2019usine de production d\u2019e-m\u00e9thanol pour un fonctionnement dynamique et sans personnel, permettant des d\u00e9marrages et des arr\u00eats rapides, ainsi que des op\u00e9rations flexibles \u00e0 charge partielle et compl\u00e8te.\r\n\r\n3) Nos usines sont construites selon une conception modulaire normalis\u00e9e, ce qui simplifie le processus de construction d\u2019une usine adapt\u00e9e aux exigences du client, permettant un d\u00e9ploiement rapide et l\u2019expansion de la capacit\u00e9.","protected":false},"featured_media":43056,"template":"","meta":{"_acf_changed":false,"content-type":""},"product_brand":[],"product_cat":[610,501,79,97],"product_tag":[],"class_list":{"0":"post-43057","1":"product","2":"type-product","3":"status-publish","4":"has-post-thumbnail","6":"product_cat-captage-et-valorisation-du-c02","7":"product_cat-power-to-gas-fr","8":"product_cat-valorisation-du-biogaz","9":"product_cat-raffinage","11":"first","12":"instock","13":"taxable","14":"shipping-taxable","15":"product-type-simple"},"acf":[],"_links":{"self":[{"href":"https:\/\/biogasworld.com\/fr\/wp-json\/wp\/v2\/product\/43057","targetHints":{"allow":["GET"]}}],"collection":[{"href":"https:\/\/biogasworld.com\/fr\/wp-json\/wp\/v2\/product"}],"about":[{"href":"https:\/\/biogasworld.com\/fr\/wp-json\/wp\/v2\/types\/product"}],"wp:featuredmedia":[{"embeddable":true,"href":"https:\/\/biogasworld.com\/fr\/wp-json\/wp\/v2\/media\/43056"}],"wp:attachment":[{"href":"https:\/\/biogasworld.com\/fr\/wp-json\/wp\/v2\/media?parent=43057"}],"wp:term":[{"taxonomy":"product_brand","embeddable":true,"href":"https:\/\/biogasworld.com\/fr\/wp-json\/wp\/v2\/product_brand?post=43057"},{"taxonomy":"product_cat","embeddable":true,"href":"https:\/\/biogasworld.com\/fr\/wp-json\/wp\/v2\/product_cat?post=43057"},{"taxonomy":"product_tag","embeddable":true,"href":"https:\/\/biogasworld.com\/fr\/wp-json\/wp\/v2\/product_tag?post=43057"}],"curies":[{"name":"wp","href":"https:\/\/api.w.org\/{rel}","templated":true}]}}