{"id":43083,"date":"2025-01-07T18:33:48","date_gmt":"2025-01-07T23:33:48","guid":{"rendered":"https:\/\/biogasworld.com\/product\/non%20class\u00e9\/portable-odorant-detector\/"},"modified":"2025-01-07T18:36:01","modified_gmt":"2025-01-07T23:36:01","slug":"portable-odorant-detector","status":"publish","type":"product","link":"https:\/\/biogasworld.com\/fr\/product\/biomethanisation\/instruments-et-controle\/analyseurs-de-biogaz\/portable-odorant-detector\/","title":{"rendered":"D\u00e9tecteur d\u2019odeurs portatif"},"content":{"rendered":"","protected":false},"excerpt":{"rendered":"Notre d\u00e9tecteur d\u2019odorant portable est con\u00e7u pour augmenter la pr\u00e9cision par rapport aux tubes de teinture traditionnels et r\u00e9duire les co\u00fbts d\u2019exploitation. Il est id\u00e9al pour les op\u00e9rateurs de distribution et les soci\u00e9t\u00e9s de services de d\u00e9capage de pipelines. Plage de d\u00e9tection\u00a0: T\u00e9trahydrothioph\u00e8ne (THT)\u00a0: 0-10 ou 0-100 ppm tert-butyl mercaptan (TBM)\u00a0: 0-10, 0-100 ou 0-500 ppm.","protected":false},"featured_media":43082,"template":"","meta":{"_acf_changed":false,"content-type":""},"product_brand":[],"product_cat":[77,119,460],"product_tag":[],"class_list":{"0":"post-43083","1":"product","2":"type-product","3":"status-publish","4":"has-post-thumbnail","6":"product_cat-biomethanisation","7":"product_cat-instruments-et-controle","8":"product_cat-analyseurs-de-biogaz","10":"first","11":"instock","12":"taxable","13":"shipping-taxable","14":"product-type-simple"},"acf":[],"_links":{"self":[{"href":"https:\/\/biogasworld.com\/fr\/wp-json\/wp\/v2\/product\/43083","targetHints":{"allow":["GET"]}}],"collection":[{"href":"https:\/\/biogasworld.com\/fr\/wp-json\/wp\/v2\/product"}],"about":[{"href":"https:\/\/biogasworld.com\/fr\/wp-json\/wp\/v2\/types\/product"}],"wp:featuredmedia":[{"embeddable":true,"href":"https:\/\/biogasworld.com\/fr\/wp-json\/wp\/v2\/media\/43082"}],"wp:attachment":[{"href":"https:\/\/biogasworld.com\/fr\/wp-json\/wp\/v2\/media?parent=43083"}],"wp:term":[{"taxonomy":"product_brand","embeddable":true,"href":"https:\/\/biogasworld.com\/fr\/wp-json\/wp\/v2\/product_brand?post=43083"},{"taxonomy":"product_cat","embeddable":true,"href":"https:\/\/biogasworld.com\/fr\/wp-json\/wp\/v2\/product_cat?post=43083"},{"taxonomy":"product_tag","embeddable":true,"href":"https:\/\/biogasworld.com\/fr\/wp-json\/wp\/v2\/product_tag?post=43083"}],"curies":[{"name":"wp","href":"https:\/\/api.w.org\/{rel}","templated":true}]}}