{"id":43090,"date":"2019-03-22T16:08:09","date_gmt":"2019-03-22T20:08:09","guid":{"rendered":"https:\/\/biogasworld.com\/product\/non%20class\u00e9\/micronox-biox-biogaz\/"},"modified":"2025-01-23T10:45:34","modified_gmt":"2025-01-23T15:45:34","slug":"micronox-biox-biogaz","status":"publish","type":"product","link":"https:\/\/biogasworld.com\/fr\/product\/valorisation-du-biogaz\/pre-traitement\/micronox-biox-biogaz\/","title":{"rendered":"MICRONOX BIOX pour le biogaz"},"content":{"rendered":"<h2><span style=\"color: #000daa;\">MICRONOX BIOX for biogas<\/span><\/h2>\n<p>MICRONOX BIOX for biogas is a mixture of iron oxides-hydroxides and other functional oxides specially developed to be added directly into the fermentation reactor. This product has been the object of extensive preliminary studies, with successful application in biogas plants. It reacts with hydrogen sulfide to generate iron sulfide and sulfur. Both elements are common components of fertilizers leading to improved properties.<\/p>\n<p>&nbsp;<\/p>\n<h3><span style=\"color: #000daa;\">Who is Promindsa?<\/span><\/h3>\n<p>PROMINDSA extracts, develops, transforms and supplies iron oxides to more than 70 countries around the world. We are present in markets as diverse as painting industry, biogas, construction, glass, asphalt, mortars, concrete and foundries.<\/p>\n<p>&nbsp;<\/p>\n<h4><a href=\"https:\/\/en.promindsa.com\/micronox-biox\/\">Request Technical Sheet of MICRONOX BIOX for biogas here.<\/a><\/h4>\n","protected":false},"excerpt":{"rendered":"MICRONOX BIOX ON16 s\u2019int\u00e8gre parfaitement dans les valeurs de l\u2019\u00e9cologie et de l\u2019\u00e9conomie circulaire gr\u00e2ce \u00e0 son origine naturelle et il est fabriqu\u00e9 uniquement par des proc\u00e9d\u00e9s m\u00e9caniques avec 100% d\u2019\u00e9nergie renouvelable. Son pH neutre, sa structure, sa composition et sa toxicit\u00e9 z\u00e9ro \u00e9liminent le risque de manipulation des substances corrosives, emp\u00eachent les structures m\u00e9talliques et la tuyauterie de se corroder et att\u00e9nuent l\u2019impact des odeurs. Sa grande surface (taille des particules inf\u00e9rieure \u00e0 2 \u03bcm) et son affinit\u00e9 \u00e9lev\u00e9e pour le sulfure d\u2019hydrog\u00e8ne permettent de r\u00e9duire la concentration en H2S de 2000-10000 ppm \u00e0 100-200 ppm.\r\n\r\nDe plus, le produit r\u00e9sultant de l\u2019\u00e9limination du sulfure d\u2019hydrog\u00e8ne (H2S) est un m\u00e9lange inerte de sulfure de fer (Fe2S3) et de soufre \u00e9l\u00e9mentaire (S), qui fait partie du digestat et pourrait \u00eatre appliqu\u00e9 au sol comme engrais. Cela signifie que le produit commence et se termine sur la terre ferme, fournissant des solutions aux probl\u00e8mes environnementaux cl\u00e9s tels que les \u00e9missions de dioxyde de soufre (SO2) dans l\u2019atmosph\u00e8re et l\u2019utilisation intensive d\u2019engrais inorganiques.","protected":false},"featured_media":43089,"template":"","meta":{"_acf_changed":false,"content-type":""},"product_brand":[],"product_cat":[79,99],"product_tag":[],"class_list":{"0":"post-43090","1":"product","2":"type-product","3":"status-publish","4":"has-post-thumbnail","6":"product_cat-valorisation-du-biogaz","7":"product_cat-pre-traitement","9":"first","10":"instock","11":"taxable","12":"shipping-taxable","13":"product-type-simple"},"acf":[],"_links":{"self":[{"href":"https:\/\/biogasworld.com\/fr\/wp-json\/wp\/v2\/product\/43090","targetHints":{"allow":["GET"]}}],"collection":[{"href":"https:\/\/biogasworld.com\/fr\/wp-json\/wp\/v2\/product"}],"about":[{"href":"https:\/\/biogasworld.com\/fr\/wp-json\/wp\/v2\/types\/product"}],"wp:featuredmedia":[{"embeddable":true,"href":"https:\/\/biogasworld.com\/fr\/wp-json\/wp\/v2\/media\/43089"}],"wp:attachment":[{"href":"https:\/\/biogasworld.com\/fr\/wp-json\/wp\/v2\/media?parent=43090"}],"wp:term":[{"taxonomy":"product_brand","embeddable":true,"href":"https:\/\/biogasworld.com\/fr\/wp-json\/wp\/v2\/product_brand?post=43090"},{"taxonomy":"product_cat","embeddable":true,"href":"https:\/\/biogasworld.com\/fr\/wp-json\/wp\/v2\/product_cat?post=43090"},{"taxonomy":"product_tag","embeddable":true,"href":"https:\/\/biogasworld.com\/fr\/wp-json\/wp\/v2\/product_tag?post=43090"}],"curies":[{"name":"wp","href":"https:\/\/api.w.org\/{rel}","templated":true}]}}