{"id":43204,"date":"2025-03-24T15:55:39","date_gmt":"2025-03-24T19:55:39","guid":{"rendered":"https:\/\/biogasworld.com\/product\/non%20class\u00e9\/vge-series\/"},"modified":"2025-03-24T16:07:12","modified_gmt":"2025-03-24T20:07:12","slug":"serie-vge","status":"publish","type":"product","link":"https:\/\/biogasworld.com\/fr\/product\/valorisation-du-biogaz\/compresseurs-biogaz\/serie-vge\/","title":{"rendered":"S\u00e9rie VGE"},"content":{"rendered":"<h2><span style=\"color: #000daa;\">Adicomp &#8211; S\u00e9rie VGE<\/span><\/h2>\n<ul>\n<li>Pression d\u2019aspiration\u00a0: 0.36 &lt; 1.45 psi (g)<\/li>\n<li>Pression de fonctionnement\u00a0: 72,5 &lt; 80 psi (g)<\/li>\n<li>Gaz lib\u00e9r\u00e9 : 0 &lt; 120 SCFM<\/li>\n<li>Puissance adsorb\u00e9e\u00a0: 5 &lt; 29 ch<\/li>\n<\/ul>\n<p>&nbsp;<\/p>\n<h2><span style=\"color: #000daa;\">Applications principales<\/span><\/h2>\n<p>Gr\u00e2ce \u00e0 la conception \u00e9prouv\u00e9e de compression des gaz, notre \u00e9quipement offre une grande fiabilit\u00e9 dans votre exploitation. Chaque compresseur de gaz est con\u00e7u pour un faible entretien dans son domaine d\u2019activit\u00e9, assurant de longs intervalles entre les entretiens et un acc\u00e8s facile aux techniciens.<\/p>\n<p>Ces ensembles de compression et de traitement des gaz secs sont con\u00e7us sur un skid ou une enceinte facile \u00e0 manipuler compos\u00e9e d\u2019un bloc de vis \u00e0 gaz rotatif inject\u00e9 dans l\u2019huile, directement coupl\u00e9 \u00e0 un moteur \u00e9lectrique et command\u00e9 par un onduleur.<\/p>\n<p>Disponible avec ou sans syst\u00e8me de traitement des gaz, cette s\u00e9rie a \u00e9t\u00e9 con\u00e7ue pour les applications principales suivantes\u00a0:<\/p>\n<ul>\n<li>Alimentation des microturbines ;<\/li>\n<li>Alimentation pr\u00e9-chambre ;<\/li>\n<li>Alimentation de la chaudi\u00e8re.<\/li>\n<\/ul>\n<p>&nbsp;<\/p>\n<h2><span style=\"color: #000daa;\">Comment \u00e7a fonctionne<\/span><\/h2>\n<p>La fonction du compresseur d\u2019alimentation en gaz est d\u2019\u00e9lever la pression ainsi que l\u2019am\u00e9lioration de la qualit\u00e9 du gaz.<\/p>\n<p>Au niveau de l\u2019aspiration de chaque compresseur Adicomp, le gaz sec est aspir\u00e9, filtr\u00e9 puis achemin\u00e9 vers les rotors par une soupape de r\u00e9gulation. Pendant le processus de compression du gaz, l\u2019huile est inject\u00e9e \u00e0 l\u2019int\u00e9rieur de la chambre \u00e0 vis rotative pour effectuer trois fonctions principales\u00a0: lubrification, \u00e9tanch\u00e9it\u00e9 et absorption de chaleur. Apr\u00e8s l\u2019\u00e9tape de compression, la majeure partie de l\u2019huile est \u00e9limin\u00e9e gr\u00e2ce \u00e0 des filtres sp\u00e9cifiques puis le gaz passe dans un refroidisseur d\u2019air pour abaisser sa temp\u00e9rature.<\/p>\n<p>Une soupape de d\u00e9rivation m\u00e9canique fait recirculer le gaz exc\u00e9dentaire pour moduler la capacit\u00e9 \u00e0 partir de la valeur atteinte \u00e0 la vitesse minimale du moteur \u00e9lectrique, jusqu\u2019\u00e0 0 %. Lorsque le syst\u00e8me s\u2019arr\u00eate, le circuit est d\u00e9pressuris\u00e9 en conduisant le gaz dans un tampon d\u2019expansion sp\u00e9cifique ou en le purgeant vers l\u2019atmosph\u00e8re. Un syst\u00e8me de contr\u00f4le sophistiqu\u00e9 de la s\u00e9rie Adicomp g\u00e8re la pression de fonctionnement en amont ou en aval de l\u2019unit\u00e9, et ajuste automatiquement la vitesse du compresseur pour moduler la production en fonction de la disponibilit\u00e9 ou de la demande de biogaz. Les intervalles d\u2019entretien sont prolong\u00e9s \u00e0 8 000 heures de fonctionnement.<\/p>\n<p>&nbsp;<\/p>\n<p><img loading=\"lazy\" decoding=\"async\" class=\"aligncenter wp-image-43193 size-full\" src=\"https:\/\/biogasworld.com\/wp-content\/uploads\/2024\/02\/vge.jpg\" alt=\"\" width=\"2500\" height=\"2500\" srcset=\"https:\/\/biogasworld.com\/wp-content\/uploads\/2024\/02\/vge.jpg 2500w, https:\/\/biogasworld.com\/wp-content\/uploads\/2024\/02\/vge-600x600.jpg 600w, https:\/\/biogasworld.com\/wp-content\/uploads\/2024\/02\/vge-100x100.jpg 100w, https:\/\/biogasworld.com\/wp-content\/uploads\/2024\/02\/vge-250x250.jpg 250w, https:\/\/biogasworld.com\/wp-content\/uploads\/2024\/02\/vge-1024x1024.jpg 1024w, https:\/\/biogasworld.com\/wp-content\/uploads\/2024\/02\/vge-200x200.jpg 200w, https:\/\/biogasworld.com\/wp-content\/uploads\/2024\/02\/vge-1536x1536.jpg 1536w, https:\/\/biogasworld.com\/wp-content\/uploads\/2024\/02\/vge-2048x2048.jpg 2048w, https:\/\/biogasworld.com\/wp-content\/uploads\/2024\/02\/vge-80x80.jpg 80w\" sizes=\"auto, (max-width: 2500px) 100vw, 2500px\" \/><\/p>\n","protected":false},"excerpt":{"rendered":"La s\u00e9rie VGE est une station de compression et un traitement au gaz naturel mont\u00e9 sur palettes avec vis rotative, moteur \u00e9lectrique et gaz refroidi pour un fonctionnement efficace.","protected":false},"featured_media":43203,"template":"","meta":{"_acf_changed":false,"content-type":""},"product_brand":[],"product_cat":[79,523],"product_tag":[],"class_list":{"0":"post-43204","1":"product","2":"type-product","3":"status-publish","4":"has-post-thumbnail","6":"product_cat-valorisation-du-biogaz","7":"product_cat-compresseurs-biogaz","9":"first","10":"instock","11":"taxable","12":"shipping-taxable","13":"product-type-simple"},"acf":[],"_links":{"self":[{"href":"https:\/\/biogasworld.com\/fr\/wp-json\/wp\/v2\/product\/43204","targetHints":{"allow":["GET"]}}],"collection":[{"href":"https:\/\/biogasworld.com\/fr\/wp-json\/wp\/v2\/product"}],"about":[{"href":"https:\/\/biogasworld.com\/fr\/wp-json\/wp\/v2\/types\/product"}],"wp:featuredmedia":[{"embeddable":true,"href":"https:\/\/biogasworld.com\/fr\/wp-json\/wp\/v2\/media\/43203"}],"wp:attachment":[{"href":"https:\/\/biogasworld.com\/fr\/wp-json\/wp\/v2\/media?parent=43204"}],"wp:term":[{"taxonomy":"product_brand","embeddable":true,"href":"https:\/\/biogasworld.com\/fr\/wp-json\/wp\/v2\/product_brand?post=43204"},{"taxonomy":"product_cat","embeddable":true,"href":"https:\/\/biogasworld.com\/fr\/wp-json\/wp\/v2\/product_cat?post=43204"},{"taxonomy":"product_tag","embeddable":true,"href":"https:\/\/biogasworld.com\/fr\/wp-json\/wp\/v2\/product_tag?post=43204"}],"curies":[{"name":"wp","href":"https:\/\/api.w.org\/{rel}","templated":true}]}}