{"id":43209,"date":"2025-03-24T16:08:23","date_gmt":"2025-03-24T20:08:23","guid":{"rendered":"https:\/\/biogasworld.com\/product\/non%20class\u00e9\/vg-series\/"},"modified":"2025-03-24T16:42:08","modified_gmt":"2025-03-24T20:42:08","slug":"serie-vg","status":"publish","type":"product","link":"https:\/\/biogasworld.com\/fr\/product\/transport-au-gaz-naturel\/gnc\/compresseurs-gnc\/serie-vg\/","title":{"rendered":"S\u00e9rie VG"},"content":{"rendered":"<h2><span style=\"color: #000daa;\">Adicomp &#8211; S\u00e9rie VG<\/span><\/h2>\n<ul>\n<li>Pression d\u2019aspiration\u00a0: 0,4 &lt; 116 psi(g)<\/li>\n<li>Pression de fonctionnement\u00a0: 44 &lt; 363 psi (g)<\/li>\n<li>Gaz lib\u00e9r\u00e9 : 0 &lt; 3738 SCFM<\/li>\n<li>Puissance absorb\u00e9e\u00a0: 3 &lt; 970 ch<\/li>\n<\/ul>\n<p>&nbsp;<\/p>\n<h2><span style=\"color: #000daa;\">Applications principales<\/span><\/h2>\n<p>Bienvenue dans la s\u00e9rie Adicomp VG, o\u00f9 le design de compresseurs \u00e0 gaz rencontre une efficacit\u00e9 de premier ordre. Cette s\u00e9rie de compresseurs \u00e0 gaz est con\u00e7ue pour r\u00e9pondre \u00e0 diverses applications. Con\u00e7u sur un ch\u00e2ssis ou une enceinte facile \u00e0 manipuler compos\u00e9 d\u2019un bloc de vis \u00e0 gaz rotatif inject\u00e9 dans l\u2019huile, directement coupl\u00e9 \u00e0 un moteur \u00e9lectrique par un couplage flexible ou magn\u00e9tique command\u00e9 par un onduleur.<\/p>\n<p>Disponible avec ou sans syst\u00e8me de traitement des gaz, cette s\u00e9rie a \u00e9t\u00e9 con\u00e7ue pour les applications principales suivantes\u00a0:<\/p>\n<ul>\n<li>Alimentation des microturbines ;<\/li>\n<li>Alimentation des turbines ;<\/li>\n<li>Alimentation de la chaudi\u00e8re ;<\/li>\n<li>Injection dans le r\u00e9seau gazier ;<\/li>\n<li>Alimentation du moteur \u00e0 gaz.<\/li>\n<\/ul>\n<p>&nbsp;<\/p>\n<h2><span style=\"color: #000daa;\">Comment \u00e7a fonctionne<\/span><\/h2>\n<p>La fonction du compresseur d\u2019alimentation en gaz est d\u2019\u00e9lever la pression du gaz entrant ainsi que d\u2019am\u00e9liorer la qualit\u00e9 du gaz.<\/p>\n<p>Selon le proc\u00e9d\u00e9 commun d\u2019Adicomp, le gaz sec est aspir\u00e9 par un filtre d\u2019entr\u00e9e et passe ensuite \u00e0 travers une soupape de commande d\u2019aspiration. Pendant le processus de compression du gaz, l\u2019huile est inject\u00e9e \u00e0 l\u2019int\u00e9rieur de la chambre de vis rotative pour effectuer trois fonctions principales\u00a0: lubrification, \u00e9tanch\u00e9it\u00e9 et absorption de chaleur. Le gaz passe par la soupape de non-retour\/pression minimale dans un refroidisseur d\u2019air ou d\u2019eau apr\u00e8s le refroidisseur.<\/p>\n<p>Une soupape de d\u00e9rivation m\u00e9canique est utilis\u00e9e pour faire recirculer le gaz en exc\u00e8s dans l\u2019aspiration afin de r\u00e9duire la capacit\u00e9 de la valeur atteinte \u00e0 la vitesse minimale du moteur \u00e9lectrique, jusqu\u2019\u00e0 0\u00a0%. Parfois, il est n\u00e9cessaire d\u2019installer une soupape de d\u00e9rivation pneumatique ou \u00e9lectrique pour avoir un contr\u00f4le plus pr\u00e9cis. Lorsque le syst\u00e8me s\u2019arr\u00eate, le gaz est d\u00e9pressuris\u00e9 en l\u2019introduisant dans un tampon d\u2019expansion sp\u00e9cifique ou en le purgeant dans l\u2019atmosph\u00e8re. Un syst\u00e8me de contr\u00f4le sophistiqu\u00e9 de la s\u00e9rie Adicomp g\u00e8re la pression de fonctionnement en amont ou en aval de l\u2019unit\u00e9, et ajuste automatiquement la vitesse du compresseur pour moduler la production en fonction de la disponibilit\u00e9 ou de la demande de biogaz.<\/p>\n<p>Les intervalles d\u2019entretien sont prolong\u00e9s \u00e0 8 000 heures de fonctionnement.<\/p>\n<p>&nbsp;<\/p>\n<p><img loading=\"lazy\" decoding=\"async\" class=\"aligncenter wp-image-43191 size-full\" src=\"https:\/\/biogasworld.com\/wp-content\/uploads\/2024\/02\/vg.jpg\" alt=\"\" width=\"2500\" height=\"2498\" srcset=\"https:\/\/biogasworld.com\/wp-content\/uploads\/2024\/02\/vg.jpg 2500w, https:\/\/biogasworld.com\/wp-content\/uploads\/2024\/02\/vg-600x600.jpg 600w, https:\/\/biogasworld.com\/wp-content\/uploads\/2024\/02\/vg-100x100.jpg 100w, https:\/\/biogasworld.com\/wp-content\/uploads\/2024\/02\/vg-250x250.jpg 250w, https:\/\/biogasworld.com\/wp-content\/uploads\/2024\/02\/vg-1025x1024.jpg 1025w, https:\/\/biogasworld.com\/wp-content\/uploads\/2024\/02\/vg-200x200.jpg 200w, https:\/\/biogasworld.com\/wp-content\/uploads\/2024\/02\/vg-1536x1536.jpg 1536w, https:\/\/biogasworld.com\/wp-content\/uploads\/2024\/02\/vg-2048x2046.jpg 2048w, https:\/\/biogasworld.com\/wp-content\/uploads\/2024\/02\/vg-80x80.jpg 80w\" sizes=\"auto, (max-width: 2500px) 100vw, 2500px\" \/><\/p>\n","protected":false},"excerpt":{"rendered":"Les stations de compression et de traitement des gaz secs de la s\u00e9rie VG sont con\u00e7ues sur palettes et sont faciles \u00e0 manier. Ils sont compos\u00e9 d\u2019un bloc de vis \u00e0 gaz rotatif inject\u00e9 d\u2019huile, directement coupl\u00e9 \u00e0 un moteur \u00e9lectrique par un couplage flexible ou magn\u00e9tique command\u00e9 par onduleur.","protected":false},"featured_media":43189,"template":"","meta":{"_acf_changed":false,"content-type":""},"product_brand":[],"product_cat":[80,94,78,100,107],"product_tag":[],"class_list":{"0":"post-43209","1":"product","2":"type-product","3":"status-publish","4":"has-post-thumbnail","6":"product_cat-traitement-des-eaux","7":"product_cat-compresseurs","8":"product_cat-transport-au-gaz-naturel","9":"product_cat-gnc","10":"product_cat-compresseurs-gnc","12":"first","13":"instock","14":"taxable","15":"shipping-taxable","16":"product-type-simple"},"acf":[],"_links":{"self":[{"href":"https:\/\/biogasworld.com\/fr\/wp-json\/wp\/v2\/product\/43209","targetHints":{"allow":["GET"]}}],"collection":[{"href":"https:\/\/biogasworld.com\/fr\/wp-json\/wp\/v2\/product"}],"about":[{"href":"https:\/\/biogasworld.com\/fr\/wp-json\/wp\/v2\/types\/product"}],"wp:featuredmedia":[{"embeddable":true,"href":"https:\/\/biogasworld.com\/fr\/wp-json\/wp\/v2\/media\/43189"}],"wp:attachment":[{"href":"https:\/\/biogasworld.com\/fr\/wp-json\/wp\/v2\/media?parent=43209"}],"wp:term":[{"taxonomy":"product_brand","embeddable":true,"href":"https:\/\/biogasworld.com\/fr\/wp-json\/wp\/v2\/product_brand?post=43209"},{"taxonomy":"product_cat","embeddable":true,"href":"https:\/\/biogasworld.com\/fr\/wp-json\/wp\/v2\/product_cat?post=43209"},{"taxonomy":"product_tag","embeddable":true,"href":"https:\/\/biogasworld.com\/fr\/wp-json\/wp\/v2\/product_tag?post=43209"}],"curies":[{"name":"wp","href":"https:\/\/api.w.org\/{rel}","templated":true}]}}