{"id":43217,"date":"2025-03-24T16:43:16","date_gmt":"2025-03-24T20:43:16","guid":{"rendered":"https:\/\/biogasworld.com\/product\/non%20class\u00e9\/ssg-series\/"},"modified":"2025-03-24T16:53:57","modified_gmt":"2025-03-24T20:53:57","slug":"serie-ssg","status":"publish","type":"product","link":"https:\/\/biogasworld.com\/fr\/product\/valorisation-du-biogaz\/compresseurs-biogaz\/serie-ssg\/","title":{"rendered":"S\u00e9rie SSG"},"content":{"rendered":"<h2><span style=\"color: #000daa;\">Adicomp &#8211; S\u00e9ries SSG<\/span><\/h2>\n<ul>\n<li>Pression d\u2019aspiration\u00a0: 0,3 &lt; 15 psi(g)<\/li>\n<li>Pression de fonctionnement\u00a0: 218 &lt; 355 psi (g)<\/li>\n<li>Gaz lib\u00e9r\u00e9 : 530 &lt; 935 SCFM<\/li>\n<li>Puissance absorb\u00e9e\u00a0: 175 &lt; 340 ch<\/li>\n<\/ul>\n<p>&nbsp;<\/p>\n<h2><span style=\"color: #000daa;\">Applications principales<\/span><\/h2>\n<p>Disponible avec ou sans syst\u00e8me de traitement des gaz int\u00e9gr\u00e9, cette s\u00e9rie SSG est une solution industrielle cl\u00e9 largement utilis\u00e9e dans les applications de r\u00e9frig\u00e9ration, de mise \u00e0 niveau du gaz et d\u2019injection de r\u00e9seau de gaz, de conditionnement, de p\u00e9trochimie, de g\u00e9nie chimique et autres domaines. Son principe de fonctionnement et sa large gamme d\u2019applications offrent des capacit\u00e9s de compression et de traitement importantes, permettant \u00e0 tout processus d\u2019\u00eatre effectu\u00e9 efficacement.<\/p>\n<p>&nbsp;<\/p>\n<h2><span style=\"color: #000daa;\">Comment \u00e7a fonctionne<\/span><\/h2>\n<p>Le gaz humide est aspir\u00e9 \u00e0 travers un filtre d\u2019aspiration qui agit \u00e9galement comme un s\u00e9parateur d\u2019eau avec un syst\u00e8me de drainage automatique du condensat; puis le gaz passe \u00e0 travers une soupape d\u2019aspiration. Tous les composants en contact avec le gaz sont fabriqu\u00e9s en acier inoxydable ou d\u00fbment prot\u00e9g\u00e9s en raison de la pr\u00e9sence de H2S, de CO2 et d\u2019autres contaminants agressifs dans le gaz. Pendant le processus de compression du gaz, l\u2019huile est inject\u00e9e dans la chambre \u00e0 vis rotative \u00e0 deux \u00e9tages pour effectuer trois fonctions principales\u00a0: lubrification, \u00e9tanch\u00e9it\u00e9 et absorption de chaleur, refroidisseur, et il est trait\u00e9 avant de quitter le paquet.<\/p>\n<p>Travaillant dans un circuit ferm\u00e9 avec un r\u00e9cepteur de gaz et d&rsquo;huile, l\u2019huile est pressuris\u00e9e pour s\u2019\u00e9couler \u00e0 travers un refroidisseur d\u2019huile, puis filtr\u00e9e avant d\u2019\u00eatre r\u00e9inject\u00e9e dans la chambre de compression \u00e0 vis. Le gaz passe dans un refroidisseur \u00e0 travers la soupape de pression minimale \/ sans retour et est trait\u00e9 avant de quitter l\u2019emballage. Un syst\u00e8me de contr\u00f4le sophistiqu\u00e9 de la s\u00e9rie Adicomp g\u00e8re la pression de fonctionnement en amont ou en aval de l\u2019unit\u00e9 et ajuste automatiquement la vitesse du compresseur pour moduler la production en fonction de la disponibilit\u00e9 ou de la demande de biogaz.<\/p>\n<p>Dans des conditions ad\u00e9quates, les intervalles d\u2019entretien sont prolong\u00e9s jusqu\u2019\u00e0 8 000 heures de fonctionnement.<\/p>\n<p>&nbsp;<\/p>\n<p><img loading=\"lazy\" decoding=\"async\" class=\"aligncenter wp-image-43213 size-full\" src=\"https:\/\/biogasworld.com\/wp-content\/uploads\/2025\/03\/SSG.jpg\" alt=\"\" width=\"2500\" height=\"2499\" srcset=\"https:\/\/biogasworld.com\/wp-content\/uploads\/2025\/03\/SSG.jpg 2500w, https:\/\/biogasworld.com\/wp-content\/uploads\/2025\/03\/SSG-600x600.jpg 600w, https:\/\/biogasworld.com\/wp-content\/uploads\/2025\/03\/SSG-100x100.jpg 100w, https:\/\/biogasworld.com\/wp-content\/uploads\/2025\/03\/SSG-250x250.jpg 250w, https:\/\/biogasworld.com\/wp-content\/uploads\/2025\/03\/SSG-1024x1024.jpg 1024w, https:\/\/biogasworld.com\/wp-content\/uploads\/2025\/03\/SSG-200x200.jpg 200w, https:\/\/biogasworld.com\/wp-content\/uploads\/2025\/03\/SSG-1536x1536.jpg 1536w, https:\/\/biogasworld.com\/wp-content\/uploads\/2025\/03\/SSG-2048x2048.jpg 2048w, https:\/\/biogasworld.com\/wp-content\/uploads\/2025\/03\/SSG-80x80.jpg 80w\" sizes=\"auto, (max-width: 2500px) 100vw, 2500px\" \/><\/p>\n","protected":false},"excerpt":{"rendered":"Les stations de compression et de traitement des gaz humides ou secs de la s\u00e9rie SSG sont con\u00e7ues dans un syst\u00e8me de d\u00e9rapage facile \u00e0 manipuler compos\u00e9 d\u2019un bloc de vis \u00e0 gaz rotatif \u00e0 deux \u00e9tages inject\u00e9 d\u2019huile, directement coupl\u00e9 \u00e0 un moteur \u00e9lectrique par l\u2019interm\u00e9diaire d\u2019un variateur d\u2019accouplement flexible command\u00e9.","protected":false},"featured_media":43216,"template":"","meta":{"_acf_changed":false,"content-type":""},"product_brand":[],"product_cat":[484,79,523],"product_tag":[],"class_list":{"0":"post-43217","1":"product","2":"type-product","3":"status-publish","4":"has-post-thumbnail","6":"product_cat-uncategorized","7":"product_cat-valorisation-du-biogaz","8":"product_cat-compresseurs-biogaz","10":"first","11":"instock","12":"taxable","13":"shipping-taxable","14":"product-type-simple"},"acf":[],"_links":{"self":[{"href":"https:\/\/biogasworld.com\/fr\/wp-json\/wp\/v2\/product\/43217","targetHints":{"allow":["GET"]}}],"collection":[{"href":"https:\/\/biogasworld.com\/fr\/wp-json\/wp\/v2\/product"}],"about":[{"href":"https:\/\/biogasworld.com\/fr\/wp-json\/wp\/v2\/types\/product"}],"wp:featuredmedia":[{"embeddable":true,"href":"https:\/\/biogasworld.com\/fr\/wp-json\/wp\/v2\/media\/43216"}],"wp:attachment":[{"href":"https:\/\/biogasworld.com\/fr\/wp-json\/wp\/v2\/media?parent=43217"}],"wp:term":[{"taxonomy":"product_brand","embeddable":true,"href":"https:\/\/biogasworld.com\/fr\/wp-json\/wp\/v2\/product_brand?post=43217"},{"taxonomy":"product_cat","embeddable":true,"href":"https:\/\/biogasworld.com\/fr\/wp-json\/wp\/v2\/product_cat?post=43217"},{"taxonomy":"product_tag","embeddable":true,"href":"https:\/\/biogasworld.com\/fr\/wp-json\/wp\/v2\/product_tag?post=43217"}],"curies":[{"name":"wp","href":"https:\/\/api.w.org\/{rel}","templated":true}]}}