{"id":43225,"date":"2025-03-24T16:56:07","date_gmt":"2025-03-24T20:56:07","guid":{"rendered":"https:\/\/biogasworld.com\/product\/non%20class\u00e9\/adi-series\/"},"modified":"2025-03-24T17:07:36","modified_gmt":"2025-03-24T21:07:36","slug":"serie-adi","status":"publish","type":"product","link":"https:\/\/biogasworld.com\/fr\/product\/valorisation-du-biogaz\/compresseurs-biogaz\/serie-adi\/","title":{"rendered":"S\u00e9rie ADI"},"content":{"rendered":"<h2><span style=\"color: #000daa;\">Adicomp &#8211; S\u00e9rie ADI<\/span><\/h2>\n<ul>\n<li>Pression d\u2019aspiration\u00a0: jusqu\u2019\u00e0 233 psi (g)<\/li>\n<li>Pression de fonctionnement\u00a0: jusqu\u2019\u00e0 1450 psi (g)<\/li>\n<li>Gaz lib\u00e9r\u00e9 : jusqu\u2019\u00e0 1059 SCFM<\/li>\n<li>Puissance adsorb\u00e9e\u00a0: 20 &lt; 270 ch<\/li>\n<\/ul>\n<p>&nbsp;<\/p>\n<h2><span style=\"color: #000daa;\">Applications principales<\/span><\/h2>\n<p>Ces stations de compression de gaz sont con\u00e7ues sur palettes ou dans une enclosure facile \u00e0 manipuler compos\u00e9e d\u2019un bloc alternatif simple ou multi-\u00e9tag\u00e9, entra\u00een\u00e9 par courroie ou coupl\u00e9 directement par un moteur \u00e9lectrique command\u00e9 par onduleur.<\/p>\n<p>Disponible avec ou sans syst\u00e8me de traitement des gaz, cette s\u00e9rie a \u00e9t\u00e9 con\u00e7ue pour les applications principales suivantes\u00a0:<\/p>\n<ul>\n<li>Injection dans le r\u00e9seau gazier ;<\/li>\n<li>Rassemblement sur le terrain ;<\/li>\n<li>R\u00e9cup\u00e9ration des vapeurs ;<\/li>\n<li>Liqu\u00e9faction du CO2.<\/li>\n<\/ul>\n<p>&nbsp;<\/p>\n<h2><span style=\"color: #000daa;\">Comment \u00e7a fonctionne<\/span><\/h2>\n<p>Un compresseur \u00e0 gaz alternatif horizontal simple ou double est con\u00e7u avec une, deux ou trois tiges coniques et plusieurs tailles de cylindres en fonte ou forg\u00e9s pour s\u2019adapter \u00e0 diff\u00e9rentes solutions. Il peut s\u2019agir d\u2019une unit\u00e9 simple, double ou \u00e0 trois \u00e9tages install\u00e9e sur une structure en acier ad\u00e9quate.<\/p>\n<p>Principal champ d\u2019application\u00a0:<\/p>\n<ul>\n<li>Soupape d\u2019aspiration ;<\/li>\n<li>Pompe \u00e0 piston simple ou multi-\u00e9tages ;<\/li>\n<li>Refroidisseur interm\u00e9diaire et final refroidi par air ;<\/li>\n<li>Filtre \u00e0 huile de type coalescent ;<\/li>\n<li>Vannes d\u2019arr\u00eat \u00e0 l\u2019aspiration et au refoulement ;<\/li>\n<li>Soupapes de s\u00e9curit\u00e9 \u00e0 chaque \u00e9tape ;<\/li>\n<li>Moteur \u00e9lectrique IG3.<\/li>\n<\/ul>\n<p>Tous les instruments n\u00e9cessaires sont inclus conform\u00e9ment \u00e0 la norme du fabricant. Une soupape de d\u00e9rivation proportionnelle est utilis\u00e9e pour faire recirculer le gaz exc\u00e9dentaire afin de r\u00e9duire le d\u00e9bit \u00e0 partir de la valeur au r\u00e9gime moteur minimal jusqu\u2019\u00e0 0\u00a0%.<\/p>\n<p>&nbsp;<\/p>\n<p><img loading=\"lazy\" decoding=\"async\" class=\"aligncenter wp-image-43223 size-full\" src=\"https:\/\/biogasworld.com\/wp-content\/uploads\/2025\/03\/adi.jpg\" alt=\"\" width=\"2500\" height=\"2499\" srcset=\"https:\/\/biogasworld.com\/wp-content\/uploads\/2025\/03\/adi.jpg 2500w, https:\/\/biogasworld.com\/wp-content\/uploads\/2025\/03\/adi-600x600.jpg 600w, https:\/\/biogasworld.com\/wp-content\/uploads\/2025\/03\/adi-100x100.jpg 100w, https:\/\/biogasworld.com\/wp-content\/uploads\/2025\/03\/adi-250x250.jpg 250w, https:\/\/biogasworld.com\/wp-content\/uploads\/2025\/03\/adi-1024x1024.jpg 1024w, https:\/\/biogasworld.com\/wp-content\/uploads\/2025\/03\/adi-200x200.jpg 200w, https:\/\/biogasworld.com\/wp-content\/uploads\/2025\/03\/adi-1536x1536.jpg 1536w, https:\/\/biogasworld.com\/wp-content\/uploads\/2025\/03\/adi-2048x2048.jpg 2048w, https:\/\/biogasworld.com\/wp-content\/uploads\/2025\/03\/adi-80x80.jpg 80w\" sizes=\"auto, (max-width: 2500px) 100vw, 2500px\" \/><\/p>\n","protected":false},"excerpt":{"rendered":"Les stations de compression de gaz de la s\u00e9rie ADI sont con\u00e7ues sur un ch\u00e2ssis ou une enclosure facile \u00e0 manipuler compos\u00e9 d\u2019un bloc alternatif \u00e0 un ou plusieurs \u00e9tages, entra\u00een\u00e9 par courroie ou accoupl\u00e9 directement par un onduleur \u00e0 moteur \u00e9lectrique.","protected":false},"featured_media":43222,"template":"","meta":{"_acf_changed":false,"content-type":""},"product_brand":[],"product_cat":[484,79,523],"product_tag":[],"class_list":{"0":"post-43225","1":"product","2":"type-product","3":"status-publish","4":"has-post-thumbnail","6":"product_cat-uncategorized","7":"product_cat-valorisation-du-biogaz","8":"product_cat-compresseurs-biogaz","10":"first","11":"instock","12":"taxable","13":"shipping-taxable","14":"product-type-simple"},"acf":[],"_links":{"self":[{"href":"https:\/\/biogasworld.com\/fr\/wp-json\/wp\/v2\/product\/43225","targetHints":{"allow":["GET"]}}],"collection":[{"href":"https:\/\/biogasworld.com\/fr\/wp-json\/wp\/v2\/product"}],"about":[{"href":"https:\/\/biogasworld.com\/fr\/wp-json\/wp\/v2\/types\/product"}],"wp:featuredmedia":[{"embeddable":true,"href":"https:\/\/biogasworld.com\/fr\/wp-json\/wp\/v2\/media\/43222"}],"wp:attachment":[{"href":"https:\/\/biogasworld.com\/fr\/wp-json\/wp\/v2\/media?parent=43225"}],"wp:term":[{"taxonomy":"product_brand","embeddable":true,"href":"https:\/\/biogasworld.com\/fr\/wp-json\/wp\/v2\/product_brand?post=43225"},{"taxonomy":"product_cat","embeddable":true,"href":"https:\/\/biogasworld.com\/fr\/wp-json\/wp\/v2\/product_cat?post=43225"},{"taxonomy":"product_tag","embeddable":true,"href":"https:\/\/biogasworld.com\/fr\/wp-json\/wp\/v2\/product_tag?post=43225"}],"curies":[{"name":"wp","href":"https:\/\/api.w.org\/{rel}","templated":true}]}}