{"id":43233,"date":"2025-03-24T17:09:53","date_gmt":"2025-03-24T21:09:53","guid":{"rendered":"https:\/\/biogasworld.com\/product\/non%20class\u00e9\/hvg-series-2\/"},"modified":"2025-03-24T17:19:08","modified_gmt":"2025-03-24T21:19:08","slug":"serie-cvg","status":"publish","type":"product","link":"https:\/\/biogasworld.com\/fr\/product\/valorisation-du-biogaz\/compresseurs-biogaz\/serie-cvg\/","title":{"rendered":"S\u00e9rie CVG"},"content":{"rendered":"<h2><span style=\"color: #000daa;\">Adicomp &#8211; S\u00e9rie CVG<\/span><\/h2>\n<ul>\n<li>Pression d\u2019aspiration\u00a0: 0 &lt; 15 psi (g)<\/li>\n<li>Pression de fonctionnement\u00a0: 58 &lt; 363 psi (g)<\/li>\n<li>Gaz lib\u00e9r\u00e9 : 0 &lt; 3738 SCFM<\/li>\n<li>Puissance adsorb\u00e9e\u00a0: 3 &lt; 970 ch<\/li>\n<\/ul>\n<p>&nbsp;<\/p>\n<h2><span style=\"color: #000daa;\">Applications principales<\/span><\/h2>\n<p>Les stations de compression et de traitement du CO2 sont con\u00e7ues pour \u00eatre Plug &amp; Play afin de maximiser et faciliter l\u2019installation sur le site du client. Le c\u0153ur de la machine est constitu\u00e9 d\u2019un bloc \u00e0 vis inject\u00e9 dans l\u2019huile, directement accoupl\u00e9 \u00e0 un moteur \u00e9lectrique par un couplage flexible ou magn\u00e9tique et command\u00e9 par un onduleur du panneau HMI.<\/p>\n<p>Disponible avec ou sans syst\u00e8me de traitement des gaz, cette s\u00e9rie a \u00e9t\u00e9 con\u00e7ue pour les applications principales suivantes\u00a0:<\/p>\n<ul>\n<li>Liqu\u00e9faction du CO2 ;<\/li>\n<li>M\u00e9thanisation ;<\/li>\n<li>Application alimentaire ;<\/li>\n<li>Valorisation du biogaz ;<\/li>\n<li>Recyclage du CO2.<\/li>\n<\/ul>\n<p>&nbsp;<\/p>\n<h2><span style=\"color: #000daa;\">Comment \u00e7a fonctionne<\/span><\/h2>\n<p>Les stations de compression et de traitement du CO2 sont con\u00e7ues sur un ch\u00e2ssis ou une enceinte facile \u00e0 manipuler. Il peut s\u2019agir d\u2019une pompe rotative \u00e0 vis inject\u00e9e dans l\u2019huile ou d\u2019une pompe alternative \u00e0 plusieurs \u00e9tages, directement accoupl\u00e9e ou entra\u00een\u00e9e par courroie par un moteur \u00e9lectrique command\u00e9 par onduleur. Tous les composants en contact avec le gaz sont en acier inoxydable ou bien prot\u00e9g\u00e9s, en raison de la pr\u00e9sence de CO2 et aussi d\u2019\u00e9ventuels contaminants agressifs dans le gaz.<\/p>\n<p>Dans l\u2019atmosph\u00e8re terrestre, on trouve une concentration moyenne de 413 ppm\/m3 de dioxyde de carbone. En raison de l\u2019augmentation de la consommation des combustibles fossiles au cours des deux derniers si\u00e8cles, cette concentration n\u2019a cess\u00e9 d\u2019augmenter, aggravant ainsi l\u2019effet de serre.<\/p>\n<p>Le CO2 peut-il \u00eatre int\u00e9gr\u00e9 dans une \u00e9conomie circulaire ? \u00c0 ce jour, les applications du CO2 sont nombreuses\u00a0: il peut \u00eatre stock\u00e9 et\/ou r\u00e9utilis\u00e9 pour d\u2019autres applications telles que l\u2019agriculture, l\u2019alimentation, les industries chimiques, le d\u00e9coupage de mat\u00e9riaux et laser, la combustion et la glace s\u00e8che. Adicomp fournit des compresseurs de haute technologie, pour la recirculation du gaz dans les processus de m\u00e9thanisation, liqu\u00e9faction ou applications alimentaires qui n\u00e9cessitent l\u2019utilisation d\u2019huile de qualit\u00e9 alimentaire. Adicomp fournit un ensemble complet de solutions \u00ab\u00a0plug &amp; play\u00a0\u00bb qui comprime et d\u00e9livre du dioxyde de carbone avec des caract\u00e9ristiques et des qualit\u00e9s qui r\u00e9pondent aux exigences de diverses applications.<\/p>\n<p>&nbsp;<\/p>\n<p><img loading=\"lazy\" decoding=\"async\" class=\"aligncenter wp-image-43228 size-full\" src=\"https:\/\/biogasworld.com\/wp-content\/uploads\/2025\/03\/CVG.jpg\" alt=\"\" width=\"2500\" height=\"2498\" srcset=\"https:\/\/biogasworld.com\/wp-content\/uploads\/2025\/03\/CVG.jpg 2500w, https:\/\/biogasworld.com\/wp-content\/uploads\/2025\/03\/CVG-600x600.jpg 600w, https:\/\/biogasworld.com\/wp-content\/uploads\/2025\/03\/CVG-100x100.jpg 100w, https:\/\/biogasworld.com\/wp-content\/uploads\/2025\/03\/CVG-250x250.jpg 250w, https:\/\/biogasworld.com\/wp-content\/uploads\/2025\/03\/CVG-1025x1024.jpg 1025w, https:\/\/biogasworld.com\/wp-content\/uploads\/2025\/03\/CVG-200x200.jpg 200w, https:\/\/biogasworld.com\/wp-content\/uploads\/2025\/03\/CVG-1536x1536.jpg 1536w, https:\/\/biogasworld.com\/wp-content\/uploads\/2025\/03\/CVG-2048x2046.jpg 2048w, https:\/\/biogasworld.com\/wp-content\/uploads\/2025\/03\/CVG-80x80.jpg 80w\" sizes=\"auto, (max-width: 2500px) 100vw, 2500px\" \/><\/p>\n","protected":false},"excerpt":{"rendered":"Les stations de compression et de traitement du CO2 sont con\u00e7ues pour \u00eatre un Plug &amp; Play afin de maximiser et faciliter l\u2019installation sur le site du client. Le c\u0153ur de la machine est constitu\u00e9 d\u2019un bloc de vis inject\u00e9 \u00e0 l\u2019huile, directement coupl\u00e9 \u00e0 un moteur \u00e9lectrique par un couplage flexible ou magn\u00e9tique et command\u00e9 par un onduleur du panneau HMI.","protected":false},"featured_media":43231,"template":"","meta":{"_acf_changed":false,"content-type":""},"product_brand":[],"product_cat":[484,79,523],"product_tag":[],"class_list":{"0":"post-43233","1":"product","2":"type-product","3":"status-publish","4":"has-post-thumbnail","6":"product_cat-uncategorized","7":"product_cat-valorisation-du-biogaz","8":"product_cat-compresseurs-biogaz","10":"first","11":"instock","12":"taxable","13":"shipping-taxable","14":"product-type-simple"},"acf":[],"_links":{"self":[{"href":"https:\/\/biogasworld.com\/fr\/wp-json\/wp\/v2\/product\/43233","targetHints":{"allow":["GET"]}}],"collection":[{"href":"https:\/\/biogasworld.com\/fr\/wp-json\/wp\/v2\/product"}],"about":[{"href":"https:\/\/biogasworld.com\/fr\/wp-json\/wp\/v2\/types\/product"}],"wp:featuredmedia":[{"embeddable":true,"href":"https:\/\/biogasworld.com\/fr\/wp-json\/wp\/v2\/media\/43231"}],"wp:attachment":[{"href":"https:\/\/biogasworld.com\/fr\/wp-json\/wp\/v2\/media?parent=43233"}],"wp:term":[{"taxonomy":"product_brand","embeddable":true,"href":"https:\/\/biogasworld.com\/fr\/wp-json\/wp\/v2\/product_brand?post=43233"},{"taxonomy":"product_cat","embeddable":true,"href":"https:\/\/biogasworld.com\/fr\/wp-json\/wp\/v2\/product_cat?post=43233"},{"taxonomy":"product_tag","embeddable":true,"href":"https:\/\/biogasworld.com\/fr\/wp-json\/wp\/v2\/product_tag?post=43233"}],"curies":[{"name":"wp","href":"https:\/\/api.w.org\/{rel}","templated":true}]}}