{"id":43276,"date":"2025-04-23T13:33:07","date_gmt":"2025-04-23T17:33:07","guid":{"rendered":"https:\/\/biogasworld.com\/product\/non%20class\u00e9\/resources-recovery\/"},"modified":"2025-04-25T13:36:00","modified_gmt":"2025-04-25T17:36:00","slug":"systeme-recuperation-ammoniac","status":"publish","type":"product","link":"https:\/\/biogasworld.com\/fr\/product\/gestion-du-digestat\/deshydratation-du-digestat\/systeme-recuperation-ammoniac\/","title":{"rendered":"Syst\u00e8me de r\u00e9cup\u00e9ration de l\u2019ammoniac"},"content":{"rendered":"","protected":false},"excerpt":{"rendered":"L\u2019\u00e9quipement de r\u00e9cup\u00e9ration avanc\u00e9 de Bion utilise une technologie brevet\u00e9e pour extraire jusqu\u2019\u00e0 90\u00a0% de l\u2019ammoniac des effluents du digesteur et le transformer en engrais organique certifi\u00e9 OMRI. Ce syst\u00e8me produit de l\u2019eau propre et favorise le captage du carbone en tant que sous-produits b\u00e9n\u00e9fiques gr\u00e2ce \u00e0 un processus con\u00e7u pour une durabilit\u00e9 et une efficacit\u00e9 maximales.\r\n\r\nNos \u00e9quipements modulaires peuvent \u00eatre int\u00e9gr\u00e9s dans les op\u00e9rations existantes ou inclus dans la conception de nouvelles installations comme un ajout de haute valeur. En capturant l\u2019ammoniac \u00e0 la source, notre syst\u00e8me cr\u00e9e un cycle de nutriments circulaire qui favorise \u00e0 la fois la responsabilit\u00e9 environnementale et la rentabilit\u00e9 op\u00e9rationnelle.","protected":false},"featured_media":43280,"template":"","meta":{"_acf_changed":false,"content-type":""},"product_brand":[],"product_cat":[514,515,95],"product_tag":[],"class_list":{"0":"post-43276","1":"product","2":"type-product","3":"status-publish","4":"has-post-thumbnail","6":"product_cat-gestion-du-digestat","7":"product_cat-deshydratation-du-digestat","8":"product_cat-recuperation-des-nutriments","10":"first","11":"instock","12":"taxable","13":"shipping-taxable","14":"product-type-simple"},"acf":[],"_links":{"self":[{"href":"https:\/\/biogasworld.com\/fr\/wp-json\/wp\/v2\/product\/43276","targetHints":{"allow":["GET"]}}],"collection":[{"href":"https:\/\/biogasworld.com\/fr\/wp-json\/wp\/v2\/product"}],"about":[{"href":"https:\/\/biogasworld.com\/fr\/wp-json\/wp\/v2\/types\/product"}],"wp:featuredmedia":[{"embeddable":true,"href":"https:\/\/biogasworld.com\/fr\/wp-json\/wp\/v2\/media\/43280"}],"wp:attachment":[{"href":"https:\/\/biogasworld.com\/fr\/wp-json\/wp\/v2\/media?parent=43276"}],"wp:term":[{"taxonomy":"product_brand","embeddable":true,"href":"https:\/\/biogasworld.com\/fr\/wp-json\/wp\/v2\/product_brand?post=43276"},{"taxonomy":"product_cat","embeddable":true,"href":"https:\/\/biogasworld.com\/fr\/wp-json\/wp\/v2\/product_cat?post=43276"},{"taxonomy":"product_tag","embeddable":true,"href":"https:\/\/biogasworld.com\/fr\/wp-json\/wp\/v2\/product_tag?post=43276"}],"curies":[{"name":"wp","href":"https:\/\/api.w.org\/{rel}","templated":true}]}}