{"id":43305,"date":"2025-05-13T15:49:16","date_gmt":"2025-05-13T19:49:16","guid":{"rendered":"https:\/\/biogasworld.com\/product\/non%20class\u00e9\/limusai\/"},"modified":"2025-05-13T15:51:01","modified_gmt":"2025-05-13T19:51:01","slug":"limusai","status":"publish","type":"product","link":"https:\/\/biogasworld.com\/fr\/product\/biomethanisation\/logiciel-de-simulation\/limusai\/","title":{"rendered":"LimusAI"},"content":{"rendered":"","protected":false},"excerpt":{"rendered":"<span style=\"font-weight: 400;\">Cette interface combine la m\u00e9thode du Random Forest et l\u2019Analyse en Composantes Principales (ACP) pour d\u00e9terminer automatiquement les meilleures combinaisons de param\u00e8tres optimisant la production de biogaz. Elle permet d\u2019identifier les facteurs cl\u00e9s et leurs interactions gr\u00e2ce \u00e0 des algorithmes avanc\u00e9s.<\/span>","protected":false},"featured_media":43304,"template":"","meta":{"_acf_changed":false,"content-type":""},"product_brand":[],"product_cat":[77,141],"product_tag":[],"class_list":{"0":"post-43305","1":"product","2":"type-product","3":"status-publish","4":"has-post-thumbnail","6":"product_cat-biomethanisation","7":"product_cat-logiciel-de-simulation","9":"first","10":"instock","11":"taxable","12":"shipping-taxable","13":"product-type-simple"},"acf":[],"_links":{"self":[{"href":"https:\/\/biogasworld.com\/fr\/wp-json\/wp\/v2\/product\/43305","targetHints":{"allow":["GET"]}}],"collection":[{"href":"https:\/\/biogasworld.com\/fr\/wp-json\/wp\/v2\/product"}],"about":[{"href":"https:\/\/biogasworld.com\/fr\/wp-json\/wp\/v2\/types\/product"}],"wp:featuredmedia":[{"embeddable":true,"href":"https:\/\/biogasworld.com\/fr\/wp-json\/wp\/v2\/media\/43304"}],"wp:attachment":[{"href":"https:\/\/biogasworld.com\/fr\/wp-json\/wp\/v2\/media?parent=43305"}],"wp:term":[{"taxonomy":"product_brand","embeddable":true,"href":"https:\/\/biogasworld.com\/fr\/wp-json\/wp\/v2\/product_brand?post=43305"},{"taxonomy":"product_cat","embeddable":true,"href":"https:\/\/biogasworld.com\/fr\/wp-json\/wp\/v2\/product_cat?post=43305"},{"taxonomy":"product_tag","embeddable":true,"href":"https:\/\/biogasworld.com\/fr\/wp-json\/wp\/v2\/product_tag?post=43305"}],"curies":[{"name":"wp","href":"https:\/\/api.w.org\/{rel}","templated":true}]}}