{"id":43317,"date":"2025-05-13T16:02:12","date_gmt":"2025-05-13T20:02:12","guid":{"rendered":"https:\/\/biogasworld.com\/product\/non%20class\u00e9\/ahlamineone\/"},"modified":"2025-05-13T16:04:01","modified_gmt":"2025-05-13T20:04:01","slug":"ahlamineone","status":"publish","type":"product","link":"https:\/\/biogasworld.com\/fr\/product\/biomethanisation\/logiciel-de-simulation\/ahlamineone\/","title":{"rendered":"AhlamineOne"},"content":{"rendered":"","protected":false},"excerpt":{"rendered":"<span style=\"font-weight: 400;\">D\u00e9verrouillez le potentiel de la mod\u00e9lisation de la digestion ana\u00e9robie avec notre outil de simulation interactif ! Personnalisez les param\u00e8tres cl\u00e9s, s\u00e9lectionnez les fonctions de croissance et visualisez les r\u00e9sultats en temps r\u00e9el. Suivez les substrats, la biomasse et la production de biogaz gr\u00e2ce \u00e0 une interface intuitive PyQt5. Id\u00e9al pour les chercheurs et les ing\u00e9nieurs dans les secteurs des sciences de l&rsquo;environnement, de la gestion des d\u00e9chets et des \u00e9nergies renouvelables. Ajustez facilement les conditions initiales, modifiez les param\u00e8tres du mod\u00e8le et explorez diff\u00e9rentes fonctions de croissance. Simulez et analysez votre syst\u00e8me de digestion ana\u00e9robie d\u00e8s aujourd&rsquo;hui !<\/span>","protected":false},"featured_media":43316,"template":"","meta":{"_acf_changed":false,"content-type":""},"product_brand":[],"product_cat":[77,141],"product_tag":[],"class_list":{"0":"post-43317","1":"product","2":"type-product","3":"status-publish","4":"has-post-thumbnail","6":"product_cat-biomethanisation","7":"product_cat-logiciel-de-simulation","9":"first","10":"instock","11":"taxable","12":"shipping-taxable","13":"product-type-simple"},"acf":[],"_links":{"self":[{"href":"https:\/\/biogasworld.com\/fr\/wp-json\/wp\/v2\/product\/43317","targetHints":{"allow":["GET"]}}],"collection":[{"href":"https:\/\/biogasworld.com\/fr\/wp-json\/wp\/v2\/product"}],"about":[{"href":"https:\/\/biogasworld.com\/fr\/wp-json\/wp\/v2\/types\/product"}],"wp:featuredmedia":[{"embeddable":true,"href":"https:\/\/biogasworld.com\/fr\/wp-json\/wp\/v2\/media\/43316"}],"wp:attachment":[{"href":"https:\/\/biogasworld.com\/fr\/wp-json\/wp\/v2\/media?parent=43317"}],"wp:term":[{"taxonomy":"product_brand","embeddable":true,"href":"https:\/\/biogasworld.com\/fr\/wp-json\/wp\/v2\/product_brand?post=43317"},{"taxonomy":"product_cat","embeddable":true,"href":"https:\/\/biogasworld.com\/fr\/wp-json\/wp\/v2\/product_cat?post=43317"},{"taxonomy":"product_tag","embeddable":true,"href":"https:\/\/biogasworld.com\/fr\/wp-json\/wp\/v2\/product_tag?post=43317"}],"curies":[{"name":"wp","href":"https:\/\/api.w.org\/{rel}","templated":true}]}}