{"id":43321,"date":"2025-05-13T16:06:03","date_gmt":"2025-05-13T20:06:03","guid":{"rendered":"https:\/\/biogasworld.com\/product\/non%20class\u00e9\/adm1gui\/"},"modified":"2025-05-13T16:07:16","modified_gmt":"2025-05-13T20:07:16","slug":"adm1gui","status":"publish","type":"product","link":"https:\/\/biogasworld.com\/fr\/product\/biomethanisation\/logiciel-de-simulation\/adm1gui\/","title":{"rendered":"ADM1GUI"},"content":{"rendered":"","protected":false},"excerpt":{"rendered":"<span style=\"font-weight: 400;\">Pr\u00e9sentation de la plateforme jumeau num\u00e9rique ADM1 \u2013 l\u2019interface nouvelle g\u00e9n\u00e9ration pour le mod\u00e8le de digestion ana\u00e9robie n\u00b01 (ADM1), reconnu comme r\u00e9f\u00e9rence et d\u00e9velopp\u00e9 par le groupe de travail de l\u2019IWA (DOI : 10.2166\/9781780403052).<\/span>\r\n\r\n<span style=\"font-weight: 400;\">Con\u00e7ue pour combler le foss\u00e9 entre la mod\u00e9lisation acad\u00e9mique avanc\u00e9e et les applications industrielles, notre plateforme transforme les simulations complexes du mod\u00e8le ADM1 en informations exploitables via une interface graphique intuitive.<\/span>","protected":false},"featured_media":43320,"template":"","meta":{"_acf_changed":false,"content-type":""},"product_brand":[],"product_cat":[77,141],"product_tag":[],"class_list":{"0":"post-43321","1":"product","2":"type-product","3":"status-publish","4":"has-post-thumbnail","6":"product_cat-biomethanisation","7":"product_cat-logiciel-de-simulation","9":"first","10":"instock","11":"taxable","12":"shipping-taxable","13":"product-type-simple"},"acf":[],"_links":{"self":[{"href":"https:\/\/biogasworld.com\/fr\/wp-json\/wp\/v2\/product\/43321","targetHints":{"allow":["GET"]}}],"collection":[{"href":"https:\/\/biogasworld.com\/fr\/wp-json\/wp\/v2\/product"}],"about":[{"href":"https:\/\/biogasworld.com\/fr\/wp-json\/wp\/v2\/types\/product"}],"wp:featuredmedia":[{"embeddable":true,"href":"https:\/\/biogasworld.com\/fr\/wp-json\/wp\/v2\/media\/43320"}],"wp:attachment":[{"href":"https:\/\/biogasworld.com\/fr\/wp-json\/wp\/v2\/media?parent=43321"}],"wp:term":[{"taxonomy":"product_brand","embeddable":true,"href":"https:\/\/biogasworld.com\/fr\/wp-json\/wp\/v2\/product_brand?post=43321"},{"taxonomy":"product_cat","embeddable":true,"href":"https:\/\/biogasworld.com\/fr\/wp-json\/wp\/v2\/product_cat?post=43321"},{"taxonomy":"product_tag","embeddable":true,"href":"https:\/\/biogasworld.com\/fr\/wp-json\/wp\/v2\/product_tag?post=43321"}],"curies":[{"name":"wp","href":"https:\/\/api.w.org\/{rel}","templated":true}]}}