{"id":43422,"date":"2025-06-03T17:06:44","date_gmt":"2025-06-03T21:06:44","guid":{"rendered":"https:\/\/biogasworld.com\/product\/non%20class\u00e9\/biogas-collection-covers\/"},"modified":"2025-06-03T17:09:16","modified_gmt":"2025-06-03T21:09:16","slug":"biogas-collection-covers","status":"publish","type":"product","link":"https:\/\/biogasworld.com\/fr\/product\/valorisation-du-biogaz\/reservoir-de-biogaz\/biogas-collection-covers\/","title":{"rendered":"B\u00e2ches pour la collecte du biogaz"},"content":{"rendered":"","protected":false},"excerpt":{"rendered":"Plastic Fusion fournit la meilleure installation de sa cat\u00e9gorie pour les b\u00e2ches de collecte de biogaz. Nous sommes un pionnier dans les lagunes de digesteurs ana\u00e9robies, avec plus de 40 ans d\u2019exp\u00e9rience, et nos b\u00e2ches sont con\u00e7ues et construites pour la fonctionnalit\u00e9 \u00e0 long terme. PFF comprend les projets complexes de biogaz et fournit la construction, les r\u00e9parations et l\u2019entretien \u2013 y compris des syst\u00e8mes complets de collecte du biogaz.","protected":false},"featured_media":43421,"template":"","meta":{"_acf_changed":false,"content-type":""},"product_brand":[],"product_cat":[79,127],"product_tag":[],"class_list":{"0":"post-43422","1":"product","2":"type-product","3":"status-publish","4":"has-post-thumbnail","6":"product_cat-valorisation-du-biogaz","7":"product_cat-reservoir-de-biogaz","9":"first","10":"instock","11":"taxable","12":"shipping-taxable","13":"product-type-simple"},"acf":[],"_links":{"self":[{"href":"https:\/\/biogasworld.com\/fr\/wp-json\/wp\/v2\/product\/43422","targetHints":{"allow":["GET"]}}],"collection":[{"href":"https:\/\/biogasworld.com\/fr\/wp-json\/wp\/v2\/product"}],"about":[{"href":"https:\/\/biogasworld.com\/fr\/wp-json\/wp\/v2\/types\/product"}],"wp:featuredmedia":[{"embeddable":true,"href":"https:\/\/biogasworld.com\/fr\/wp-json\/wp\/v2\/media\/43421"}],"wp:attachment":[{"href":"https:\/\/biogasworld.com\/fr\/wp-json\/wp\/v2\/media?parent=43422"}],"wp:term":[{"taxonomy":"product_brand","embeddable":true,"href":"https:\/\/biogasworld.com\/fr\/wp-json\/wp\/v2\/product_brand?post=43422"},{"taxonomy":"product_cat","embeddable":true,"href":"https:\/\/biogasworld.com\/fr\/wp-json\/wp\/v2\/product_cat?post=43422"},{"taxonomy":"product_tag","embeddable":true,"href":"https:\/\/biogasworld.com\/fr\/wp-json\/wp\/v2\/product_tag?post=43422"}],"curies":[{"name":"wp","href":"https:\/\/api.w.org\/{rel}","templated":true}]}}