{"id":43455,"date":"2021-07-19T14:14:04","date_gmt":"2021-07-19T18:14:04","guid":{"rendered":"https:\/\/biogasworld.com\/product\/non%20class\u00e9\/double-membrane-gas-storage\/"},"modified":"2025-07-14T18:04:37","modified_gmt":"2025-07-14T22:04:37","slug":"double-membrane-gas-storage","status":"publish","type":"product","link":"https:\/\/biogasworld.com\/fr\/product\/valorisation-du-biogaz\/reservoir-de-biogaz\/double-membrane-gas-storage\/","title":{"rendered":"Gazom\u00e8tre \u00e0 double membrane"},"content":{"rendered":"","protected":false},"excerpt":{"rendered":"Les gazom\u00e8tres \u00e0 double membrane de Baur sont des solutions \u00e9prouv\u00e9es pour le stockage flexible et s\u00e9curis\u00e9 du biogaz. Le syst\u00e8me se compose de deux membranes : une membrane ext\u00e9rieure de protection contre les intemp\u00e9ries pour la stabilit\u00e9 de forme et une membrane \u00e0 gaz pour r\u00e9guler le volume de gaz. Nous proposons des versions pour les installations au sol mont\u00e9es sur r\u00e9servoir ou autonomes \u2013 rondes ou rectangulaires \u2013 adapt\u00e9es aux besoins des clients. Des mat\u00e9riaux durables, peu d\u2019entretien et une longue dur\u00e9e de vie garantissent un fonctionnement fiable. La conception, la production et l\u2019installation proviennent d\u2019une seule source. Nous fournissons \u00e9galement des membranes de remplacement pour les syst\u00e8mes d\u2019autres fabricants.","protected":false},"featured_media":43454,"template":"","meta":{"_acf_changed":false,"content-type":""},"product_brand":[],"product_cat":[79,127],"product_tag":[],"class_list":{"0":"post-43455","1":"product","2":"type-product","3":"status-publish","4":"has-post-thumbnail","6":"product_cat-valorisation-du-biogaz","7":"product_cat-reservoir-de-biogaz","9":"first","10":"instock","11":"taxable","12":"shipping-taxable","13":"product-type-simple"},"acf":[],"_links":{"self":[{"href":"https:\/\/biogasworld.com\/fr\/wp-json\/wp\/v2\/product\/43455","targetHints":{"allow":["GET"]}}],"collection":[{"href":"https:\/\/biogasworld.com\/fr\/wp-json\/wp\/v2\/product"}],"about":[{"href":"https:\/\/biogasworld.com\/fr\/wp-json\/wp\/v2\/types\/product"}],"wp:featuredmedia":[{"embeddable":true,"href":"https:\/\/biogasworld.com\/fr\/wp-json\/wp\/v2\/media\/43454"}],"wp:attachment":[{"href":"https:\/\/biogasworld.com\/fr\/wp-json\/wp\/v2\/media?parent=43455"}],"wp:term":[{"taxonomy":"product_brand","embeddable":true,"href":"https:\/\/biogasworld.com\/fr\/wp-json\/wp\/v2\/product_brand?post=43455"},{"taxonomy":"product_cat","embeddable":true,"href":"https:\/\/biogasworld.com\/fr\/wp-json\/wp\/v2\/product_cat?post=43455"},{"taxonomy":"product_tag","embeddable":true,"href":"https:\/\/biogasworld.com\/fr\/wp-json\/wp\/v2\/product_tag?post=43455"}],"curies":[{"name":"wp","href":"https:\/\/api.w.org\/{rel}","templated":true}]}}