{"id":43487,"date":"2025-08-21T15:08:21","date_gmt":"2025-08-21T19:08:21","guid":{"rendered":"https:\/\/biogasworld.com\/product\/non%20class\u00e9\/vud-series\/"},"modified":"2025-10-03T12:48:32","modified_gmt":"2025-10-03T16:48:32","slug":"vud-series","status":"publish","type":"product","link":"https:\/\/biogasworld.com\/fr\/product\/valorisation-du-biogaz\/compresseurs-biogaz\/vud-series\/","title":{"rendered":"S\u00e9rie V\u2022UD"},"content":{"rendered":"<h2><span style=\"color: #000daa;\"><strong>Compresseur \u00e0 vis de la s\u00e9rie V\u2022UD<\/strong><\/span><\/h2>\n<p><strong>La conception \u00e9prouv\u00e9e du MYCOM de Mayekawa, la norme \u00e9tablie dans l\u2019industrie<\/strong><\/p>\n<p>Le profil \u00ab\u00a0O\u00a0\u00bb de MYCOM r\u00e9duit la fuite de gaz interlob\u00e9 du rotor et am\u00e9liore le film d\u2019huile d\u2019\u00e9tanch\u00e9it\u00e9 sur la surface du rotor en utilisant un profil en arc circulaire plut\u00f4t que le bord d\u2019\u00e9tanch\u00e9it\u00e9 conventionnel.<\/p>\n<p>Le rapport de volume interne (Vi) peut \u00eatre ajust\u00e9 manuellement de 2,6 \u00e0 5,8 (2,2 \u00e0 5,0 en option) pour fournir la consommation d\u2019\u00e9nergie la plus faible pour toute application donn\u00e9e.<\/p>\n<p>Une vanne \u00e0 tiroir \u00e0 commande hydraulique r\u00e9gule la capacit\u00e9 du compresseur de 10\u00a0% \u00e0 pleine charge avec des performances de charge partielle am\u00e9lior\u00e9es.<\/p>\n<p>Certaines des caract\u00e9ristiques du compresseur \u00e0 vis de la s\u00e9rie V\u2022UD incluent\u00a0:<\/p>\n<ul>\n<li><strong>Gamme\u00a0:<\/strong> Large gamme de mod\u00e8les de 125mm (276 CFM) \u00e0 400mm (8,120 CFM).<\/li>\n<li><strong>Bo\u00eetier\u00a0:<\/strong> Fonte \u00e0 faible porosit\u00e9, ANSI \/ ASHRAE STD.15, test\u00e9 hydrauliquement \u00e0 470 psig apr\u00e8s assemblage.<\/li>\n<li><strong>Roulement\u00a0:<\/strong> Les roulements radiaux sont du type \u00e0 manchon \u00e0 t\u00eate en acier. Les but\u00e9es sont des roulements \u00e0 billes \u00e0 contact oblique avec un piston d\u2019\u00e9quilibrage surdimensionn\u00e9.<\/li>\n<\/ul>\n<p>&nbsp;<\/p>\n<h2><span style=\"color: #000daa;\"><strong>Gamme de grande capacit\u00e9<\/strong><\/span><\/h2>\n<p>Une gamme de compresseurs haute capacit\u00e9 avec un d\u00e9placement de 116-9182 CFM, qui n\u2019est pas disponible dans la s\u00e9rie SCV.<\/p>\n<p>&nbsp;<\/p>\n<h2><span style=\"color: #000daa;\"><strong>Plage de pression de fonctionnement<\/strong><\/span><\/h2>\n<p><img loading=\"lazy\" decoding=\"async\" width=\"1087\" height=\"697\" class=\"aligncenter size-full wp-image-43504\" src=\"https:\/\/biogasworld.com\/wp-content\/uploads\/2025\/08\/Capture-decran-2025-08-21-153538.png\" alt=\"\" srcset=\"https:\/\/biogasworld.com\/wp-content\/uploads\/2025\/08\/Capture-decran-2025-08-21-153538.png 1087w, https:\/\/biogasworld.com\/wp-content\/uploads\/2025\/08\/Capture-decran-2025-08-21-153538-250x160.png 250w\" sizes=\"auto, (max-width: 1087px) 100vw, 1087px\" \/><\/p>\n<p>&nbsp;<\/p>\n<h2><span style=\"color: #000daa;\"><strong>API619<\/strong><\/span><\/h2>\n<p>Bo\u00eetier en acier moul\u00e9 avec des rotors en fer ductile (mod\u00e8les 125 \u00e0 400LUD) est la norme. Des rotors en acier forg\u00e9, un palier de but\u00e9e \u00e0 patin inclinable et d\u2019autres options conformes \u00e0 la norme API619 sont disponibles.<\/p>\n<p>&nbsp;<\/p>\n<p><img loading=\"lazy\" decoding=\"async\" width=\"867\" height=\"741\" class=\"aligncenter size-full wp-image-43496\" src=\"https:\/\/biogasworld.com\/wp-content\/uploads\/2025\/08\/Capture-decran-2025-08-21-152909.png\" alt=\"\" srcset=\"https:\/\/biogasworld.com\/wp-content\/uploads\/2025\/08\/Capture-decran-2025-08-21-152909.png 867w, https:\/\/biogasworld.com\/wp-content\/uploads\/2025\/08\/Capture-decran-2025-08-21-152909-250x214.png 250w\" sizes=\"auto, (max-width: 867px) 100vw, 867px\" \/><\/p>\n<p>&nbsp;<\/p>\n","protected":false},"excerpt":{"rendered":"Le compresseur \u00e0 vis de la s\u00e9rie V\u2022UD de Mayekawa est un compresseur \u00e0 vis \u00e0 un \u00e9tage de type ouvert avec une vanne \u00e0 tiroir hydraulique.","protected":false},"featured_media":43499,"template":"","meta":{"_acf_changed":false,"content-type":""},"product_brand":[],"product_cat":[79,523],"product_tag":[],"class_list":{"0":"post-43487","1":"product","2":"type-product","3":"status-publish","4":"has-post-thumbnail","6":"product_cat-valorisation-du-biogaz","7":"product_cat-compresseurs-biogaz","9":"first","10":"instock","11":"taxable","12":"shipping-taxable","13":"product-type-simple"},"acf":[],"_links":{"self":[{"href":"https:\/\/biogasworld.com\/fr\/wp-json\/wp\/v2\/product\/43487","targetHints":{"allow":["GET"]}}],"collection":[{"href":"https:\/\/biogasworld.com\/fr\/wp-json\/wp\/v2\/product"}],"about":[{"href":"https:\/\/biogasworld.com\/fr\/wp-json\/wp\/v2\/types\/product"}],"wp:featuredmedia":[{"embeddable":true,"href":"https:\/\/biogasworld.com\/fr\/wp-json\/wp\/v2\/media\/43499"}],"wp:attachment":[{"href":"https:\/\/biogasworld.com\/fr\/wp-json\/wp\/v2\/media?parent=43487"}],"wp:term":[{"taxonomy":"product_brand","embeddable":true,"href":"https:\/\/biogasworld.com\/fr\/wp-json\/wp\/v2\/product_brand?post=43487"},{"taxonomy":"product_cat","embeddable":true,"href":"https:\/\/biogasworld.com\/fr\/wp-json\/wp\/v2\/product_cat?post=43487"},{"taxonomy":"product_tag","embeddable":true,"href":"https:\/\/biogasworld.com\/fr\/wp-json\/wp\/v2\/product_tag?post=43487"}],"curies":[{"name":"wp","href":"https:\/\/api.w.org\/{rel}","templated":true}]}}