{"id":43508,"date":"2025-08-21T15:39:47","date_gmt":"2025-08-21T19:39:47","guid":{"rendered":"https:\/\/biogasworld.com\/product\/non%20class\u00e9\/scv-series\/"},"modified":"2025-10-03T12:48:51","modified_gmt":"2025-10-03T16:48:51","slug":"scv-series","status":"publish","type":"product","link":"https:\/\/biogasworld.com\/fr\/product\/valorisation-du-biogaz\/compresseurs-biogaz\/scv-series\/","title":{"rendered":"S\u00e9rie SCV"},"content":{"rendered":"<h2><span style=\"color: #000daa;\"><strong>Compresseur \u00e0 vis de la s\u00e9rie SCV<\/strong><\/span><\/h2>\n<p><strong>M\u00e9canisme variable de Vi pour couvrir efficacement une large plage de temp\u00e9ratures.<\/strong><\/p>\n<p>Mod\u00e8les \u00e0 large gamme avec bo\u00eetier en fonte standard. La variable Vi permet \u00e0 une machine de couvrir diff\u00e9rentes conditions de pression<\/p>\n<p>&nbsp;<\/p>\n<h2><span style=\"color: #000daa;\"><strong>Offre une large gamme de capacit\u00e9s<\/strong><\/span><\/h2>\n<p>Disponible en 13 mod\u00e8les, la s\u00e9rie SCV de Mayekawa couvre une large plage de d\u00e9placement allant de 244 CFM \u00e0 3355 CFM.<\/p>\n<p>&nbsp;<\/p>\n<h2><span style=\"color: #000daa;\"><strong>Plage de pression de fonctionnement<\/strong><\/span><\/h2>\n<p><img loading=\"lazy\" decoding=\"async\" width=\"1089\" height=\"682\" class=\"aligncenter size-full wp-image-43506\" src=\"https:\/\/biogasworld.com\/wp-content\/uploads\/2025\/08\/Capture-decran-2025-08-21-152802.png\" alt=\"\" srcset=\"https:\/\/biogasworld.com\/wp-content\/uploads\/2025\/08\/Capture-decran-2025-08-21-152802.png 1089w, https:\/\/biogasworld.com\/wp-content\/uploads\/2025\/08\/Capture-decran-2025-08-21-152802-250x157.png 250w\" sizes=\"auto, (max-width: 1089px) 100vw, 1089px\" \/><\/p>\n<p>&nbsp;<\/p>\n<h2><span style=\"color: #000daa;\"><strong>Vendeur de longue date<\/strong><\/span><\/h2>\n<p>Avec une configuration de rotor 4:6 \u00e9prouv\u00e9e, la s\u00e9rie SCV offre des performances optimales aux clients.<\/p>\n<p>&nbsp;<\/p>\n<p><img loading=\"lazy\" decoding=\"async\" width=\"764\" height=\"616\" class=\"aligncenter size-full wp-image-43502\" src=\"https:\/\/biogasworld.com\/wp-content\/uploads\/2025\/08\/Capture-decran-2025-08-21-152717.png\" alt=\"\" srcset=\"https:\/\/biogasworld.com\/wp-content\/uploads\/2025\/08\/Capture-decran-2025-08-21-152717.png 764w, https:\/\/biogasworld.com\/wp-content\/uploads\/2025\/08\/Capture-decran-2025-08-21-152717-250x202.png 250w\" sizes=\"auto, (max-width: 764px) 100vw, 764px\" \/><\/p>\n","protected":false},"excerpt":{"rendered":"La s\u00e9rie SCV de Mayekawa est disponible en 13 mod\u00e8les, couvrant une large plage de cylindr\u00e9es tout en offrant des performances optimales aux clients.","protected":false},"featured_media":43501,"template":"","meta":{"_acf_changed":false,"content-type":""},"product_brand":[],"product_cat":[79,523],"product_tag":[],"class_list":{"0":"post-43508","1":"product","2":"type-product","3":"status-publish","4":"has-post-thumbnail","6":"product_cat-valorisation-du-biogaz","7":"product_cat-compresseurs-biogaz","9":"first","10":"instock","11":"taxable","12":"shipping-taxable","13":"product-type-simple"},"acf":[],"_links":{"self":[{"href":"https:\/\/biogasworld.com\/fr\/wp-json\/wp\/v2\/product\/43508","targetHints":{"allow":["GET"]}}],"collection":[{"href":"https:\/\/biogasworld.com\/fr\/wp-json\/wp\/v2\/product"}],"about":[{"href":"https:\/\/biogasworld.com\/fr\/wp-json\/wp\/v2\/types\/product"}],"wp:featuredmedia":[{"embeddable":true,"href":"https:\/\/biogasworld.com\/fr\/wp-json\/wp\/v2\/media\/43501"}],"wp:attachment":[{"href":"https:\/\/biogasworld.com\/fr\/wp-json\/wp\/v2\/media?parent=43508"}],"wp:term":[{"taxonomy":"product_brand","embeddable":true,"href":"https:\/\/biogasworld.com\/fr\/wp-json\/wp\/v2\/product_brand?post=43508"},{"taxonomy":"product_cat","embeddable":true,"href":"https:\/\/biogasworld.com\/fr\/wp-json\/wp\/v2\/product_cat?post=43508"},{"taxonomy":"product_tag","embeddable":true,"href":"https:\/\/biogasworld.com\/fr\/wp-json\/wp\/v2\/product_tag?post=43508"}],"curies":[{"name":"wp","href":"https:\/\/api.w.org\/{rel}","templated":true}]}}