{"id":43517,"date":"2025-08-21T15:56:09","date_gmt":"2025-08-21T19:56:09","guid":{"rendered":"https:\/\/biogasworld.com\/product\/non%20class\u00e9\/gh-series\/"},"modified":"2025-10-03T12:49:12","modified_gmt":"2025-10-03T16:49:12","slug":"gh-series","status":"publish","type":"product","link":"https:\/\/biogasworld.com\/fr\/product\/valorisation-du-biogaz\/compresseurs-biogaz\/gh-series\/","title":{"rendered":"S\u00e9rie GH"},"content":{"rendered":"<h2><span style=\"color: #000daa;\"><strong>Compresseur \u00e0 vis de la s\u00e9rie GH<\/strong><\/span><\/h2>\n<p><strong>Mod\u00e8les \u00e0 haute pression qui r\u00e9pondent aux exigences API619.<\/strong><\/p>\n<p>La pression de conception (MAWP) de Mayekawa est de 870 PSI, et la configuration nouvellement d\u00e9velopp\u00e9e des lobes du rotor 5:7 donne une rigidit\u00e9 \u00e9lev\u00e9e et un rendement \u00e9lev\u00e9 pour les conditions d\u2019exploitation rigoureuses.<\/p>\n<p>&nbsp;<\/p>\n<h2><span style=\"color: #000daa;\"><strong>Plage de pression de fonctionnement<\/strong><\/span><\/h2>\n<p><img loading=\"lazy\" decoding=\"async\" width=\"1063\" height=\"712\" class=\"aligncenter size-full wp-image-43513\" src=\"https:\/\/biogasworld.com\/wp-content\/uploads\/2025\/08\/Capture-decran-2025-08-21-154817.png\" alt=\"\" srcset=\"https:\/\/biogasworld.com\/wp-content\/uploads\/2025\/08\/Capture-decran-2025-08-21-154817.png 1063w, https:\/\/biogasworld.com\/wp-content\/uploads\/2025\/08\/Capture-decran-2025-08-21-154817-250x167.png 250w\" sizes=\"auto, (max-width: 1063px) 100vw, 1063px\" \/><\/p>\n<p>&nbsp;<\/p>\n<h2><span style=\"color: #000daa;\"><strong>Standard API619<\/strong><\/span><\/h2>\n<p>Les bo\u00eetiers en acier moul\u00e9, les rotors en acier forg\u00e9, les paliers de but\u00e9e \u00e0 patin inclinable sont des caract\u00e9ristiques standard des mod\u00e8les de la s\u00e9rie GH. D\u2019autres mat\u00e9riaux sont facultatifs.<\/p>\n<p>&nbsp;<\/p>\n<p><img loading=\"lazy\" decoding=\"async\" width=\"945\" height=\"789\" class=\"aligncenter size-full wp-image-43515\" src=\"https:\/\/biogasworld.com\/wp-content\/uploads\/2025\/08\/Capture-decran-2025-08-21-154800.png\" alt=\"\" srcset=\"https:\/\/biogasworld.com\/wp-content\/uploads\/2025\/08\/Capture-decran-2025-08-21-154800.png 945w, https:\/\/biogasworld.com\/wp-content\/uploads\/2025\/08\/Capture-decran-2025-08-21-154800-250x209.png 250w\" sizes=\"auto, (max-width: 945px) 100vw, 945px\" \/><\/p>\n","protected":false},"excerpt":{"rendered":"Avec son lobe de rotor 5:7 nouvellement d\u00e9velopp\u00e9, la s\u00e9rie GH de Mayekawa offre une rigidit\u00e9 et une efficacit\u00e9 \u00e9lev\u00e9es pour des op\u00e9rations rigoureuses lors des projets de biogaz les plus difficiles.","protected":false},"featured_media":43512,"template":"","meta":{"_acf_changed":false,"content-type":""},"product_brand":[],"product_cat":[79,523],"product_tag":[],"class_list":{"0":"post-43517","1":"product","2":"type-product","3":"status-publish","4":"has-post-thumbnail","6":"product_cat-valorisation-du-biogaz","7":"product_cat-compresseurs-biogaz","9":"first","10":"instock","11":"taxable","12":"shipping-taxable","13":"product-type-simple"},"acf":[],"_links":{"self":[{"href":"https:\/\/biogasworld.com\/fr\/wp-json\/wp\/v2\/product\/43517","targetHints":{"allow":["GET"]}}],"collection":[{"href":"https:\/\/biogasworld.com\/fr\/wp-json\/wp\/v2\/product"}],"about":[{"href":"https:\/\/biogasworld.com\/fr\/wp-json\/wp\/v2\/types\/product"}],"wp:featuredmedia":[{"embeddable":true,"href":"https:\/\/biogasworld.com\/fr\/wp-json\/wp\/v2\/media\/43512"}],"wp:attachment":[{"href":"https:\/\/biogasworld.com\/fr\/wp-json\/wp\/v2\/media?parent=43517"}],"wp:term":[{"taxonomy":"product_brand","embeddable":true,"href":"https:\/\/biogasworld.com\/fr\/wp-json\/wp\/v2\/product_brand?post=43517"},{"taxonomy":"product_cat","embeddable":true,"href":"https:\/\/biogasworld.com\/fr\/wp-json\/wp\/v2\/product_cat?post=43517"},{"taxonomy":"product_tag","embeddable":true,"href":"https:\/\/biogasworld.com\/fr\/wp-json\/wp\/v2\/product_tag?post=43517"}],"curies":[{"name":"wp","href":"https:\/\/api.w.org\/{rel}","templated":true}]}}