{"id":43541,"date":"2025-08-21T16:37:56","date_gmt":"2025-08-21T20:37:56","guid":{"rendered":"https:\/\/biogasworld.com\/product\/non%20class\u00e9\/c-series\/"},"modified":"2025-10-03T12:49:49","modified_gmt":"2025-10-03T16:49:49","slug":"c-series","status":"publish","type":"product","link":"https:\/\/biogasworld.com\/fr\/product\/valorisation-du-biogaz\/compresseurs-biogaz\/c-series\/","title":{"rendered":"S\u00e9rie C"},"content":{"rendered":"<h2><span style=\"color: #000daa;\"><strong>Compresseur \u00e0 vis de la s\u00e9rie C<\/strong><\/span><\/h2>\n<p><strong>Compression efficace \u00e0 deux \u00e9tages effectu\u00e9e dans un seul compresseur pour un taux de compression \u00e9lev\u00e9,<\/strong><\/p>\n<p>Le compresseur MYCOM C-Series de Mayekawa offre aux utilisateurs l\u2019avantage \u00e9nerg\u00e9tique d\u2019un syst\u00e8me \u00e0 deux \u00e9tages dans un seul ensemble int\u00e9gr\u00e9. L\u2019avantage inh\u00e9rent \u00e0 la conception de l\u2019ensemble C-Series permet une r\u00e9duction du co\u00fbt total de possession.<\/p>\n<p>Les syst\u00e8mes de r\u00e9frig\u00e9ration traditionnels \u00e0 deux \u00e9tages n\u00e9cessitent deux compresseurs, des moteurs et des s\u00e9parateurs d\u2019huile. Ils n\u00e9cessitent \u00e9galement des \u00e9quipements auxiliaires comme un refroidisseur interm\u00e9diaire et toutes les tuyauteries et vannes d\u2019interconnexion n\u00e9cessaires pour se connecter \u00e0 tous les composants. Le compresseur MYCOM C-Series n\u2019utilise qu\u2019un seul espace suppl\u00e9mentaire.<\/p>\n<p><strong>Les points forts du produit incluent :<\/strong><\/p>\n<ul>\n<li>Compression \u00e0 basse temp\u00e9rature jusqu\u2019\u00e0 -76\u00b0F (-62\u00b0C) dans un seul forfait.<\/li>\n<li>203-8, 120 CFM compresseur volume balay\u00e9.<\/li>\n<li>~Plage de capacit\u00e9 18-875 TR (\u00e0 -40\/95 \u00b0F).<\/li>\n<li>Tailles de moteur 30-3000 HP.<\/li>\n<li>Plus de 50 combinaisons de mod\u00e8les possibles pour r\u00e9pondre \u00e0 tous les besoins.<\/li>\n<\/ul>\n<p>&nbsp;<\/p>\n<h2><span style=\"color: #000daa;\"><strong>Concept du design<\/strong><\/span><\/h2>\n<p>La s\u00e9rie C int\u00e8gre un syst\u00e8me de r\u00e9frig\u00e9ration \u00e0 deux \u00e9tages dans un seul ensemble compact. Un bo\u00eetier de compresseur unique et un ensemble int\u00e9gr\u00e9 r\u00e9duisent le co\u00fbt initial, le co\u00fbt d\u2019installation et le co\u00fbt de maintenance pour un ensemble \u00e9conomique et \u00e9conome en \u00e9nergie.<\/p>\n<p>Les compresseurs de la s\u00e9rie C sont adapt\u00e9s aux applications \u00e0 basse temp\u00e9rature o\u00f9 les \u00e9conomies d\u2019\u00e9nergie sont importantes et l\u2019espace est pr\u00e9cieux. Le compresseur de la s\u00e9rie C est adapt\u00e9 aux applications d\u2019ammoniac et de fr\u00e9on.<\/p>\n<p>&nbsp;<\/p>\n<h2><span style=\"color: #000daa;\"><strong>MYRPO TOUCH+<\/strong><\/span><\/h2>\n<p>Le panneau de commande MYPRO TOUCH+ nouvelle g\u00e9n\u00e9ration est con\u00e7u pour optimiser les performances de votre pack de compresseurs MYCOM.<\/p>\n<p>La nouvelle interface \u00e0 \u00e9cran tactile dispose d\u2019un contr\u00f4le r\u00e9vis\u00e9 con\u00e7u pour minimiser la courbe d\u2019apprentissage d\u2019un nouveau panneau de commande.<\/p>\n<p><strong>Caract\u00e9ristiques standards :<\/strong><\/p>\n<p>\u2022 Connexion USB.<br \/>\n\u2022 Connectivit\u00e9 Ethernet.<br \/>\n\u2022 Protocole Modbus RTU avec des capacit\u00e9s de contr\u00f4le \u00e0 distance standard.<br \/>\n\u2022 Protection par mot de passe.<br \/>\n\u2022 Stockage de carte SD disponible.<br \/>\n\u2022 Contr\u00f4le du syst\u00e8me extensible.<br \/>\n\u2022 Protocole Ethernet pour les processeurs ABCompactLogix et MicroLogix (par d\u00e9faut).<\/p>\n<p><strong>Caract\u00e9ristiques optionnelles :<\/strong><\/p>\n<p>\u2022 Moniteur des points de consigne du statut principal disponible sur n\u2019importe quel \u00e9cran du contr\u00f4leur.<br \/>\n\u2022 Type de commutateur d\u2019E\/S SSR.<br \/>\n\u2022 Tendances en temps r\u00e9el et historiques.<br \/>\n\u2022 ID programmable pour les entr\u00e9es analogiques optionnelles.<br \/>\n\u2022 Menu de calibration.<br \/>\n\u2022 Classe I, option Div.2 disponible.<br \/>\n\u2022 Acc\u00e8s aux points de consigne du menu rapide.<\/p>\n<p><img loading=\"lazy\" decoding=\"async\" width=\"973\" height=\"682\" class=\"aligncenter size-full wp-image-43533\" src=\"https:\/\/biogasworld.com\/wp-content\/uploads\/2025\/08\/C-series.jpeg\" alt=\"\" srcset=\"https:\/\/biogasworld.com\/wp-content\/uploads\/2025\/08\/C-series.jpeg 973w, https:\/\/biogasworld.com\/wp-content\/uploads\/2025\/08\/C-series-250x175.jpeg 250w\" sizes=\"auto, (max-width: 973px) 100vw, 973px\" \/><\/p>\n<h2><span style=\"color: #000daa;\"><strong>Gamme \u00e9tendue de mod\u00e8les disponibles<\/strong><\/span><\/h2>\n<p>Une large gamme de mod\u00e8les avec une vari\u00e9t\u00e9 de combinaisons de rotors d\u2019\u00e9tage sup\u00e9rieur et d\u2019\u00e9tage d\u2019appoint est disponible pour couvrir le volume balay\u00e9 de 216 CFM \u00e0 9182 CFM.<\/p>\n<p>&nbsp;<\/p>\n<h2><span style=\"color: #000daa;\"><strong>Plage de pression de fonctionnement<\/strong><\/span><\/h2>\n<p><img loading=\"lazy\" decoding=\"async\" width=\"1054\" height=\"717\" class=\"aligncenter size-full wp-image-43537\" src=\"https:\/\/biogasworld.com\/wp-content\/uploads\/2025\/08\/Capture-decran-2025-08-21-162856.png\" alt=\"\" srcset=\"https:\/\/biogasworld.com\/wp-content\/uploads\/2025\/08\/Capture-decran-2025-08-21-162856.png 1054w, https:\/\/biogasworld.com\/wp-content\/uploads\/2025\/08\/Capture-decran-2025-08-21-162856-250x170.png 250w\" sizes=\"auto, (max-width: 1054px) 100vw, 1054px\" \/><\/p>\n<p>&nbsp;<\/p>\n<h2><span style=\"color: #000daa;\"><strong>Facilite la conception de syst\u00e8mes int\u00e9gr\u00e9s<\/strong><\/span><\/h2>\n<p>Des bo\u00eetiers en acier moul\u00e9, des rotors en acier forg\u00e9, des paliers de but\u00e9e \u00e0 patin inclinable et d\u2019autres options conformes \u00e0 la norme API619 sont disponibles.<\/p>\n<p>&nbsp;<\/p>\n<p><img loading=\"lazy\" decoding=\"async\" width=\"973\" height=\"746\" class=\"aligncenter size-full wp-image-43539\" src=\"https:\/\/biogasworld.com\/wp-content\/uploads\/2025\/08\/Capture-decran-2025-08-21-162837.png\" alt=\"\" srcset=\"https:\/\/biogasworld.com\/wp-content\/uploads\/2025\/08\/Capture-decran-2025-08-21-162837.png 973w, https:\/\/biogasworld.com\/wp-content\/uploads\/2025\/08\/Capture-decran-2025-08-21-162837-250x192.png 250w\" sizes=\"auto, (max-width: 973px) 100vw, 973px\" \/><\/p>\n","protected":false},"excerpt":{"rendered":"Le C-Series de Mayekawa est un compresseur \u00e0 vis \u00e0 deux \u00e9tages compos\u00e9 dans un seul bo\u00eetier pour un syst\u00e8me \u00e0 un seul pilote et lubrifiant afin de r\u00e9duire l\u2019espace requis et les co\u00fbts.","protected":false},"featured_media":43536,"template":"","meta":{"_acf_changed":false,"content-type":""},"product_brand":[],"product_cat":[484,79,523],"product_tag":[],"class_list":{"0":"post-43541","1":"product","2":"type-product","3":"status-publish","4":"has-post-thumbnail","6":"product_cat-uncategorized","7":"product_cat-valorisation-du-biogaz","8":"product_cat-compresseurs-biogaz","10":"first","11":"instock","12":"taxable","13":"shipping-taxable","14":"product-type-simple"},"acf":[],"_links":{"self":[{"href":"https:\/\/biogasworld.com\/fr\/wp-json\/wp\/v2\/product\/43541","targetHints":{"allow":["GET"]}}],"collection":[{"href":"https:\/\/biogasworld.com\/fr\/wp-json\/wp\/v2\/product"}],"about":[{"href":"https:\/\/biogasworld.com\/fr\/wp-json\/wp\/v2\/types\/product"}],"wp:featuredmedia":[{"embeddable":true,"href":"https:\/\/biogasworld.com\/fr\/wp-json\/wp\/v2\/media\/43536"}],"wp:attachment":[{"href":"https:\/\/biogasworld.com\/fr\/wp-json\/wp\/v2\/media?parent=43541"}],"wp:term":[{"taxonomy":"product_brand","embeddable":true,"href":"https:\/\/biogasworld.com\/fr\/wp-json\/wp\/v2\/product_brand?post=43541"},{"taxonomy":"product_cat","embeddable":true,"href":"https:\/\/biogasworld.com\/fr\/wp-json\/wp\/v2\/product_cat?post=43541"},{"taxonomy":"product_tag","embeddable":true,"href":"https:\/\/biogasworld.com\/fr\/wp-json\/wp\/v2\/product_tag?post=43541"}],"curies":[{"name":"wp","href":"https:\/\/api.w.org\/{rel}","templated":true}]}}