{"id":43557,"date":"2025-08-26T13:06:09","date_gmt":"2025-08-26T17:06:09","guid":{"rendered":"https:\/\/biogasworld.com\/product\/non%20class\u00e9\/high-performance-digester\/"},"modified":"2025-08-26T13:18:57","modified_gmt":"2025-08-26T17:18:57","slug":"high-performance-digester","status":"publish","type":"product","link":"https:\/\/biogasworld.com\/fr\/product\/biomethanisation\/digestion-seche\/high-performance-digester\/","title":{"rendered":"Digesteur haute performance"},"content":{"rendered":"<h2><span style=\"color: #000daa;\">Fournier HPD<\/span><\/h2>\n<p><strong>Fournier est le licenci\u00e9 exclusif pour l\u2019Am\u00e9rique du Nord du proc\u00e9d\u00e9 et de la technologie de digestion ana\u00e9robique haute performance.<\/strong><\/p>\n<p>Fournier combine des d\u00e9cennies d\u2019expertise en traitement de l\u2019eau et en construction de r\u00e9servoirs avec une technologie europ\u00e9enne de digestion ana\u00e9robique (DA) avanc\u00e9e \u00e0 haut rendement qui fait ses preuves depuis plus de 20 ans. Nous procurons aux entreprises nord-am\u00e9ricaines la solution de DA la plus efficace et performante sur le march\u00e9.<\/p>\n<p><strong>Produisez plus de biogaz, plus rapidement : 4X plus de gaz produit, avec 3X le taux de charge organique.<\/strong><\/p>\n<p>&nbsp;<\/p>\n<h2><span style=\"color: #000daa;\">Un digesteur haute performance<\/span><\/h2>\n<p><strong>La r\u00e9f\u00e9rence en mati\u00e8re de technologie flux piston (\u00ab plug-flow \u00bb) pour la production de biogaz.<\/strong><\/p>\n<p>Cet \u00e9quipement de <strong>Fournier<\/strong> est un digesteur ana\u00e9robique qui d\u00e9compose les mati\u00e8res organiques en l\u2019absence d\u2019oxyg\u00e8ne. Ce processus est r\u00e9alis\u00e9 par des micro-organismes qui d\u00e9gradent la mati\u00e8re et produisent du biogaz. Ce dernier peut \u00eatre utilis\u00e9 comme source d\u2019\u00e9nergie renouvelable pour g\u00e9n\u00e9rer de l\u2019\u00e9lectricit\u00e9, de la chaleur du carburant. Le digestat restant peut servir d\u2019engrais riche en nutriments.<\/p>\n<p>&nbsp;<\/p>\n<h2><span style=\"color: #000daa;\">Caract\u00e9ristiques cl\u00e9s<\/span><\/h2>\n<ul>\n<li><strong>4x plus que la technologie CSTR :<\/strong> Rendement \u00e9lev\u00e9 en biogaz \u2013 Meilleure efficacit\u00e9 de digestion.<\/li>\n<li><strong>3x plus rapide que la technologie CSTR :<\/strong> Gagnez du temps \u2013 et de l\u2019argent.<\/li>\n<li><strong>2x moins d\u2019empreinte que la technologie CSTR :<\/strong> Conception verticale au rapport 2:5 R\u00e9duisez votre empreinte \u00e9nerg\u00e9tique.<\/li>\n<\/ul>\n<p>&nbsp;<\/p>\n<h2><span style=\"color: #000daa;\">Autres avantages<\/span><\/h2>\n<ul>\n<li><strong>Aucune pi\u00e8ce mobile, aucun agitateur. M\u00e9lange avec une pompe \u00e0 impulsion.<\/strong>\n<ul>\n<li><strong>Conception plus simple \u2013<\/strong> \u00c9conomisez sur l\u2019entretien.<\/li>\n<li><strong>Besoins \u00e9nerg\u00e9tiques moindres \u2013<\/strong> \u00c9conomisez de l\u2019\u00e9nergie.<\/li>\n<\/ul>\n<\/li>\n<li><strong>\u00c9coulement dirig\u00e9 sans court-circuit hydraulique. Plaques perfor\u00e9es permettant un d\u00e9bit de mati\u00e8re contr\u00f4l\u00e9.<\/strong>\n<ul>\n<li><strong>\u00c9coulement lin\u00e9aire optimis\u00e9 \u2013<\/strong> R\u00e9duisez la formation de mousse et de cro\u00fbte.<\/li>\n<li><strong>Flexibilit\u00e9 sup\u00e9rieure \u2013 Mieux adapt\u00e9e<\/strong> aux intrants \u00e0 haute teneur en solides.<\/li>\n<\/ul>\n<\/li>\n<li><strong>Gradient constant de la concentration de mati\u00e8re en d\u00e9composition.<\/strong>\n<ul>\n<li><strong>Processus \u00e0 la stabilit\u00e9 accrue \u2013<\/strong> Obtenez un meilleur rendement.<\/li>\n<li><strong>Meilleur contr\u00f4le du temps de r\u00e9tention \u2013<\/strong> Taux de d\u00e9gradation \u00e9lev\u00e9.<\/li>\n<\/ul>\n<\/li>\n<\/ul>\n<p>&nbsp;<\/p>\n<h2><span style=\"color: #000daa;\">Technologie Fournier de derni\u00e8re g\u00e9n\u00e9ration<\/span><\/h2>\n<p><strong>Digesteur flux piston haute performance (HPD)<\/strong><\/p>\n<p><img decoding=\"async\" class=\"aligncenter\" src=\"https:\/\/fournierindustries.com\/wp-content\/uploads\/2025\/05\/hpd-technology-fr.svg\" \/><\/p>\n<p>&nbsp;<\/p>\n<h2><span style=\"color: #000daa;\">Technologie conventionnelle CSTR<\/span><\/h2>\n<p><strong>R\u00e9acteur \u00e0 cuve agit\u00e9e en continu<\/strong><\/p>\n<p><img decoding=\"async\" class=\"aligncenter\" src=\"https:\/\/fournierindustries.com\/wp-content\/uploads\/2025\/05\/cstr-technology-fr.svg\" \/><\/p>\n<p>&nbsp;<\/p>\n<h2><span style=\"color: #000daa;\">Technologie conventionnelle CSTR<\/span><\/h2>\n<ul>\n<li>Stations d\u2019\u00e9puration des eaux us\u00e9es ;<\/li>\n<li>Installations de gaz naturel renouvelable et de biogaz ;<\/li>\n<li>D\u00e9chets alimentaires et organiques ;<\/li>\n<li>D\u00e9chets de brasserie et r\u00e9sidus de distillation ;<\/li>\n<li>Fumier agricole.<\/li>\n<\/ul>\n<p><img decoding=\"async\" class=\"aligncenter\" src=\"https:\/\/fournierindustries.com\/wp-content\/uploads\/2025\/05\/img-application.webp\" \/><\/p>\n<p>Pour en savoir davantage, <a href=\"https:\/\/fournierindustries.com\/fr\/produits\/deshydratation\/digesteur-haute-performance\" target=\"_blank\" rel=\"noopener\">visitez notre site web<\/a>.<\/p>\n<p>&nbsp;<\/p>\n","protected":false},"excerpt":{"rendered":"Fournier associe des d\u00e9cennies d\u2019expertise dans le traitement de l\u2019eau et la construction de r\u00e9servoirs \u00e0 une technologie europ\u00e9enne de biom\u00e9thanisation qui a plus de 20 ans d\u2019exp\u00e9rience. Nous offrons aux entreprises nord-am\u00e9ricaines la solution de biom\u00e9thanisation la plus performante et efficace sur le march\u00e9.","protected":false},"featured_media":43554,"template":"","meta":{"_acf_changed":false,"content-type":""},"product_brand":[],"product_cat":[77,131,130],"product_tag":[],"class_list":{"0":"post-43557","1":"product","2":"type-product","3":"status-publish","4":"has-post-thumbnail","6":"product_cat-biomethanisation","7":"product_cat-systeme-de-digestion-humide","8":"product_cat-digestion-seche","10":"first","11":"instock","12":"taxable","13":"shipping-taxable","14":"product-type-simple"},"acf":[],"_links":{"self":[{"href":"https:\/\/biogasworld.com\/fr\/wp-json\/wp\/v2\/product\/43557","targetHints":{"allow":["GET"]}}],"collection":[{"href":"https:\/\/biogasworld.com\/fr\/wp-json\/wp\/v2\/product"}],"about":[{"href":"https:\/\/biogasworld.com\/fr\/wp-json\/wp\/v2\/types\/product"}],"wp:featuredmedia":[{"embeddable":true,"href":"https:\/\/biogasworld.com\/fr\/wp-json\/wp\/v2\/media\/43554"}],"wp:attachment":[{"href":"https:\/\/biogasworld.com\/fr\/wp-json\/wp\/v2\/media?parent=43557"}],"wp:term":[{"taxonomy":"product_brand","embeddable":true,"href":"https:\/\/biogasworld.com\/fr\/wp-json\/wp\/v2\/product_brand?post=43557"},{"taxonomy":"product_cat","embeddable":true,"href":"https:\/\/biogasworld.com\/fr\/wp-json\/wp\/v2\/product_cat?post=43557"},{"taxonomy":"product_tag","embeddable":true,"href":"https:\/\/biogasworld.com\/fr\/wp-json\/wp\/v2\/product_tag?post=43557"}],"curies":[{"name":"wp","href":"https:\/\/api.w.org\/{rel}","templated":true}]}}