{"id":43559,"date":"2022-07-29T10:59:40","date_gmt":"2022-07-29T14:59:40","guid":{"rendered":"https:\/\/biogasworld.com\/product\/non%20class\u00e9\/unison-biogas-upgrading\/"},"modified":"2025-09-02T12:19:08","modified_gmt":"2025-09-02T16:19:08","slug":"unison-biogas-upgrading","status":"publish","type":"product","link":"https:\/\/biogasworld.com\/fr\/product\/valorisation-du-biogaz\/raffinage\/unison-biogas-upgrading\/","title":{"rendered":"Valorisation du biogaz d&rsquo;Unison"},"content":{"rendered":"<h2><span style=\"color: #000daa;\">Valorisation du biogaz d&rsquo;Unison<\/span><\/h2>\n<p><center><iframe loading=\"lazy\" src=\"https:\/\/www.youtube.com\/embed\/eloclzhhlz4?mute=1&amp;autoplay=1\" width=\"560\" height=\"315\" frameborder=\"0\" allowfullscreen=\"allowfullscreen\"><\/iframe><\/center>&nbsp;<\/p>\n<h3><span style=\"color: #00d37d;\"><strong>Comment \u00e7a fonctionne?<\/strong><\/span><\/h3>\n<ul>\n<li>Le biogaz est transport\u00e9 vers le syst\u00e8me de valorisation du biogaz Unison \u00e0 partir d\u2019une d\u00e9charge ou d\u2019un digesteur ana\u00e9robie<\/li>\n<li>Les constituants, y compris le sulfure d\u2019hydrog\u00e8ne, le dioxyde de carbone, l\u2019humidit\u00e9, les siloxanes et autres compos\u00e9s organiques volatils (COV), sont \u00e9limin\u00e9s pour produire du gaz naturel renouvelable (GNR)<\/li>\n<li>Le GNR peut \u00eatre utilis\u00e9 pour le ravitaillement des v\u00e9hicules \u00e0 usage direct ou l\u2019injection dans le pipeline de gaz naturel selon les sp\u00e9cifications du projet respectif<\/li>\n<\/ul>\n<p>Le biogaz typique commence avec 60-80% de m\u00e9thane, 20-40% de dioxyde de carbone et est satur\u00e9 \u00e0 100%. Notre syst\u00e8me de valorisation \u00e9limine l\u2019humidit\u00e9 et les particules du gaz, tandis que le syst\u00e8me de membrane s\u00e9lective \u00e0 plusieurs \u00e9tapes r\u00e9duit le dioxyde de carbone. La qualit\u00e9 finale du gaz naturel renouvelable a une teneur en m\u00e9thane de 98\u00a0% ou plus et moins de 2\u00a0% de dioxyde de carbone. En fonction de la qualit\u00e9 du gaz d\u2019entr\u00e9e, l\u2019\u00e9limination du sulfure d\u2019hydrog\u00e8ne et des siloxanes peut \u00e9galement \u00eatre n\u00e9cessaire.<\/p>\n<p>Notre personnel d\u2019ing\u00e9nierie con\u00e7oit chaque syst\u00e8me selon les sp\u00e9cifications sp\u00e9cifiques des pipelines et les exigences du site. Tous nos syst\u00e8mes sont construits selon les sp\u00e9cifications de la classe I, Div 1 et sont soigneusement test\u00e9s avant de quitter notre installation pour assurer une installation et un d\u00e9marrage rapides.<\/p>\n<p>Pour plus d&rsquo;informations, veuillez visiter <a href=\"https:\/\/www.unisonsolutions.com\/biogas-to-rng\/\" target=\"_blank\" rel=\"noopener\">notre site web<\/a> ou t\u00e9l\u00e9charger <a href=\"https:\/\/biogasworld.com\/wp-content\/uploads\/2022\/07\/Unison_Biogas-Upgrading.pdf\" target=\"_blank\" rel=\"noopener\">notre brochure<\/a>.<\/p>\n","protected":false},"excerpt":{"rendered":"Nos syst\u00e8mes brevet\u00e9s de valorisation du biogaz BioCNG utilisent la technologie membranaire pour produire du gaz naturel renouvelable (GNR). Toute source de biogaz est adapt\u00e9e \u00e0 une utilisation dans nos syst\u00e8mes, qui peuvent produire \u00e0 la fois une qualit\u00e9 pipeline et un carburant direct pour v\u00e9hicules GNR.\r\n\r\nLaissez-nous d\u00e9velopper votre application personnalis\u00e9e. Pour une estimation pr\u00e9cise, t\u00e9l\u00e9chargez et remplissez notre <a href=\"https:\/\/www.unisonsolutions.com\/wp-content\/uploads\/2022\/02\/Unison-System-Design-Checklist.pdf\" target=\"_blank\" rel=\"noopener\">liste de contr\u00f4le pour la conception des syst\u00e8mes.<\/a>.","protected":false},"featured_media":37884,"template":"","meta":{"_acf_changed":false,"content-type":""},"product_brand":[],"product_cat":[79,97],"product_tag":[],"class_list":{"0":"post-43559","1":"product","2":"type-product","3":"status-publish","4":"has-post-thumbnail","6":"product_cat-valorisation-du-biogaz","7":"product_cat-raffinage","9":"first","10":"instock","11":"taxable","12":"shipping-taxable","13":"product-type-simple"},"acf":[],"_links":{"self":[{"href":"https:\/\/biogasworld.com\/fr\/wp-json\/wp\/v2\/product\/43559","targetHints":{"allow":["GET"]}}],"collection":[{"href":"https:\/\/biogasworld.com\/fr\/wp-json\/wp\/v2\/product"}],"about":[{"href":"https:\/\/biogasworld.com\/fr\/wp-json\/wp\/v2\/types\/product"}],"wp:featuredmedia":[{"embeddable":true,"href":"https:\/\/biogasworld.com\/fr\/wp-json\/wp\/v2\/media\/37884"}],"wp:attachment":[{"href":"https:\/\/biogasworld.com\/fr\/wp-json\/wp\/v2\/media?parent=43559"}],"wp:term":[{"taxonomy":"product_brand","embeddable":true,"href":"https:\/\/biogasworld.com\/fr\/wp-json\/wp\/v2\/product_brand?post=43559"},{"taxonomy":"product_cat","embeddable":true,"href":"https:\/\/biogasworld.com\/fr\/wp-json\/wp\/v2\/product_cat?post=43559"},{"taxonomy":"product_tag","embeddable":true,"href":"https:\/\/biogasworld.com\/fr\/wp-json\/wp\/v2\/product_tag?post=43559"}],"curies":[{"name":"wp","href":"https:\/\/api.w.org\/{rel}","templated":true}]}}