{"id":43561,"date":"2022-08-18T15:23:02","date_gmt":"2022-08-18T19:23:02","guid":{"rendered":"https:\/\/biogasworld.com\/product\/non%20class\u00e9\/hydrogen-sulfide-siloxane-voc-removal-media\/"},"modified":"2025-09-02T10:38:34","modified_gmt":"2025-09-02T14:38:34","slug":"hydrogen-sulfide-siloxane-voc-removal-media","status":"publish","type":"product","link":"https:\/\/biogasworld.com\/fr\/product\/valorisation-du-biogaz\/pre-traitement\/hydrogen-sulfide-siloxane-voc-removal-media\/","title":{"rendered":"Milieu d\u2019\u00e9limination du sulfure d\u2019hydrog\u00e8ne et de siloxane\/COV"},"content":{"rendered":"<h2><span style=\"color: #000daa;\">Milieu d\u2019\u00e9limination du sulfure d\u2019hydrog\u00e8ne et de siloxane\/COV<\/span><\/h2>\n<p>Parce que chaque source de biogaz est unique, nous avons une vari\u00e9t\u00e9 de m\u00e9dias disponibles pour \u00e9liminer le sulfure d\u2019hydrog\u00e8ne, le siloxane et les compos\u00e9s organiques volatils. Nos experts internes \u00e9valueront votre chimie du biogaz et d\u00e9termineront le milieu optimal pour votre emplacement sp\u00e9cifique.<\/p>\n<p>Nos ing\u00e9nieurs et experts en chimie ont d\u00e9velopp\u00e9, test\u00e9 et sp\u00e9cifi\u00e9 plusieurs types de m\u00e9dias de filtration pour \u00e9liminer efficacement les contaminants ind\u00e9sirables. Nous stockons \u00e9galement de grandes quantit\u00e9s de nos produits multim\u00e9dias pour assurer une livraison rapide \u00e0 nos clients. Nous offrons les produits et services suivants pour r\u00e9pondre \u00e0 vos exigences en mati\u00e8re d\u2019\u00e9limination du H2S, des siloxanes et des COV\u00a0:<\/p>\n<ul>\n<li>Milieux \u00e0 base de fer et de carbone pour l\u2019\u00e9limination du H2S<\/li>\n<li>Types uniques de milieux \u00e0 base de carbone et \u00e0 base de silice pour l\u2019\u00e9limination du siloxane et des COV<\/li>\n<li>\u00c9valuation interne des donn\u00e9es de test du biogaz<\/li>\n<li>Programmes de mod\u00e9lisation pour estimer la dur\u00e9e de vie des m\u00e9dias<\/li>\n<\/ul>\n<p>Pour plus d&rsquo;informations, veuillez visiter <a href=\"https:\/\/www.unisonsolutions.com\/services\/siloxane-hydrogen-sulfide-removal-media\/\" target=\"_blank\" rel=\"noopener\">notre site web<\/a>.<\/p>\n<p><img loading=\"lazy\" decoding=\"async\" width=\"1000\" height=\"666\" class=\"aligncenter size-full wp-image-37954\" src=\"https:\/\/biogasworld.com\/wp-content\/uploads\/2022\/08\/Unison_0571_CL2X.jpg\" alt=\"\" srcset=\"https:\/\/biogasworld.com\/wp-content\/uploads\/2022\/08\/Unison_0571_CL2X.jpg 1000w, https:\/\/biogasworld.com\/wp-content\/uploads\/2022\/08\/Unison_0571_CL2X-250x167.jpg 250w\" sizes=\"auto, (max-width: 1000px) 100vw, 1000px\" \/><\/p>\n","protected":false},"excerpt":{"rendered":"Nos ing\u00e9nieurs et experts en chimie ont d\u00e9velopp\u00e9, test\u00e9 et sp\u00e9cifi\u00e9 plusieurs types de m\u00e9dias de filtration pour \u00e9liminer efficacement les contaminants ind\u00e9sirables. Nous stockons \u00e9galement de grandes quantit\u00e9s de nos produits multim\u00e9dias pour assurer une livraison rapide \u00e0 nos clients.","protected":false},"featured_media":37953,"template":"","meta":{"_acf_changed":false,"content-type":""},"product_brand":[],"product_cat":[79,99],"product_tag":[],"class_list":{"0":"post-43561","1":"product","2":"type-product","3":"status-publish","4":"has-post-thumbnail","6":"product_cat-valorisation-du-biogaz","7":"product_cat-pre-traitement","9":"first","10":"instock","11":"taxable","12":"shipping-taxable","13":"product-type-simple"},"acf":[],"_links":{"self":[{"href":"https:\/\/biogasworld.com\/fr\/wp-json\/wp\/v2\/product\/43561","targetHints":{"allow":["GET"]}}],"collection":[{"href":"https:\/\/biogasworld.com\/fr\/wp-json\/wp\/v2\/product"}],"about":[{"href":"https:\/\/biogasworld.com\/fr\/wp-json\/wp\/v2\/types\/product"}],"wp:featuredmedia":[{"embeddable":true,"href":"https:\/\/biogasworld.com\/fr\/wp-json\/wp\/v2\/media\/37953"}],"wp:attachment":[{"href":"https:\/\/biogasworld.com\/fr\/wp-json\/wp\/v2\/media?parent=43561"}],"wp:term":[{"taxonomy":"product_brand","embeddable":true,"href":"https:\/\/biogasworld.com\/fr\/wp-json\/wp\/v2\/product_brand?post=43561"},{"taxonomy":"product_cat","embeddable":true,"href":"https:\/\/biogasworld.com\/fr\/wp-json\/wp\/v2\/product_cat?post=43561"},{"taxonomy":"product_tag","embeddable":true,"href":"https:\/\/biogasworld.com\/fr\/wp-json\/wp\/v2\/product_tag?post=43561"}],"curies":[{"name":"wp","href":"https:\/\/api.w.org\/{rel}","templated":true}]}}