{"id":43564,"date":"2022-08-24T15:29:54","date_gmt":"2022-08-24T19:29:54","guid":{"rendered":"https:\/\/biogasworld.com\/product\/non%20class\u00e9\/unison-pretreatment-engine-cogeneration-boilers\/"},"modified":"2025-09-02T12:14:14","modified_gmt":"2025-09-02T16:14:14","slug":"unison-pretreatment-engine-cogeneration-boilers","status":"publish","type":"product","link":"https:\/\/biogasworld.com\/fr\/product\/valorisation-du-biogaz\/pre-traitement\/unison-pretreatment-engine-cogeneration-boilers\/","title":{"rendered":"Pr\u00e9traitement pour la cog\u00e9n\u00e9ration de moteurs et les chaudi\u00e8res"},"content":{"rendered":"<h2><span style=\"color: #000daa;\">Pr\u00e9traitement pour la cog\u00e9n\u00e9ration de moteurs et les chaudi\u00e8res<\/span><\/h2>\n<p>Les syst\u00e8mes de soufflerie basse pression d\u2019Unison Solutions sont con\u00e7us pour traiter le biogaz utilis\u00e9 dans les chaudi\u00e8res et les moteurs \u00e0 combustion interne. Les syst\u00e8mes peuvent \u00eatre con\u00e7us pour n\u2019importe quel flux de gaz et pour des pressions d\u2019entr\u00e9e positives ou n\u00e9gatives ; nous choisissons la technologie de soufflante qui offre la meilleure adaptation \u00e0 l\u2019application.<\/p>\n<p>Les syst\u00e8mes d\u2019Unison ont utilis\u00e9 des soufflantes centrifuges \u00e0 lobe rotatif, r\u00e9g\u00e9n\u00e9ratives et multi\u00e9tages. Nous pouvons \u00e9galement concevoir une redondance dans les syst\u00e8mes si votre op\u00e9ration n\u00e9cessite un temps d\u2019arr\u00eat minimal pour la maintenance ou la r\u00e9paration. Notre personnel d\u2019ing\u00e9nierie con\u00e7oit chaque syst\u00e8me selon les sp\u00e9cifications sp\u00e9cifiques des pipelines et les exigences du site. Tous nos syst\u00e8mes sont construits selon les sp\u00e9cifications de la classe I, Div 1 et sont soigneusement test\u00e9s avant de quitter notre installation pour assurer une installation et un d\u00e9marrage rapides.<\/p>\n<p>Le biogaz typique des digesteurs ou des d\u00e9charges municipales, industrielles et agricoles commence avec 60\u201180\u00a0% de m\u00e9thane, 20\u201140\u00a0% de dioxyde de carbone et est satur\u00e9 \u00e0 100\u00a0%. Notre syst\u00e8me de soufflerie \u00e9limine l\u2019humidit\u00e9 et les particules du gaz. En fonction des exigences relatives \u00e0 la qualit\u00e9 du gaz d\u2019entr\u00e9e et aux permis d\u2019air, l\u2019\u00e9limination du sulfure d\u2019hydrog\u00e8ne et des siloxanes peut \u00e9galement \u00eatre n\u00e9cessaire.<\/p>\n<p>Pour plus d\u2019informations, veuillez visiter <a href=\"https:\/\/www.unisonsolutions.com\/products\/ic-engine-boiler-blower-systems\/\" target=\"_blank\" rel=\"noopener\">notre site web<\/a>.<\/p>\n","protected":false},"excerpt":{"rendered":"Les syst\u00e8mes \u00e0 basse pression conditionnent le biogaz pour produire un carburant adapt\u00e9 aux chaudi\u00e8res et aux syst\u00e8mes de g\u00e9n\u00e9ration de moteurs. Les syst\u00e8mes peuvent \u00eatre con\u00e7us pour tout flux de gaz et pour des pressions d\u2019entr\u00e9e positives ou n\u00e9gatives. Chaque fabricant de chaudi\u00e8re et de moteur a des sp\u00e9cifications variables pour la pression d\u2019entr\u00e9e, en plus des tol\u00e9rances relatives au sulfure d\u2019hydrog\u00e8ne et au siloxane\/COV. Selon l\u2019emplacement du site, il peut y avoir des catalyseurs d\u2019\u00e9chappement pour les moteurs, qui ont leur propre ensemble de sp\u00e9cifications de carburant.\r\n\r\nDes options de syst\u00e8mes sont disponibles telles que le post-refroidissement ou le s\u00e9chage. Nous sommes sp\u00e9cialis\u00e9s dans l\u2019int\u00e9gration de nos syst\u00e8mes avec les \u00e9quipements existants sur le site tels que les chaudi\u00e8res, les torches ou les syst\u00e8mes d\u2019extraction de gaz d&rsquo;enfouissement.","protected":false},"featured_media":38006,"template":"","meta":{"_acf_changed":false,"content-type":""},"product_brand":[],"product_cat":[79,99],"product_tag":[],"class_list":{"0":"post-43564","1":"product","2":"type-product","3":"status-publish","4":"has-post-thumbnail","6":"product_cat-valorisation-du-biogaz","7":"product_cat-pre-traitement","9":"first","10":"instock","11":"taxable","12":"shipping-taxable","13":"product-type-simple"},"acf":[],"_links":{"self":[{"href":"https:\/\/biogasworld.com\/fr\/wp-json\/wp\/v2\/product\/43564","targetHints":{"allow":["GET"]}}],"collection":[{"href":"https:\/\/biogasworld.com\/fr\/wp-json\/wp\/v2\/product"}],"about":[{"href":"https:\/\/biogasworld.com\/fr\/wp-json\/wp\/v2\/types\/product"}],"wp:featuredmedia":[{"embeddable":true,"href":"https:\/\/biogasworld.com\/fr\/wp-json\/wp\/v2\/media\/38006"}],"wp:attachment":[{"href":"https:\/\/biogasworld.com\/fr\/wp-json\/wp\/v2\/media?parent=43564"}],"wp:term":[{"taxonomy":"product_brand","embeddable":true,"href":"https:\/\/biogasworld.com\/fr\/wp-json\/wp\/v2\/product_brand?post=43564"},{"taxonomy":"product_cat","embeddable":true,"href":"https:\/\/biogasworld.com\/fr\/wp-json\/wp\/v2\/product_cat?post=43564"},{"taxonomy":"product_tag","embeddable":true,"href":"https:\/\/biogasworld.com\/fr\/wp-json\/wp\/v2\/product_tag?post=43564"}],"curies":[{"name":"wp","href":"https:\/\/api.w.org\/{rel}","templated":true}]}}