{"id":43565,"date":"2022-08-25T15:20:57","date_gmt":"2022-08-25T19:20:57","guid":{"rendered":"https:\/\/biogasworld.com\/product\/non%20class\u00e9\/unison-direct-vehicle-fuel-systems\/"},"modified":"2025-09-02T12:16:33","modified_gmt":"2025-09-02T16:16:33","slug":"unison-direct-vehicle-fuel-systems","status":"publish","type":"product","link":"https:\/\/biogasworld.com\/fr\/product\/transport-au-gaz-naturel\/gnc\/unison-direct-vehicle-fuel-systems\/","title":{"rendered":"Syst\u00e8mes de carburant pour les v\u00e9hicules Unison Direct"},"content":{"rendered":"<h2><span style=\"color: #000daa;\">Syst\u00e8mes de carburant pour les v\u00e9hicules BioCNG Direct<\/span><\/h2>\n<p>Unison Solutions, Inc. a d\u00e9velopp\u00e9 BioCNG, un syst\u00e8me brevet\u00e9 de conditionnement du biogaz qui produit \u00e9conomiquement un gaz naturel renouvelable, r\u00e9pondant aux normes SAE J1616, qui alimente les v\u00e9hicules au gaz naturel comprim\u00e9 (GNC).<\/p>\n<p>Le biogaz est achemin\u00e9 vers le syst\u00e8me de conditionnement du gaz BioCNG depuis une d\u00e9charge ou un digesteur ana\u00e9robie. Les constituants, y compris le sulfure d\u2019hydrog\u00e8ne (H2S), les particules, l\u2019humidit\u00e9, les siloxanes et autres compos\u00e9s organiques volatils (COV) et le dioxyde de carbone (CO2) sont \u00e9limin\u00e9s. Le carburant est ensuite achemin\u00e9 vers une station de ravitaillement en GNC et comprim\u00e9 pour \u00eatre utilis\u00e9 dans des v\u00e9hicules au GNC.<\/p>\n<p>Pour plus d\u2019informations, veuillez visiter <a href=\"https:\/\/www.unisonsolutions.com\/products\/biocng-vehicle-fuel-systems\/\" target=\"_blank\" rel=\"noopener\">notre site web<\/a>.<\/p>\n<p><img decoding=\"async\" class=\"aligncenter size-full wp-image-37954\" src=\"https:\/\/biogasworld.com\/wp-content\/uploads\/2022\/08\/Image1.jpg\" alt=\"Unison Direct Vehicle Fuel Systems BioCNG\" \/><\/p>\n","protected":false},"excerpt":{"rendered":"Unison Solutions est le co-inventeur d\u2019un syst\u00e8me de valorisation du biogaz qui produit \u00e9conomiquement BioCNG, un carburant \u00e0 base de biogaz, pour alimenter les v\u00e9hicules con\u00e7us pour le gaz naturel comprim\u00e9 (GNC).\r\n\r\nEn utilisant ce syst\u00e8me, le biogaz est achemin\u00e9 vers le syst\u00e8me de valorisation BioCNG depuis la d\u00e9charge ou le digesteur ana\u00e9robie. Le sulfure d\u2019hydrog\u00e8ne (H2S), l\u2019humidit\u00e9 (H2O), les siloxanes, les compos\u00e9s organiques volatils (COV) et le dioxyde de carbone (CO2) sont \u00e9limin\u00e9s. Le produit final est du gaz naturel renouvelable (GNR) r\u00e9pondant \u00e0 la qualit\u00e9 SAE J1616 qui est ensuite compress\u00e9 et utilis\u00e9 directement dans les v\u00e9hicules au GNC.","protected":false},"featured_media":38022,"template":"","meta":{"_acf_changed":false,"content-type":""},"product_brand":[],"product_cat":[78,100],"product_tag":[],"class_list":{"0":"post-43565","1":"product","2":"type-product","3":"status-publish","4":"has-post-thumbnail","6":"product_cat-transport-au-gaz-naturel","7":"product_cat-gnc","9":"first","10":"instock","11":"taxable","12":"shipping-taxable","13":"product-type-simple"},"acf":[],"_links":{"self":[{"href":"https:\/\/biogasworld.com\/fr\/wp-json\/wp\/v2\/product\/43565","targetHints":{"allow":["GET"]}}],"collection":[{"href":"https:\/\/biogasworld.com\/fr\/wp-json\/wp\/v2\/product"}],"about":[{"href":"https:\/\/biogasworld.com\/fr\/wp-json\/wp\/v2\/types\/product"}],"wp:featuredmedia":[{"embeddable":true,"href":"https:\/\/biogasworld.com\/fr\/wp-json\/wp\/v2\/media\/38022"}],"wp:attachment":[{"href":"https:\/\/biogasworld.com\/fr\/wp-json\/wp\/v2\/media?parent=43565"}],"wp:term":[{"taxonomy":"product_brand","embeddable":true,"href":"https:\/\/biogasworld.com\/fr\/wp-json\/wp\/v2\/product_brand?post=43565"},{"taxonomy":"product_cat","embeddable":true,"href":"https:\/\/biogasworld.com\/fr\/wp-json\/wp\/v2\/product_cat?post=43565"},{"taxonomy":"product_tag","embeddable":true,"href":"https:\/\/biogasworld.com\/fr\/wp-json\/wp\/v2\/product_tag?post=43565"}],"curies":[{"name":"wp","href":"https:\/\/api.w.org\/{rel}","templated":true}]}}