{"id":43598,"date":"2025-09-23T19:05:49","date_gmt":"2025-09-23T23:05:49","guid":{"rendered":"https:\/\/biogasworld.com\/product\/non%20class\u00e9\/natural-gas-compressor-bbr\/"},"modified":"2025-12-03T16:36:59","modified_gmt":"2025-12-03T21:36:59","slug":"compresseur-de-gaz-naturel-bbr","status":"publish","type":"product","link":"https:\/\/biogasworld.com\/fr\/product\/transport-au-gaz-naturel\/gnc\/compresseurs-gnc\/compresseur-de-gaz-naturel-bbr\/","title":{"rendered":"Compresseur de gaz naturel BBR"},"content":{"rendered":"<h2><span style=\"color: #000daa;\">Compresseur de gaz naturel BBR<\/span><\/h2>\n<p>Con\u00e7us pour fournir du gaz naturel comprim\u00e9 (GNC) et offrir des solutions d&rsquo;injection en r\u00e9seau de biom\u00e9thane pour diverses applications, notamment les stations de ravitaillement en GNC, le transport de masse et les syst\u00e8mes de pipeline virtuel, nos compresseurs de gaz \u00e0 pistons alternatifs BBR rel\u00e8vent le niveau gr\u00e2ce aux technologies \u00e9prouv\u00e9es d&rsquo;Atlas Copco<\/p>\n<p>&nbsp;<\/p>\n<p><img decoding=\"async\" class=\"aligncenter\" src=\"https:\/\/atlascopco.scene7.com\/is\/image\/atlascopco\/BBR+installation+set+up+6\" alt=\"Natural gas compressor BBR\" \/><\/p>\n<p>&nbsp;<\/p>\n<h2><span style=\"color: #000daa;\">Solution unique pour les stations de ravitaillement<\/span><\/h2>\n<p>Con\u00e7u comme une solution tout-en-un pour les stations de ravitaillement en GNC et d&rsquo;injection en r\u00e9seau de biom\u00e9thane, notre compresseur de gaz naturel \u00e0 <a href=\"https:\/\/www.atlascopco.com\/en-us\/compressors\/products\/air-compressor\" target=\"_blank\" rel=\"noopener\">pistons BBR<\/a> offre des solutions de ravitaillement fiables, s\u00e9curis\u00e9es et \u00e9conomes en \u00e9nergie pour des centaines d&rsquo;applications \u00e0 travers le monde.<\/p>\n<p>Un concentr\u00e9 de technologies, telles que l&rsquo;entra\u00eenement direct, les carters sous pression ou le refroidissement \u00e0 l&rsquo;air, vous aide \u00e0 am\u00e9liorer les rendements, \u00e0 r\u00e9duire l&rsquo;entretien et \u00e0 ma\u00eetriser int\u00e9gralement votre processus de ravitaillement.<\/p>\n<p>Pour compl\u00e9ter cette offre, nous proposons une gamme compl\u00e8te d&rsquo;accessoires GNC pour les entreprises et les propri\u00e9taires de station qui souhaitent exploiter tout le potentiel des pipelines GNC virtuels.<\/p>\n<p>En donnant toujours la priorit\u00e9 \u00e0 votre processus, nous pouvons personnaliser votre machine pour des conditions sp\u00e9cifiques (temp\u00e9ratures inf\u00e9rieures \u00e0 z\u00e9ro, environnements poussi\u00e9reux, etc.).<\/p>\n<p>&nbsp;<\/p>\n<h2><span style=\"color: #000daa;\">Solutions de gaz naturel comprim\u00e9 (GNC)<\/span><\/h2>\n<h3><strong>Conception compacte<\/strong><\/h3>\n<p>L&rsquo;espace dans les stations de ravitaillement est souvent restreint. Nos compresseurs se distinguent par leur conception compacte \u00e0 empreinte au sol r\u00e9duite et leur facilit\u00e9 d&rsquo;installation<\/p>\n<p>&nbsp;<\/p>\n<h3><strong>Conformes aux normes de qualit\u00e9 industrielle<\/strong><\/h3>\n<p>Pour une plus grande tranquillit\u00e9 d&rsquo;esprit, la conception de nos compresseurs de gaz naturel est conforme aux normes de qualit\u00e9 comme ISO 9001.<\/p>\n<p>&nbsp;<\/p>\n<h3><strong>La VIP pour le d\u00e9chargement du GNC<\/strong><\/h3>\n<p>Nos compresseurs \u00e0 pression d&rsquo;entr\u00e9e variable (VIP) exploitent au mieux la pression des citernes de GNC pour r\u00e9duire la puissance n\u00e9cessaire au niveau de la station secondaire. Equip\u00e9s d&rsquo;un entra\u00eenement \u00e0 vitesse variable, ils d\u00e9chargent les citernes plus rapidement que n&rsquo;importe quel autre compresseur et vous permettent ainsi d&rsquo;\u00e9conomiser de l&rsquo;argent sur la r\u00e9gulation et la recompression du gaz.<\/p>\n<p>&nbsp;<\/p>\n<div style=\"width: 640px;\" class=\"wp-video\"><video class=\"wp-video-shortcode\" id=\"video-43598-1\" width=\"640\" height=\"360\" preload=\"metadata\" controls=\"controls\"><source type=\"video\/mp4\" src=\"https:\/\/atlascopco.scene7.com\/is\/content\/atlascopco\/atlas-copco\/compressor-technique\/oil-free-air\/videos\/2024-04-11_BBR_LoopAnimation_1080p-0x480-1800k.mp4?_=1\" \/><a href=\"https:\/\/atlascopco.scene7.com\/is\/content\/atlascopco\/atlas-copco\/compressor-technique\/oil-free-air\/videos\/2024-04-11_BBR_LoopAnimation_1080p-0x480-1800k.mp4\">https:\/\/atlascopco.scene7.com\/is\/content\/atlascopco\/atlas-copco\/compressor-technique\/oil-free-air\/videos\/2024-04-11_BBR_LoopAnimation_1080p-0x480-1800k.mp4<\/a><\/video><\/div>\n<p>&nbsp;<\/p>\n<h2><span style=\"color: #000daa;\">Le saviez-vous ?<\/span><\/h2>\n<p>M\u00eame sous une forte charge de travail, le compresseur de gaz naturel BBR offre des temp\u00e9ratures de d\u00e9charge faibles gr\u00e2ce \u00e0 une conception optimale des \u00e9tages ainsi qu&rsquo;\u00e0 des refroidisseurs interm\u00e9diaires surdimensionn\u00e9s \u00e0 haut rendement.<\/p>\n<p>Tout cela garantit une plus longue dur\u00e9e de vie des soupapes, des garnitures et des pistons, et vous permet de r\u00e9duire au minimum les interruptions li\u00e9es \u00e0 l&rsquo;entretien.<\/p>\n<p>&nbsp;<\/p>\n<h2><span style=\"color: #000daa;\">Solutions optimis\u00e9es pour les stations de GNC<\/span><\/h2>\n<p>Atlas Copco supervise divers aspects de la construction de stations de GNC. Nous sommes sp\u00e9cialis\u00e9s dans la fourniture d&rsquo;\u00e9quipements sur mesure, efficaces et fiables qui s&rsquo;int\u00e8grent parfaitement \u00e0 n&rsquo;importe quelle configuration de station de GNC.<\/p>\n<p>&nbsp;<\/p>\n<p><img decoding=\"async\" class=\"aligncenter\" src=\"https:\/\/atlascopco.scene7.com\/is\/image\/atlascopco\/BBR+Brochure+flowchart\" \/><\/p>\n<p>&nbsp;<\/p>\n<h2><span style=\"color: #000daa;\">Avantages de notre compresseur de gaz naturel BBR<\/span><\/h2>\n<h3><strong>R\u00e9duisez votre facture d&rsquo;\u00e9nergie<\/strong><\/h3>\n<p>\u00c9conomies d&rsquo;\u00e9nergie : la r\u00e9duction des co\u00fbts d&rsquo;\u00e9nergie et des d\u00e9penses d&rsquo;exploitation permet de rentabiliser l&rsquo;investissement initial en quelques mois de fonctionnement.<\/p>\n<p>&nbsp;<\/p>\n<h3><strong>Normes de s\u00e9curit\u00e9 \u00e9lev\u00e9es<\/strong><\/h3>\n<p>Pour satisfaire aux normes de s\u00e9curit\u00e9 strictes des stations de ravitaillement en GNC\/d&rsquo;injection en r\u00e9seau de biom\u00e9thane, nos compresseurs sont conformes aux normes industrielles telles que TEMA et ASME. Ils sont \u00e9galement \u00e9quip\u00e9s d&rsquo;alarmes de protection multi-niveaux qui mesurent la pression, la temp\u00e9rature, le niveau de liquide et la densit\u00e9 du gaz naturel comprim\u00e9.<\/p>\n<p>&nbsp;<\/p>\n<h3><strong>Carter sous pression<\/strong><\/h3>\n<p>Une pression de carter maximale de 35 bar(g) permet d&rsquo;\u00e9viter les pertes de gaz et de r\u00e9aliser des \u00e9conomies de gaz de 2 \u00e0 6 % par rapport aux compresseurs non \u00e9tanches.<\/p>\n<p><a href=\"https:\/\/www.atlascopco.com\/en-us\/compressors\/products\/gas-compressors\/bbr-natural-gas-compressor\" target=\"_blank\" rel=\"noopener\"><strong>Pour plus d&rsquo;informations, veuillez visiter notre site web.<\/strong><\/a><\/p>\n<p><img decoding=\"async\" class=\"aligncenter\" src=\"https:\/\/atlascopco.scene7.com\/is\/image\/atlascopco\/CNG-printed-version-1-scaled\" \/><\/p>\n<p>&nbsp;<\/p>\n","protected":false},"excerpt":{"rendered":"Con\u00e7us pour fournir du gaz naturel comprim\u00e9 (GNC), des solutions d\u2019injection de biom\u00e9thane dans le r\u00e9seau pour diverses applications, notamment les stations de ravitaillement en GNC, le transport en commun et les syst\u00e8mes de pipelines virtuels, nos compresseurs \u00e0 pistons BBR rel\u00e8vent la barre avec les technologies \u00e9prouv\u00e9es d\u2019Atlas Copco.","protected":false},"featured_media":43597,"template":"","meta":{"_acf_changed":false,"content-type":""},"product_brand":[],"product_cat":[78,100,107,79,523],"product_tag":[],"class_list":{"0":"post-43598","1":"product","2":"type-product","3":"status-publish","4":"has-post-thumbnail","6":"product_cat-transport-au-gaz-naturel","7":"product_cat-gnc","8":"product_cat-compresseurs-gnc","9":"product_cat-valorisation-du-biogaz","10":"product_cat-compresseurs-biogaz","12":"first","13":"instock","14":"taxable","15":"shipping-taxable","16":"product-type-simple"},"acf":[],"_links":{"self":[{"href":"https:\/\/biogasworld.com\/fr\/wp-json\/wp\/v2\/product\/43598","targetHints":{"allow":["GET"]}}],"collection":[{"href":"https:\/\/biogasworld.com\/fr\/wp-json\/wp\/v2\/product"}],"about":[{"href":"https:\/\/biogasworld.com\/fr\/wp-json\/wp\/v2\/types\/product"}],"wp:featuredmedia":[{"embeddable":true,"href":"https:\/\/biogasworld.com\/fr\/wp-json\/wp\/v2\/media\/43597"}],"wp:attachment":[{"href":"https:\/\/biogasworld.com\/fr\/wp-json\/wp\/v2\/media?parent=43598"}],"wp:term":[{"taxonomy":"product_brand","embeddable":true,"href":"https:\/\/biogasworld.com\/fr\/wp-json\/wp\/v2\/product_brand?post=43598"},{"taxonomy":"product_cat","embeddable":true,"href":"https:\/\/biogasworld.com\/fr\/wp-json\/wp\/v2\/product_cat?post=43598"},{"taxonomy":"product_tag","embeddable":true,"href":"https:\/\/biogasworld.com\/fr\/wp-json\/wp\/v2\/product_tag?post=43598"}],"curies":[{"name":"wp","href":"https:\/\/api.w.org\/{rel}","templated":true}]}}