{"id":43602,"date":"2025-09-23T19:09:35","date_gmt":"2025-09-23T23:09:35","guid":{"rendered":"https:\/\/biogasworld.com\/product\/non%20class\u00e9\/heavy-duty-gas-compressors-cu\/"},"modified":"2025-12-03T16:57:11","modified_gmt":"2025-12-03T21:57:11","slug":"compresseurs-de-gaz-cu-robustes","status":"publish","type":"product","link":"https:\/\/biogasworld.com\/fr\/product\/transport-au-gaz-naturel\/gnc\/compresseurs-gnc\/compresseurs-de-gaz-cu-robustes\/","title":{"rendered":"Compresseurs de gaz CU robustes"},"content":{"rendered":"<h2><span style=\"color: #000daa;\">Compresseurs de gaz CU robustes<\/span><\/h2>\n<p>Avec des performances fiables dans une conception compacte et fonctionnelle, nos compresseurs de gaz CU haute pression et lubrifi\u00e9s \u00e0 l&rsquo;huile robustes vous offrent une compression efficace pour l&rsquo;air, l&rsquo;azote, le gaz naturel, l&rsquo;hydrog\u00e8ne, l&rsquo;h\u00e9lium et les autres gaz industriels.<\/p>\n<p>&nbsp;<\/p>\n<h2><span style=\"color: #000daa;\">Le saviez-vous ?<\/span><\/h2>\n<p>Avec leurs faibles temp\u00e9ratures de fonctionnement et leur nombre r\u00e9duit de soupapes, les compresseurs CU robustes peuvent optimiser votre proc\u00e9d\u00e9. Ils permettent notamment de r\u00e9duire consid\u00e9rablement vos co\u00fbts de gaz naturel en \u00e9liminant les pertes dues aux fuites aux garnitures d&rsquo;\u00e9tanch\u00e9it\u00e9.<\/p>\n<p>&nbsp;<\/p>\n<p><img decoding=\"async\" class=\"aligncenter\" src=\"https:\/\/atlascopco.scene7.com\/is\/image\/atlascopco\/CU_Compressor-1600x1600px\" alt=\"Heavy duty gas compressor CU\" \/><\/p>\n<p>&nbsp;<\/p>\n<h2><span style=\"color: #000daa;\">Description technique des compresseurs de gaz CU haute pression<\/span><\/h2>\n<p>Con\u00e7us pour une installation rapide et une maintenance minimale, nos compresseurs CU robustes offrent une efficacit\u00e9 sup\u00e9rieure dans les applications haute pression, incluant notamment :<\/p>\n<ul>\n<li>les stations de ravitaillement de VGN.<\/li>\n<li>les syst\u00e8mes de ravitaillement en hydrog\u00e8ne (H2).<\/li>\n<li>l&#8217;embouteillage.<\/li>\n<\/ul>\n<p><a href=\"https:\/\/www.atlascopco.com\/en-us\/compressors\/digitalbrochures\/cu-series-gas-compressors\" target=\"_blank\" rel=\"noopener\"><strong>Pour plus d&rsquo;informations techniques, veuillez consulter notre brochure digitale.<\/strong><\/a><\/p>\n<p>&nbsp;<\/p>\n<h3><strong>Traitement de tous les gaz industriels typiques<\/strong><\/h3>\n<p>Nous avons mis \u00e0 profit des d\u00e9cennies d&rsquo;exp\u00e9rience des gaz industriels dans la conception des compresseurs CU haute pression, notamment pour traiter tous les gaz industriels classiques, incluant notamment :<\/p>\n<ul>\n<li>l&rsquo;air.<\/li>\n<li>l&rsquo;azote.<\/li>\n<li>l&rsquo;h\u00e9lium.<\/li>\n<li>l&rsquo;hydrog\u00e8ne.<\/li>\n<li>le gaz naturel.<\/li>\n<li>le monoxyde de carbone.<\/li>\n<li>le dioxyde de carbone.<\/li>\n<li>les gaz rares et les m\u00e9langes de gaz.<\/li>\n<\/ul>\n<p>&nbsp;<\/p>\n<h3><strong>S\u00e9curis\u00e9 et complet<\/strong><\/h3>\n<p>Pour garantir la s\u00e9curit\u00e9 des op\u00e9rateurs et le traitement sans contamination des gaz industriels, les compresseurs de gaz CU sont dot\u00e9s de carters \u00e9tanches sous pression afin que les gaz restent dans le compresseur et ne soient pas contamin\u00e9s par l&rsquo;air ambiant. Nous proposons des solutions de compresseur compl\u00e8tes pour les stations de ravitaillement de v\u00e9hicules au gaz naturel (VGN). Pour obtenir une pression d&rsquo;entr\u00e9e sp\u00e9cifique requise par votre process, vous pouvez \u00e9galement choisir parmi notre gamme de conceptions standardis\u00e9es ou sur mesure. Pour garantir un fonctionnement durable et robuste, le compresseur de gaz CU est dot\u00e9 d&rsquo;un nombre r\u00e9duit de soupapes fonctionnant \u00e0 des temp\u00e9ratures r\u00e9duites, d&rsquo;une pompe \u00e0 huile et d&rsquo;un ventilateur entra\u00een\u00e9s par vilebrequin, et d&rsquo;un syst\u00e8me de compression \u00e0 simple effet avec piston plongeur<\/p>\n<p>&nbsp;<\/p>\n<h3>Des d\u00e9cennies d&rsquo;exp\u00e9rience avec les stations de ravitaillement<\/h3>\n<p>Depuis plusieurs d\u00e9cennies, Atlas Copco s&rsquo;est forg\u00e9 une solide r\u00e9putation mondiale dans les syst\u00e8mes de compression \u00e0 hautes performances pour les stations de ravitaillement. Notre gamme de compresseurs et d&rsquo;accessoires vous offre une fiabilit\u00e9, une s\u00e9curit\u00e9 et des \u00e9conomies d&rsquo;\u00e9nergie exceptionnelles pour satisfaire les exigences \u00e9lev\u00e9es de vos stations de ravitaillement en GNC.<\/p>\n<p>&nbsp;<\/p>\n<h3><strong>Respect des normes internationales<\/strong><\/h3>\n<p>Nous nous conformons aux normes internationales ISO 9001, ISO 14001 et OHAS 18001. Nos m\u00e9thodes de production emploient l&rsquo;optimisation d&rsquo;ing\u00e9nierie (techniques Lean) et la fabrication agile, avec pour objectif de vous soutenir dans le monde entier avec la meilleure qualit\u00e9 de produit possible. Cela inclut notamment les certificats \u00ab z\u00e9ro d\u00e9faut \u00bb pour les joints de s\u00e9curit\u00e9 haute pression dont les compresseurs de gaz CU sont \u00e9quip\u00e9s<\/p>\n<p>&nbsp;<\/p>\n<p><img decoding=\"async\" class=\"aligncenter\" src=\"https:\/\/atlascopco.scene7.com\/is\/image\/atlascopco\/CNG+for+web\" \/><\/p>\n<p>&nbsp;<\/p>\n<h2><span style=\"color: #000daa;\">Avantages techniques<\/span><\/h2>\n<h3><strong>Haute pression et s\u00e9curit\u00e9 sup\u00e9rieure<\/strong><\/h3>\n<p>Prot\u00e9g\u00e9 par un carter \u00e9tanche sous pression, notre compresseur haute pression CU \u00e9vite les \u00e9missions de gaz \u00e0 effet de serre dans l&rsquo;atmosph\u00e8re, m\u00eame pour les gaz \u00e0 faible poids mol\u00e9culaire, tout en offrant des pressions \u00e9lev\u00e9es jusqu&rsquo;\u00e0 480 bar(a).<\/p>\n<p>&nbsp;<\/p>\n<h3><strong>Options de personnalisation compl\u00e8tes<\/strong><\/h3>\n<p>Choisissez la configuration qui convient le mieux \u00e0 vos processus. Pressions d&rsquo;entr\u00e9e de 1 \u00e0 19 bar ; 1 \u00e0 5 configurations d&rsquo;\u00e9tages ; pressions de d\u00e9charge jusqu&rsquo;\u00e0 480 bar pour les compresseurs CU.<\/p>\n<p>&nbsp;<\/p>\n<h3><strong>Id\u00e9al pour le ravitaillement GNC<\/strong><\/h3>\n<p>Les propri\u00e9taires de stations de ravitaillement GNC font confiance aux compresseurs \u00e0 pistons CU pour leur s\u00e9curit\u00e9 et leur fiabilit\u00e9. Nous soutenons toutes vos applications GNC avec des compresseurs d\u00e9di\u00e9s et une gamme compl\u00e8te d&rsquo;accessoires conformes aux normes europ\u00e9ennes ou am\u00e9ricaines : classe 1, groupe D, div. 2, NEC, UL<\/p>\n<p>&nbsp;<\/p>\n<h3>Pr\u00eat \u00e0 l&#8217;emploi pour une installation rapide<\/h3>\n<p>Mettez-vous instantan\u00e9ment au travail. Pour une installation rapide et facile, les compresseurs \u00e0 haute pression sont install\u00e9s sur une plate-forme en b\u00e9ton et livr\u00e9s sous forme d&rsquo;une solution tout-en-un pr\u00eate \u00e0 l&#8217;emploi, tr\u00e8s facile \u00e0 installer sans fondations.<\/p>\n<p>&nbsp;<\/p>\n<h3><strong>Maintenance r\u00e9duite, faibles co\u00fbts<\/strong><\/h3>\n<p>R\u00e9duisez vos frais de maintenance. Nous offrons avec les compresseurs CU robustes un concept de maintenance de pointe qui vous permet de r\u00e9duire les interruptions et les intervalles d&rsquo;entretien. Pour des performances fiables et une disponibilit\u00e9 maximale, notre technologie de pistons plongeurs offre une robustesse \u00e9prouv\u00e9e et les co\u00fbts de cycle de vie parmi les plus bas sur le march\u00e9.<\/p>\n<p>&nbsp;<\/p>\n<h3><strong>Compresseurs \u00e0 pistons lubrifi\u00e9s \u00e0 l&rsquo;huile jusqu&rsquo;\u00e0 480 bar (a)<\/strong><\/h3>\n<p>Utilis\u00e9s dans des applications d&rsquo;air et de gaz comprim\u00e9s parmi les plus exigeantes, nos compresseurs de gaz CU sont une gamme compl\u00e8te de compresseurs \u00e0 pistons lubrifi\u00e9s \u00e0 l&rsquo;huile qui offrent des pressions \u00e9lev\u00e9es jusqu&rsquo;\u00e0 480 bar (a).<\/p>\n<p><a href=\"https:\/\/www.atlascopco.com\/en-us\/compressors\/products\/gas-compressors\/cu-heavy-duty-compressor\" target=\"_blank\" rel=\"noopener\"><strong>Pour plus d&rsquo;informations, veuillez visiter notre site web.<\/strong><\/a><\/p>\n","protected":false},"excerpt":{"rendered":"En int\u00e9grant des performances fiables dans un design compact et fonctionnel, nos compresseurs de gaz haute pression lubrifi\u00e9s \u00e0 l\u2019huile CU vous offrent une compression efficace de l\u2019air, de l\u2019azote, du gaz naturel, de l\u2019hydrog\u00e8ne, de l\u2019h\u00e9lium et d\u2019autres gaz industriels.\r\n\r\nAvec leurs basses temp\u00e9ratures de fonctionnement et leur nombre r\u00e9duit de vannes, les compresseurs CU \u00e0 service intensif conduisent un processus pauvre. En \u00e9liminant les pertes d\u2019\u00e9tanch\u00e9it\u00e9 des emballages, ils r\u00e9duisent consid\u00e9rablement vos co\u00fbts de gaz.","protected":false},"featured_media":43601,"template":"","meta":{"_acf_changed":false,"content-type":""},"product_brand":[],"product_cat":[78,100,107,79,523],"product_tag":[],"class_list":{"0":"post-43602","1":"product","2":"type-product","3":"status-publish","4":"has-post-thumbnail","6":"product_cat-transport-au-gaz-naturel","7":"product_cat-gnc","8":"product_cat-compresseurs-gnc","9":"product_cat-valorisation-du-biogaz","10":"product_cat-compresseurs-biogaz","12":"first","13":"instock","14":"taxable","15":"shipping-taxable","16":"product-type-simple"},"acf":[],"_links":{"self":[{"href":"https:\/\/biogasworld.com\/fr\/wp-json\/wp\/v2\/product\/43602","targetHints":{"allow":["GET"]}}],"collection":[{"href":"https:\/\/biogasworld.com\/fr\/wp-json\/wp\/v2\/product"}],"about":[{"href":"https:\/\/biogasworld.com\/fr\/wp-json\/wp\/v2\/types\/product"}],"wp:featuredmedia":[{"embeddable":true,"href":"https:\/\/biogasworld.com\/fr\/wp-json\/wp\/v2\/media\/43601"}],"wp:attachment":[{"href":"https:\/\/biogasworld.com\/fr\/wp-json\/wp\/v2\/media?parent=43602"}],"wp:term":[{"taxonomy":"product_brand","embeddable":true,"href":"https:\/\/biogasworld.com\/fr\/wp-json\/wp\/v2\/product_brand?post=43602"},{"taxonomy":"product_cat","embeddable":true,"href":"https:\/\/biogasworld.com\/fr\/wp-json\/wp\/v2\/product_cat?post=43602"},{"taxonomy":"product_tag","embeddable":true,"href":"https:\/\/biogasworld.com\/fr\/wp-json\/wp\/v2\/product_tag?post=43602"}],"curies":[{"name":"wp","href":"https:\/\/api.w.org\/{rel}","templated":true}]}}