{"id":43607,"date":"2025-09-23T19:13:42","date_gmt":"2025-09-23T23:13:42","guid":{"rendered":"https:\/\/biogasworld.com\/product\/non%20class\u00e9\/reciprocating-gas-compressors-hx-hn-2\/"},"modified":"2025-12-03T16:36:32","modified_gmt":"2025-12-03T21:36:32","slug":"compresseurs-de-gaz-a-pistons-hx-et-hn-2","status":"publish","type":"product","link":"https:\/\/biogasworld.com\/fr\/product\/transport-au-gaz-naturel\/gnc\/compresseurs-gnc\/compresseurs-de-gaz-a-pistons-hx-et-hn-2\/","title":{"rendered":"Compresseurs de gaz \u00e0 pistons HX et HN"},"content":{"rendered":"<h2><span style=\"color: #000daa;\">Compresseurs de gaz \u00e0 pistons HX et HN<\/span><\/h2>\n<p>Offrant des solutions extr\u00eamement fiables pour une large gamme d&rsquo;applications, les compresseurs de gaz \u00e0 pistons sans huile HX et HN peuvent traiter les gaz tels que l&rsquo;air, l&rsquo;azote, le CO2, le m\u00e9thane, l&rsquo;hydrog\u00e8ne et l&rsquo;argon. En plus des offres standard, ils peuvent \u00eatre personnalis\u00e9s pour r\u00e9pondre pr\u00e9cis\u00e9ment \u00e0 vos besoins. Nos compresseurs de gaz HX\/HN vous aident \u00e0 ma\u00eetriser vos co\u00fbts gr\u00e2ce \u00e0 un entretien r\u00e9duit.<\/p>\n<p>Les compresseurs de gaz haute pression HX et HN offrent une \u00e9nergie propre pour les stations d&rsquo;injection de r\u00e9seau de gaz naturel et les applications GNC, en continuit\u00e9 avec l&rsquo;engagement d&rsquo;Atlas Copco \u00e0 \u00eatre l&rsquo;une des soci\u00e9t\u00e9s les plus durables au monde.<\/p>\n<p>&nbsp;<\/p>\n<p><img decoding=\"async\" class=\"aligncenter\" src=\"https:\/\/atlascopco.scene7.com\/is\/image\/atlascopco\/HXHN\" alt=\"reciprocating gas compressors HX &amp; HN\" \/><\/p>\n<p>&nbsp;<\/p>\n<h2><span style=\"color: #000daa;\">Description technique des compresseurs de gaz \u00e0 pistons HX et HN<\/span><\/h2>\n<h3><strong>Applications de gaz et d&rsquo;air industrielles<\/strong><\/h3>\n<p>Les compresseurs de gaz \u00e0 pistons alternatifs \u00e0 haute pression HX et HN sont utilis\u00e9s partout dans le monde dans des centrales \u00e9lectriques, des exploitations p\u00e9troli\u00e8res et gazi\u00e8res, des usines de produits chimiques et des processus industriels. Avec leurs pistons oppos\u00e9s horizontalement pour un meilleur \u00e9quilibrage et \u00e9conomes en \u00e9nergie, nos compresseurs HX\/HN polyvalents peuvent traiter diff\u00e9rents gaz (air, azote, CO2, m\u00e9thane, hydrog\u00e8ne et argon) et sont adapt\u00e9s \u00e0 de nombreuses applications, telles que :<\/p>\n<ul>\n<li>la surpression de gaz de chauffe.<\/li>\n<li>l&rsquo;alimentation haute pression en air\/azote d&rsquo;unit\u00e9s de s\u00e9paration d&rsquo;air\/azote.<\/li>\n<li>la surpression d&rsquo;azote pour de nombreux secteurs tels que la m\u00e9tallurgie et l&rsquo;agroalimentaire.Notre conception flexible HX\/HN convient \u00e0 une vaste gamme d&rsquo;applications et d&rsquo;industries.<\/li>\n<\/ul>\n<p><a href=\"https:\/\/www.atlascopco.com\/en-us\/compressors\/products\/air-compressor\/oil-free-air-compressors\/reciprocating-piston-compressors-hx-hn-15\" target=\"_blank\" rel=\"noopener\">En savoir plus sur nos solutions HX\/HN pour l&rsquo;air \u00e0 moyenne pression.<\/a><\/p>\n<p>&nbsp;<\/p>\n<h3><strong>Sans huile, quelles que soient les conditions<\/strong><\/h3>\n<p>La compression sans huile gr\u00e2ce aux bagues des pistons en PTFE et aux composants longue distance permet de prot\u00e9ger la qualit\u00e9 du gaz. Il s&rsquo;agit l\u00e0 d&rsquo;un atout important, car la moindre contamination par de l&rsquo;huile est inacceptable et pourrait conduire \u00e0 des risques \u00e9lev\u00e9s dans de nombreuses applications. Les compresseurs de gaz haute pression HX\/HN endurent les conditions les plus difficiles pour une exploitation en ext\u00e9rieur, en int\u00e9rieur, dans des raffineries, dans des d\u00e9serts (temp\u00e9ratures ambiantes \u00e9lev\u00e9es) ou dans des environnements sableux<\/p>\n<p>&nbsp;<\/p>\n<h3><strong>D\u00e9bit r\u00e9glable<\/strong><\/h3>\n<p>Pour assurer une flexibilit\u00e9 maximale dans vos op\u00e9rations, divers syst\u00e8mes de r\u00e9gulation, dont l&rsquo;entra\u00eenement \u00e0 vitesse variable en option (grande \u00e9chelle de variabilit\u00e9 entre 40 et 100 % du d\u00e9bit) et le m\u00e9canisme de charge\/d\u00e9charge de vanne, permettent d&rsquo;ajuster le d\u00e9bit en fonction de l&rsquo;utilisation r\u00e9elle de la machine et du syst\u00e8me de d\u00e9rivation (vanne de r\u00e9gulation de pression). De plus, nos experts peuvent vous aider \u00e0 choisir les options du compresseur afin de r\u00e9pondre \u00e0 vos besoins sp\u00e9cifiques.<\/p>\n<p>&nbsp;<\/p>\n<h2><span style=\"color: #000daa;\">Avantages techniques<\/span><\/h2>\n<h3><strong>Certifi\u00e9 sans huile<\/strong><\/h3>\n<p>Notre technologie sans huile est conforme \u00e0 l&rsquo;exigeante norme ISO de classe 0 et permet de s\u00e9curiser vos processus avec la meilleure qualit\u00e9 d&rsquo;air et de gaz possible. L&rsquo;absence totale d&rsquo;huile, en plus d&rsquo;\u00eatre importante lorsque le gaz entre en contact avec des produits finis consommables, permet \u00e9galement d&rsquo;\u00e9liminer tous les risques caus\u00e9s par le contact de l&rsquo;huile avec votre processus et vos \u00e9quipements.<\/p>\n<p><a href=\"https:\/\/www.atlascopco.com\/en-us\/compressors\/customerbenefit\/class-0-iso-8573-1\" target=\"_blank\" rel=\"noopener\">En savoir plus sur la classe 0<\/a><\/p>\n<p>&nbsp;<\/p>\n<h3><strong>Totalement adaptable aux besoins de vos applications<\/strong><\/h3>\n<p>Nous pouvons r\u00e9pondre \u00e0 tous les types de gaz et pressions d&rsquo;aspiration gr\u00e2ce \u00e0 l&rsquo;adoption de pi\u00e8ces et mat\u00e9riaux sur mesure. Les composants (vannes, garnitures de bielle de piston, cylindres) sont d\u00e9termin\u00e9s en fonction du type de gaz et de leur teneur en humidit\u00e9, ou vous pouvez opter pour une configuration standardis\u00e9e.<\/p>\n<p>&nbsp;<\/p>\n<h3><strong>Traitement de nombreux gaz et applications vari\u00e9es<\/strong><\/h3>\n<p>D\u00e9couvrez les compresseurs \u00e0 pistons alternatifs parmi les plus polyvalents sur le march\u00e9 : les compresseurs HX\/HN peuvent traiter l&rsquo;air, l&rsquo;azote, l&rsquo;hydrog\u00e8ne, l&rsquo;argon, le CO2, le biom\u00e9thane, le gaz naturel, l&rsquo;injection r\u00e9seau de gaz naturel comprim\u00e9, etc.<\/p>\n<p>&nbsp;<\/p>\n<h3><strong>Fonctionnement 24 h\/24 et 7 j\/7 du compresseur<\/strong><\/h3>\n<p>Pour augmenter votre productivit\u00e9 de fa\u00e7on ininterrompue, les compresseurs de gaz \u00e0 pistons HX\/HN travaillent de mani\u00e8re efficace et rentable dans des conditions difficiles avec un minimum d&rsquo;entretien et de longs intervalles de r\u00e9vision<\/p>\n<p>&nbsp;<\/p>\n<h3><strong>Jusqu&rsquo;\u00e0 8 000 heures\/an sans entretien<\/strong><\/h3>\n<p>Choisissez une machine efficace et fiable. Gr\u00e2ce \u00e0 une conception avec des pistons oppos\u00e9s horizontalement qui produit moins de vibrations et est plus s\u00e9curis\u00e9e, les compresseurs de gaz HX\/HN peuvent fonctionner plusieurs milliers d&rsquo;heures par an sans intervention d&rsquo;entretien. La faible vitesse de d\u00e9placement des pistons et les temp\u00e9ratures inter-\u00e9tages r\u00e9duites permettent \u00e9galement de pr\u00e9server les composants internes des machines conform\u00e9ment aux directives API 618.<\/p>\n<p>&nbsp;<\/p>\n<h2><span style=\"color: #000daa;\">Respect des normes internationales<\/span><\/h2>\n<p>Les compresseurs de gaz \u00e0 pistons HX et HN sont certifi\u00e9s selon les principales normes internationales, incluant notamment<\/p>\n<ul>\n<li>CE\/PED<\/li>\n<li>ASME<\/li>\n<li>SQRL<\/li>\n<li>GOST<\/li>\n<li>API<\/li>\n<li>IEC\/CE<\/li>\n<li>UL\/CSA<\/li>\n<li>Zones ATEX<\/li>\n<li>PED<\/li>\n<li>Autres codes ou normes sur demande.<\/li>\n<\/ul>\n<p><a href=\"https:\/\/www.atlascopco.com\/en-us\/compressors\/products\/gas-compressors\/hx-hn-reciprocating-gas-compressor\" target=\"_blank\" rel=\"noopener\"><strong>Pour plus d&rsquo;informations, veuillez visiter notre site web.<\/strong><\/a><\/p>\n<p>&nbsp;<\/p>\n","protected":false},"excerpt":{"rendered":"Offrant des solutions extr\u00eamement fiables pour une large gamme d\u2019applications, . Les compresseurs de gaz \u00e0 piston sans huile HX et HN traitent des gaz tels que l\u2019air, l\u2019azote, le CO2, le m\u00e9thane, l\u2019hydrog\u00e8ne et l\u2019argon. En plus des packages standard, ils peuvent \u00eatre personnalis\u00e9s pour r\u00e9pondre aux exigences exactes de votre processus. Nos compresseurs de gaz HX\/HN aident \u00e0 ma\u00eetriser vos co\u00fbts tout en pr\u00e9servant des exigences d\u2019entretien faibles.\r\n\r\nLes compresseurs de gaz \u00e0 haute pression HX et HN fournissent une \u00e9nergie propre aux stations d\u2019injection du r\u00e9seau de gaz naturel et pour les applications au GNC, fid\u00e8les \u00e0 l\u2019engagement d\u2019Atlas Copco en tant qu\u2019une des entreprises les plus durables au monde.","protected":false},"featured_media":43605,"template":"","meta":{"_acf_changed":false,"content-type":""},"product_brand":[],"product_cat":[78,100,107,79,523],"product_tag":[],"class_list":{"0":"post-43607","1":"product","2":"type-product","3":"status-publish","4":"has-post-thumbnail","6":"product_cat-transport-au-gaz-naturel","7":"product_cat-gnc","8":"product_cat-compresseurs-gnc","9":"product_cat-valorisation-du-biogaz","10":"product_cat-compresseurs-biogaz","12":"first","13":"instock","14":"taxable","15":"shipping-taxable","16":"product-type-simple"},"acf":[],"_links":{"self":[{"href":"https:\/\/biogasworld.com\/fr\/wp-json\/wp\/v2\/product\/43607","targetHints":{"allow":["GET"]}}],"collection":[{"href":"https:\/\/biogasworld.com\/fr\/wp-json\/wp\/v2\/product"}],"about":[{"href":"https:\/\/biogasworld.com\/fr\/wp-json\/wp\/v2\/types\/product"}],"wp:featuredmedia":[{"embeddable":true,"href":"https:\/\/biogasworld.com\/fr\/wp-json\/wp\/v2\/media\/43605"}],"wp:attachment":[{"href":"https:\/\/biogasworld.com\/fr\/wp-json\/wp\/v2\/media?parent=43607"}],"wp:term":[{"taxonomy":"product_brand","embeddable":true,"href":"https:\/\/biogasworld.com\/fr\/wp-json\/wp\/v2\/product_brand?post=43607"},{"taxonomy":"product_cat","embeddable":true,"href":"https:\/\/biogasworld.com\/fr\/wp-json\/wp\/v2\/product_cat?post=43607"},{"taxonomy":"product_tag","embeddable":true,"href":"https:\/\/biogasworld.com\/fr\/wp-json\/wp\/v2\/product_tag?post=43607"}],"curies":[{"name":"wp","href":"https:\/\/api.w.org\/{rel}","templated":true}]}}