{"id":43615,"date":"2025-09-29T20:48:08","date_gmt":"2025-09-30T00:48:08","guid":{"rendered":"https:\/\/biogasworld.com\/product\/non%20class\u00e9\/spiralo\/"},"modified":"2025-09-29T20:51:44","modified_gmt":"2025-09-30T00:51:44","slug":"spiralo","status":"publish","type":"product","link":"https:\/\/biogasworld.com\/fr\/product\/biomethanisation\/agitation\/spiralo\/","title":{"rendered":"Spiralo"},"content":{"rendered":"<h2><span style=\"color: #000daa;\"><strong>L&rsquo;innovant<\/strong><\/span><\/h2>\n<p>Comme on le sait, il existe de nombreuses fa\u00e7ons diff\u00e9rentes de maintenir les substrats en mouvement dans la production de biogaz. Le rendement \u00e9nerg\u00e9tique et donc l&rsquo;efficacit\u00e9 \u00e9conomique d&rsquo;une usine ne d\u00e9pend pas seulement du \u00ab\u00a0comment\u00a0\u00bb. Le Spiralo est un agitateur nouvellement d\u00e9velopp\u00e9, dans lequel s&rsquo;est d\u00e9vers\u00e9e l&rsquo;exp\u00e9rience de d\u00e9cennies de coop\u00e9ration avec des coll\u00e8ges et instituts techniques Les nombreuses innovations sont en instance de brevet, car notre agitateur est unique dans sa cat\u00e9gorie.<\/p>\n<p><img decoding=\"async\" class=\"aligncenter\" src=\"https:\/\/www.ruehrwerkstechnik-steverding.de\/fileadmin\/_processed_\/csm_SRTS_Ruehrwerke_1024px_Spiralo_f0729b4272.png\" \/><\/p>\n<p><strong>Avantages<\/strong><\/p>\n<ul>\n<li>Agitateur \u00e0 arbre horizontal tournant lentement pour un niveau de remplissage constant et fluctuant sur tout le diam\u00e8tre de l&rsquo;agitateur ;<\/li>\n<li>Effet d&rsquo;aspiration axiale \u00e0 partir du centre du r\u00e9cipient et \u00e9jection radiale sur la paroi du r\u00e9cipient pour un m\u00e9lange tr\u00e8s efficace ;<\/li>\n<li>Grande efficacit\u00e9 m\u00eame avec des m\u00e9dias tr\u00e8s visqueux ;<\/li>\n<li>Permet de remuer l&rsquo;ensemble du r\u00e9cipient en un minimum de temps ;<\/li>\n<li>Traitement doux de la population bact\u00e9rienne pour un rendement gazeux optimal ;<\/li>\n<li>Le stockage dans le conteneur est constitu\u00e9 d&rsquo;un plastique sp\u00e9cial tr\u00e8s r\u00e9sistant \u00e0 l&rsquo;usure et sans entretien pour les roulements ;<\/li>\n<li>Tous les composants pertinents peuvent \u00eatre remplac\u00e9s sans qu&rsquo;il soit n\u00e9cessaire de vider le r\u00e9cipient ou de remplacer l&rsquo;arbre de l&rsquo;agitateur ;<\/li>\n<li>Le principe actif est id\u00e9al pour briser les couches flottantes ;<\/li>\n<li>Le principe de l&rsquo;agitateur permet de remuer les couches qui s&rsquo;enfoncent ;<\/li>\n<li>Facilite le d\u00e9gazage du substrat ;<\/li>\n<li>Tr\u00e8s peu d&rsquo;entretien.<\/li>\n<\/ul>\n<p><strong>Domaines d&rsquo;application<\/strong><\/p>\n<ul>\n<li>Rupture des couches flottantes ;<br \/>\nLe brassage des couches qui s&rsquo;enfoncent ;<br \/>\nMilieux \u00e0 haute et basse viscosit\u00e9 (teneur en TS jusqu&rsquo;\u00e0 11 %) ;<br \/>\nConvient pour le stockage des fermenteurs, des fermenteurs secondaires et des r\u00e9sidus de fermentation en acier ou en b\u00e9ton.<\/li>\n<\/ul>\n","protected":false},"excerpt":{"rendered":"Spiralo est un agitateur enti\u00e8rement nouveau dans lequel l\u2019exp\u00e9rience de plusieurs d\u00e9cennies de collaboration avec les coll\u00e8ges et instituts techniques a \u00e9t\u00e9 int\u00e9gr\u00e9e.","protected":false},"featured_media":43614,"template":"","meta":{"_acf_changed":false,"content-type":""},"product_brand":[],"product_cat":[77,513],"product_tag":[],"class_list":{"0":"post-43615","1":"product","2":"type-product","3":"status-publish","4":"has-post-thumbnail","6":"product_cat-biomethanisation","7":"product_cat-agitation","9":"first","10":"instock","11":"taxable","12":"shipping-taxable","13":"product-type-simple"},"acf":[],"_links":{"self":[{"href":"https:\/\/biogasworld.com\/fr\/wp-json\/wp\/v2\/product\/43615","targetHints":{"allow":["GET"]}}],"collection":[{"href":"https:\/\/biogasworld.com\/fr\/wp-json\/wp\/v2\/product"}],"about":[{"href":"https:\/\/biogasworld.com\/fr\/wp-json\/wp\/v2\/types\/product"}],"wp:featuredmedia":[{"embeddable":true,"href":"https:\/\/biogasworld.com\/fr\/wp-json\/wp\/v2\/media\/43614"}],"wp:attachment":[{"href":"https:\/\/biogasworld.com\/fr\/wp-json\/wp\/v2\/media?parent=43615"}],"wp:term":[{"taxonomy":"product_brand","embeddable":true,"href":"https:\/\/biogasworld.com\/fr\/wp-json\/wp\/v2\/product_brand?post=43615"},{"taxonomy":"product_cat","embeddable":true,"href":"https:\/\/biogasworld.com\/fr\/wp-json\/wp\/v2\/product_cat?post=43615"},{"taxonomy":"product_tag","embeddable":true,"href":"https:\/\/biogasworld.com\/fr\/wp-json\/wp\/v2\/product_tag?post=43615"}],"curies":[{"name":"wp","href":"https:\/\/api.w.org\/{rel}","templated":true}]}}