{"id":43631,"date":"2025-09-29T21:23:48","date_gmt":"2025-09-30T01:23:48","guid":{"rendered":"https:\/\/biogasworld.com\/product\/non%20class\u00e9\/long-shaft-agitator\/"},"modified":"2025-09-29T21:27:45","modified_gmt":"2025-09-30T01:27:45","slug":"long-shaft-agitator","status":"publish","type":"product","link":"https:\/\/biogasworld.com\/fr\/product\/biomethanisation\/agitation\/long-shaft-agitator\/","title":{"rendered":"Agitateur \u00e0 arbre long"},"content":{"rendered":"<h2><span style=\"color: #000daa;\"><strong>Le g\u00e9ant<\/strong><\/span><\/h2>\n<p>L&rsquo;humanit\u00e9 s&rsquo;efforce de s&rsquo;\u00e9tendre et de s&rsquo;am\u00e9liorer en permanence. Cette tendance ne s&rsquo;arr\u00eate m\u00eame pas devant l&rsquo;industrie du biogaz. Les r\u00e9servoirs de plus de 30 m de diam\u00e8tre ne sont plus rares. Afin de r\u00e9pondre \u00e0 ces exigences, nous avons \u00e9galement inclus l&rsquo;agitateur \u00e0 arbre long dans notre gamme standard.<\/p>\n<p><img decoding=\"async\" class=\"aligncenter\" src=\"https:\/\/www.ruehrwerkstechnik-steverding.de\/fileadmin\/_processed_\/csm_360x360_Hintergrund_5e57334e65.png\" \/><\/p>\n<p><strong>Avantages<\/strong><\/p>\n<ul>\n<li>Pour les grands r\u00e9servoirs \u00e0 partir d&rsquo;environs 30 m\u00e8tres ;<\/li>\n<li>Pas de perte de propri\u00e9t\u00e9s en raison de la taille ;<\/li>\n<li>Conception individuelle :\n<ul>\n<li>avec pale Spiralo ;<\/li>\n<li>avec pale Schwanko ;<\/li>\n<li>avec pale Hydromixer.<\/li>\n<\/ul>\n<\/li>\n<li>Le palier dans le r\u00e9servoir est en plastique hautement r\u00e9sistant \u00e0 l&rsquo;usure et exempt de maintenance ;<\/li>\n<li>Tous les composants importants sont rempla\u00e7ables, sans qu&rsquo;il soit n\u00e9cessaire de vider le r\u00e9servoir ou de remplacer l&rsquo;arbre agitateur ;<\/li>\n<li>Le principe de fonctionnement est id\u00e9al pour la rupture des croutes flottantes ;<\/li>\n<li>Le principe de fonctionnement aide \u00e0 remuer les d\u00e9p\u00f4ts pr\u00e9cipit\u00e9s ;<\/li>\n<li>Facilite le d\u00e9gazage du substrat ;<\/li>\n<li>L&rsquo;installation et les composants n&rsquo;exigent que tr\u00e8s peu de maintenance.<\/li>\n<\/ul>\n<p><strong>Domaines d&rsquo;application<\/strong><\/p>\n<ul>\n<li>Pour des niveaux de remplissage constants ou fluctuants (selon la s\u00e9lection de pale) ;<\/li>\n<li>Rupture de croutes flottantes ;<\/li>\n<li>Agitation de d\u00e9p\u00f4ts pr\u00e9cipit\u00e9s ;<\/li>\n<li>Milieux de haute et faible viscosit\u00e9 (selon la s\u00e9lection de pale) ;<\/li>\n<li>Appropri\u00e9 pour digesteurs, post-digesteurs et r\u00e9servoirs de m\u00e9lange en version en acier ou en b\u00e9ton.<\/li>\n<\/ul>\n","protected":false},"excerpt":{"rendered":"Les conteneurs d\u2019un diam\u00e8tre sup\u00e9rieur \u00e0 30 m ne sont plus rares. Afin de r\u00e9pondre \u00e9galement \u00e0 ces exigences, nous avons \u00e9galement inclus l\u2019agitateur \u00e0 long arbre dans notre gamme standard.","protected":false},"featured_media":43629,"template":"","meta":{"_acf_changed":false,"content-type":""},"product_brand":[],"product_cat":[77,513],"product_tag":[],"class_list":{"0":"post-43631","1":"product","2":"type-product","3":"status-publish","4":"has-post-thumbnail","6":"product_cat-biomethanisation","7":"product_cat-agitation","9":"first","10":"instock","11":"taxable","12":"shipping-taxable","13":"product-type-simple"},"acf":[],"_links":{"self":[{"href":"https:\/\/biogasworld.com\/fr\/wp-json\/wp\/v2\/product\/43631","targetHints":{"allow":["GET"]}}],"collection":[{"href":"https:\/\/biogasworld.com\/fr\/wp-json\/wp\/v2\/product"}],"about":[{"href":"https:\/\/biogasworld.com\/fr\/wp-json\/wp\/v2\/types\/product"}],"wp:featuredmedia":[{"embeddable":true,"href":"https:\/\/biogasworld.com\/fr\/wp-json\/wp\/v2\/media\/43629"}],"wp:attachment":[{"href":"https:\/\/biogasworld.com\/fr\/wp-json\/wp\/v2\/media?parent=43631"}],"wp:term":[{"taxonomy":"product_brand","embeddable":true,"href":"https:\/\/biogasworld.com\/fr\/wp-json\/wp\/v2\/product_brand?post=43631"},{"taxonomy":"product_cat","embeddable":true,"href":"https:\/\/biogasworld.com\/fr\/wp-json\/wp\/v2\/product_cat?post=43631"},{"taxonomy":"product_tag","embeddable":true,"href":"https:\/\/biogasworld.com\/fr\/wp-json\/wp\/v2\/product_tag?post=43631"}],"curies":[{"name":"wp","href":"https:\/\/api.w.org\/{rel}","templated":true}]}}