{"id":43641,"date":"2025-09-29T21:42:15","date_gmt":"2025-09-30T01:42:15","guid":{"rendered":"https:\/\/biogasworld.com\/product\/non%20class\u00e9\/plug-flow-agitator\/"},"modified":"2025-09-29T21:47:43","modified_gmt":"2025-09-30T01:47:43","slug":"plug-flow-agitator","status":"publish","type":"product","link":"https:\/\/biogasworld.com\/fr\/product\/biomethanisation\/agitation\/plug-flow-agitator\/","title":{"rendered":"Agitateur \u00e0 flux piston"},"content":{"rendered":"<h2><span style=\"color: #000daa;\"><strong>Pour les teneurs extr\u00eames en mati\u00e8res s\u00e8ches<\/strong><\/span><\/h2>\n<p>Au cours des 20 derni\u00e8res ann\u00e9es, la technologie du biogaz s&rsquo;est d\u00e9velopp\u00e9e dans de nombreux domaines. \u00c9galement dans la fermentation de nouveaux substrats. \u00c0 mesure que la teneur en mati\u00e8res solides augmente, de plus en plus de plantes atteignent le niveau de la fermentation s\u00e8che par d\u00e9finition. Nos agitateurs \u00e0 \u00e9coulement piston peuvent facilement remuer des teneurs en mati\u00e8re s\u00e8che sup\u00e9rieures \u00e0 25 %. Il existe des exigences techniques tr\u00e8s sp\u00e9cifiques dans ce domaine, auxquelles r\u00e9pondent id\u00e9alement nos agitateurs \u00e0 flux piston.<\/p>\n<p><img decoding=\"async\" class=\"aligncenter\" src=\"https:\/\/www.ruehrwerkstechnik-steverding.de\/fileadmin\/_processed_\/csm_SRTS_Ruehrwerke_1024px_Pfropfen_67aaa3168d.png\" \/><\/p>\n<p><strong>Avantages<\/strong><\/p>\n<ul>\n<li>Agitateur \u00e0 fonctionnement tr\u00e8s lent pour les plantes \u00e0 tr\u00e8s forte teneur en substrat sec ;<\/li>\n<li>La d\u00e9composition acc\u00e9l\u00e9r\u00e9e de la biomasse augmente le rendement en gaz ;<\/li>\n<li>Utilisation variable, par exemple pour l&rsquo;hydrolyse ou comme fermenteur ;<\/li>\n<li>Utilisation pour le fonctionnement dans la gamme m\u00e9sophile et thermophile ;<\/li>\n<li>Aucun pr\u00e9traitement du mat\u00e9riel d&rsquo;entr\u00e9e n&rsquo;est n\u00e9cessaire ;<\/li>\n<li>Couple tr\u00e8s \u00e9lev\u00e9 ;<\/li>\n<li>Faible consommation d&rsquo;\u00e9nergie propre ;<\/li>\n<li>Niveaux de remplissage, temps de s\u00e9jour et vitesses variables possibles sans modifications techniques.<\/li>\n<\/ul>\n<p><strong>Options<\/strong><\/p>\n<ul>\n<li>Gr\u00e2ce \u00e0 l&rsquo;arbre flottant brevet\u00e9 par STC-engineering, aucun stockage suppl\u00e9mentaire dans le r\u00e9servoir n&rsquo;est n\u00e9cessaire ;<\/li>\n<li>Le conteneur GFK peut \u00eatre fourni.<\/li>\n<\/ul>\n<p><strong>Domaines d&rsquo;application<\/strong><\/p>\n<ul>\n<li>\u00c9viter les couches flottantes et qui coulent ;<\/li>\n<li>Milieux \u00e0 tr\u00e8s haute viscosit\u00e9 ;<\/li>\n<li>Convient aux pr\u00e9-fermenteurs pour l&rsquo;hydrolyse et aux fermenteurs.<\/li>\n<\/ul>\n","protected":false},"excerpt":{"rendered":"Les fermenteurs \u00e0 agitation verticale constituent un segment de niche, cependant, leur utilisation augmente fortement.","protected":false},"featured_media":43640,"template":"","meta":{"_acf_changed":false,"content-type":""},"product_brand":[],"product_cat":[77,513],"product_tag":[],"class_list":{"0":"post-43641","1":"product","2":"type-product","3":"status-publish","4":"has-post-thumbnail","6":"product_cat-biomethanisation","7":"product_cat-agitation","9":"first","10":"instock","11":"taxable","12":"shipping-taxable","13":"product-type-simple"},"acf":[],"_links":{"self":[{"href":"https:\/\/biogasworld.com\/fr\/wp-json\/wp\/v2\/product\/43641","targetHints":{"allow":["GET"]}}],"collection":[{"href":"https:\/\/biogasworld.com\/fr\/wp-json\/wp\/v2\/product"}],"about":[{"href":"https:\/\/biogasworld.com\/fr\/wp-json\/wp\/v2\/types\/product"}],"wp:featuredmedia":[{"embeddable":true,"href":"https:\/\/biogasworld.com\/fr\/wp-json\/wp\/v2\/media\/43640"}],"wp:attachment":[{"href":"https:\/\/biogasworld.com\/fr\/wp-json\/wp\/v2\/media?parent=43641"}],"wp:term":[{"taxonomy":"product_brand","embeddable":true,"href":"https:\/\/biogasworld.com\/fr\/wp-json\/wp\/v2\/product_brand?post=43641"},{"taxonomy":"product_cat","embeddable":true,"href":"https:\/\/biogasworld.com\/fr\/wp-json\/wp\/v2\/product_cat?post=43641"},{"taxonomy":"product_tag","embeddable":true,"href":"https:\/\/biogasworld.com\/fr\/wp-json\/wp\/v2\/product_tag?post=43641"}],"curies":[{"name":"wp","href":"https:\/\/api.w.org\/{rel}","templated":true}]}}