{"id":43654,"date":"2025-10-07T15:54:05","date_gmt":"2025-10-07T19:54:05","guid":{"rendered":"https:\/\/biogasworld.com\/product\/non%20class\u00e9\/tmc-cryogenic-flow-meter\/"},"modified":"2025-10-07T15:55:36","modified_gmt":"2025-10-07T19:55:36","slug":"tmc-cryogenic-flow-meter","status":"publish","type":"product","link":"https:\/\/biogasworld.com\/fr\/product\/biomethanisation\/instruments-et-controle\/instrumentation\/tmc-cryogenic-flow-meter\/","title":{"rendered":"TMC \u2013 D\u00e9bitm\u00e8tre cryog\u00e9nique"},"content":{"rendered":"","protected":false},"excerpt":{"rendered":"La s\u00e9rie TMC est con\u00e7ue sp\u00e9cifiquement pour les applications cryog\u00e9niques. Ce d\u00e9bitm\u00e8tre usin\u00e9 avec pr\u00e9cision dispose d\u2019une plage de temp\u00e9rature de fonctionnement de -450 \u00b0F \u00e0 +450 \u00b0F, couvrant des d\u00e9bits de 1 \u00e0 12000 gpm avec une lin\u00e9arit\u00e9 standard de +\/- 0,5 % et une r\u00e9p\u00e9tabilit\u00e9 de +\/- 0,1 %.\r\n\r\nTurbines, Inc. documente la performance des compteurs au moyen d\u2019une usine tra\u00e7able NIST ou d\u2019un \u00e9talonnage ind\u00e9pendant en laboratoire. Turbines, Inc. maintient son avantage concurrentiel sur le march\u00e9 de la mesure cryog\u00e9nique en utilisant ses 150 ans d\u2019exp\u00e9rience combin\u00e9e dans ce domaine.","protected":false},"featured_media":43653,"template":"","meta":{"_acf_changed":false,"content-type":""},"product_brand":[],"product_cat":[77,119,143],"product_tag":[],"class_list":{"0":"post-43654","1":"product","2":"type-product","3":"status-publish","4":"has-post-thumbnail","6":"product_cat-biomethanisation","7":"product_cat-instruments-et-controle","8":"product_cat-instrumentation","10":"first","11":"instock","12":"taxable","13":"shipping-taxable","14":"product-type-simple"},"acf":[],"_links":{"self":[{"href":"https:\/\/biogasworld.com\/fr\/wp-json\/wp\/v2\/product\/43654","targetHints":{"allow":["GET"]}}],"collection":[{"href":"https:\/\/biogasworld.com\/fr\/wp-json\/wp\/v2\/product"}],"about":[{"href":"https:\/\/biogasworld.com\/fr\/wp-json\/wp\/v2\/types\/product"}],"wp:featuredmedia":[{"embeddable":true,"href":"https:\/\/biogasworld.com\/fr\/wp-json\/wp\/v2\/media\/43653"}],"wp:attachment":[{"href":"https:\/\/biogasworld.com\/fr\/wp-json\/wp\/v2\/media?parent=43654"}],"wp:term":[{"taxonomy":"product_brand","embeddable":true,"href":"https:\/\/biogasworld.com\/fr\/wp-json\/wp\/v2\/product_brand?post=43654"},{"taxonomy":"product_cat","embeddable":true,"href":"https:\/\/biogasworld.com\/fr\/wp-json\/wp\/v2\/product_cat?post=43654"},{"taxonomy":"product_tag","embeddable":true,"href":"https:\/\/biogasworld.com\/fr\/wp-json\/wp\/v2\/product_tag?post=43654"}],"curies":[{"name":"wp","href":"https:\/\/api.w.org\/{rel}","templated":true}]}}