{"id":43666,"date":"2025-10-08T17:27:41","date_gmt":"2025-10-08T21:27:41","guid":{"rendered":"https:\/\/biogasworld.com\/product\/non%20class\u00e9\/ao2000\/"},"modified":"2025-10-08T17:45:05","modified_gmt":"2025-10-08T21:45:05","slug":"ao2000","status":"publish","type":"product","link":"https:\/\/biogasworld.com\/fr\/product\/biomethanisation\/instruments-et-controle\/instrumentation\/ao2000\/","title":{"rendered":"AO2000"},"content":{"rendered":"<h2><span style=\"color: #000daa;\">Solution de syst\u00e8me d\u2019analyseur int\u00e9gr\u00e9 Advance Optima AO2000<\/span><\/h2>\n<p>Advance s\u00e9rie Optima avec une conception de syst\u00e8me modulaire. La plus large gamme de technologies d\u2019analyse allant des photom\u00e8tres de processus sp\u00e9cialis\u00e9s \u00e0 la mesure laser en ligne. Centralement et \u00e0 distance op\u00e9rable avec des r\u00e9seaux Ethernet. Con\u00e7u pour une utilisation dans les zones dangereuses et avec des gaz \u00e9chantillons inflammables.<\/p>\n<p>&nbsp;<\/p>\n<h2><span style=\"color: #000daa;\">Capacit\u00e9 d&rsquo;ABB\u2122 \u2013 Maintenance facilit\u00e9e avec des solutions num\u00e9riques \u00e9volutives<\/span><\/h2>\n<ul>\n<li>Codes QR dynamiques pour un transfert facile de toutes les informations de diagnostic pertinentes pour un d\u00e9pannage et une r\u00e9paration plus rapides.<\/li>\n<li>Solution d\u2019assistance \u00e0 distance pour un service expert \u00e0 la demande fournissant un diagnostic et une assistance \u00e0 distance pour les analyseurs.<\/li>\n<li>La surveillance de l\u2019\u00e9tat fournit des v\u00e9rifications programm\u00e9es \u00e0 distance de l\u2019\u00e9tat du produit et g\u00e9n\u00e8re des avertissements pr\u00e9coces fiables pour les actions de maintenance recommand\u00e9es.<\/li>\n<li>Genix Datalyzer est une solution de surveillance de la sant\u00e9 de la flotte bas\u00e9e sur le cloud.<\/li>\n<\/ul>\n<p>&nbsp;<\/p>\n<h2><span style=\"color: #000daa;\">Vue d&rsquo;ensemble<\/span><\/h2>\n<p>Les analyseurs de gaz de proc\u00e9d\u00e9 Advance Optima ont une conception modulaire qui offre une s\u00e9curit\u00e9 \u00e0 long terme dans votre investissement. Les modules d\u2019analyseur peuvent \u00eatre librement combin\u00e9s en solutions sur mesure et mis \u00e0 niveau ou \u00e9tendus avec de nouvelles fonctionnalit\u00e9s \u00e0 tout moment. Les modules distants sont facilement attach\u00e9s et g\u00e9r\u00e9s de mani\u00e8re centralis\u00e9e.<\/p>\n<p>Pour plus d&rsquo;informations, <a href=\"https:\/\/new.abb.com\/products\/measurement-products\/analytical\/advance-optima-and-easyline-series\/ao2000\" target=\"_blank\" rel=\"noopener\">visitez notre site web<\/a>.<\/p>\n<p><img decoding=\"async\" class=\"aligncenter\" src=\"https:\/\/webimages.imagebank.abb.com\/public\/default\/product\/9AAC200978\/presentation\" \/><\/p>\n","protected":false},"excerpt":{"rendered":"S\u00e9rie d\u2019analyseurs de gaz modulaires o\u00f9 jusqu\u2019\u00e0 4 modules d\u2019analyseur peuvent \u00eatre int\u00e9gr\u00e9s et connect\u00e9s \u00e0 un contr\u00f4leur commun, mesurant jusqu\u2019\u00e0 6 composants gazeux simultan\u00e9ment.","protected":false},"featured_media":43663,"template":"","meta":{"_acf_changed":false,"content-type":""},"product_brand":[],"product_cat":[77,119,143],"product_tag":[],"class_list":{"0":"post-43666","1":"product","2":"type-product","3":"status-publish","4":"has-post-thumbnail","6":"product_cat-biomethanisation","7":"product_cat-instruments-et-controle","8":"product_cat-instrumentation","10":"first","11":"instock","12":"taxable","13":"shipping-taxable","14":"product-type-simple"},"acf":[],"_links":{"self":[{"href":"https:\/\/biogasworld.com\/fr\/wp-json\/wp\/v2\/product\/43666","targetHints":{"allow":["GET"]}}],"collection":[{"href":"https:\/\/biogasworld.com\/fr\/wp-json\/wp\/v2\/product"}],"about":[{"href":"https:\/\/biogasworld.com\/fr\/wp-json\/wp\/v2\/types\/product"}],"wp:featuredmedia":[{"embeddable":true,"href":"https:\/\/biogasworld.com\/fr\/wp-json\/wp\/v2\/media\/43663"}],"wp:attachment":[{"href":"https:\/\/biogasworld.com\/fr\/wp-json\/wp\/v2\/media?parent=43666"}],"wp:term":[{"taxonomy":"product_brand","embeddable":true,"href":"https:\/\/biogasworld.com\/fr\/wp-json\/wp\/v2\/product_brand?post=43666"},{"taxonomy":"product_cat","embeddable":true,"href":"https:\/\/biogasworld.com\/fr\/wp-json\/wp\/v2\/product_cat?post=43666"},{"taxonomy":"product_tag","embeddable":true,"href":"https:\/\/biogasworld.com\/fr\/wp-json\/wp\/v2\/product_tag?post=43666"}],"curies":[{"name":"wp","href":"https:\/\/api.w.org\/{rel}","templated":true}]}}