{"id":43684,"date":"2025-10-08T18:02:33","date_gmt":"2025-10-08T22:02:33","guid":{"rendered":"https:\/\/biogasworld.com\/product\/non%20class\u00e9\/oa-icos-gla531\/"},"modified":"2025-10-08T18:04:52","modified_gmt":"2025-10-08T22:04:52","slug":"oa-icos-gla531","status":"publish","type":"product","link":"https:\/\/biogasworld.com\/fr\/product\/biomethanisation\/instruments-et-controle\/instrumentation\/oa-icos-gla531\/","title":{"rendered":"OA-ICOS GLA531"},"content":{"rendered":"<h2><span style=\"color: #000daa;\">OA-ICOS S\u00e9rie d\u2019analyseurs industriels sur support mural GLA531<\/span><\/h2>\n<p>Les analyseurs de processus laser OA-ICOS GLA531 (pr\u00e9c\u00e9demment 950 Series) mesurent avec pr\u00e9cision les concentrations de gaz avec une sensibilit\u00e9 extraordinairement \u00e9lev\u00e9e, une r\u00e9ponse rapide et sur une large plage dynamique dans des m\u00e9langes simples et complexes.<\/p>\n<p>&nbsp;<\/p>\n<h2><span style=\"color: #000daa;\">Capacit\u00e9 d\u2019ABB\u2122 \u2013 Maintenance facilit\u00e9e avec des solutions num\u00e9riques \u00e9volutives<\/span><\/h2>\n<ul>\n<li>Codes QR dynamiques pour un transfert facile de toutes les informations de diagnostic pertinentes pour un d\u00e9pannage et une r\u00e9paration plus rapides.<\/li>\n<li>Solution d\u2019assistance \u00e0 distance pour un service expert \u00e0 la demande, fournissant un diagnostic et une assistance \u00e0 distance pour les analyseurs.<\/li>\n<li>La surveillance de l\u2019\u00e9tat fournit des v\u00e9rifications programm\u00e9es \u00e0 distance de l\u2019\u00e9tat du produit et g\u00e9n\u00e8re des avertissements pr\u00e9coces fiables pour les actions de maintenance recommand\u00e9es.<\/li>\n<li>Genix Datalyzer est un analyseur bas\u00e9 sur le cloud pour la surveillance de la sant\u00e9 de la flotte.<\/li>\n<\/ul>\n<p>&nbsp;<\/p>\n<h2><span style=\"color: #000daa;\">Vue d&rsquo;ensemble<\/span><\/h2>\n<p>Sans consommables ni exigences d\u2019\u00e9talonnage fr\u00e9quentes, les analyseurs de processus laser OA-ICOS peuvent consid\u00e9rablement am\u00e9liorer la surveillance et le contr\u00f4le des processus dans les applications de raffinage et de p\u00e9trochimie, ainsi que mesurer avec pr\u00e9cision les gaz traces dans les gaz de synth\u00e8se, l\u2019hydrog\u00e8ne en r\u00e9g\u00e9n\u00e9ration et les gaz inertes.<\/p>\n<p>Pour plus d&rsquo;informations, <a href=\"https:\/\/new.abb.com\/products\/measurement-products\/analytical\/laser-gas-analyzers\/laser-analyzers\/lgr-icos-industrial-wallmount-analyzers\/laser-icos-950-series\" target=\"_blank\" rel=\"noopener\">visitez notre site web<\/a>.<\/p>\n<p><img decoding=\"async\" class=\"aligncenter\" src=\"https:\/\/cdn.productimages.abb.com\/9IBA212153_720x540.jpg\" \/><\/p>\n","protected":false},"excerpt":{"rendered":"Technologie laser \u00e0 spectroscopie de sortie en cavit\u00e9 int\u00e9gr\u00e9e (ICOS) hors axe offrant une sensibilit\u00e9 extraordinairement \u00e9lev\u00e9e, une r\u00e9ponse rapide et sur une large plage dynamique.","protected":false},"featured_media":43683,"template":"","meta":{"_acf_changed":false,"content-type":""},"product_brand":[],"product_cat":[77,143,119],"product_tag":[],"class_list":{"0":"post-43684","1":"product","2":"type-product","3":"status-publish","4":"has-post-thumbnail","6":"product_cat-biomethanisation","7":"product_cat-instrumentation","8":"product_cat-instruments-et-controle","10":"first","11":"instock","12":"taxable","13":"shipping-taxable","14":"product-type-simple"},"acf":[],"_links":{"self":[{"href":"https:\/\/biogasworld.com\/fr\/wp-json\/wp\/v2\/product\/43684","targetHints":{"allow":["GET"]}}],"collection":[{"href":"https:\/\/biogasworld.com\/fr\/wp-json\/wp\/v2\/product"}],"about":[{"href":"https:\/\/biogasworld.com\/fr\/wp-json\/wp\/v2\/types\/product"}],"wp:featuredmedia":[{"embeddable":true,"href":"https:\/\/biogasworld.com\/fr\/wp-json\/wp\/v2\/media\/43683"}],"wp:attachment":[{"href":"https:\/\/biogasworld.com\/fr\/wp-json\/wp\/v2\/media?parent=43684"}],"wp:term":[{"taxonomy":"product_brand","embeddable":true,"href":"https:\/\/biogasworld.com\/fr\/wp-json\/wp\/v2\/product_brand?post=43684"},{"taxonomy":"product_cat","embeddable":true,"href":"https:\/\/biogasworld.com\/fr\/wp-json\/wp\/v2\/product_cat?post=43684"},{"taxonomy":"product_tag","embeddable":true,"href":"https:\/\/biogasworld.com\/fr\/wp-json\/wp\/v2\/product_tag?post=43684"}],"curies":[{"name":"wp","href":"https:\/\/api.w.org\/{rel}","templated":true}]}}