{"id":43701,"date":"2025-10-14T10:39:39","date_gmt":"2025-10-14T14:39:39","guid":{"rendered":"https:\/\/biogasworld.com\/product\/non%20class\u00e9\/prism-greensep-lng\/"},"modified":"2025-10-17T14:03:57","modified_gmt":"2025-10-17T18:03:57","slug":"prism-greensep-lng","status":"publish","type":"product","link":"https:\/\/biogasworld.com\/fr\/product\/valorisation-du-biogaz\/prism-greensep-lng\/","title":{"rendered":"PRISM\u00ae GreenSep LNG"},"content":{"rendered":"<h2><span style=\"color: #000daa;\">PRISM\u00ae GreenSep GNL<\/span><\/h2>\n<p>Int\u00e9grez les s\u00e9parateurs membranaires PRISM\u00ae GreenSep LNG \u00e0 votre syst\u00e8me pour atteindre les niveaux de puret\u00e9 du biom\u00e9thane permettant son int\u00e9gration directe dans le proc\u00e9d\u00e9 GNL. En \u00e9liminant le recours \u00e0 des technologies de purification interm\u00e9diaires telles que l&rsquo;\u00e9puration aux amines ou l&rsquo;absorption par variation de temp\u00e9rature (ATS), cette conception innovante permet de r\u00e9duire la consommation d&rsquo;\u00e9nergie, les co\u00fbts d&rsquo;investissement et d&rsquo;exploitation, et d&rsquo;augmenter le rendement en bio-GNL par rapport aux proc\u00e9d\u00e9s de liqu\u00e9faction traditionnels. La conception statique et robuste de la membrane assure un d\u00e9bit fiable et constant de pr\u00e8s de 100 % de biom\u00e9thane, directement inject\u00e9 dans le proc\u00e9d\u00e9 de liqu\u00e9faction.<\/p>\n<p>&nbsp;<\/p>\n<h2><span style=\"color: #000daa;\">Configurations du PRISM\u00ae GreenSep<\/span><\/h2>\n<p>Air Products propose trois tailles et deux configurations de fibres pour une flexibilit\u00e9 adapt\u00e9e \u00e0 la conception de votre syst\u00e8me.<\/p>\n<ul>\n<li><strong>PRISM\u00ae GreenSep Flow:<\/strong> Utilis\u00e9 dans les \u00e9tapes o\u00f9 des d\u00e9bits \u00e9lev\u00e9s de m\u00e9thane valoris\u00e9 sont n\u00e9cessaires.<\/li>\n<li><strong>PRISM\u00ae GreenSep Select:<\/strong> Utilis\u00e9 dans les \u00e9tapes o\u00f9 la s\u00e9lectivit\u00e9 (r\u00e9cup\u00e9ration de m\u00e9thane) ou les configurations \u00e0 faible puissance sont souhait\u00e9es.<\/li>\n<\/ul>\n<p>&nbsp;<\/p>\n<h2><span style=\"color: #000daa;\">Capacit\u00e9s du PRISM\u00ae GreenSep<\/span><\/h2>\n<ul>\n<li>La conception robuste de membrane statique permet un flux fiable et constant de pr\u00e8s de 100% de biom\u00e9thane \u00e0 \u00eatre aliment\u00e9 directement dans le processus de liqu\u00e9faction.<\/li>\n<li>Rationaliser la conception et r\u00e9duire les d\u00e9penses d\u2019investissement en \u00e9liminant le besoin d\u2019une unit\u00e9 TSA.<\/li>\n<\/ul>\n<p>&nbsp;<\/p>\n<h2><span style=\"color: #000daa;\">Avantages des s\u00e9parateurs PRISM\u00ae GreenSep<\/span><\/h2>\n<ul>\n<li><strong>Haute efficacit\u00e9 :<\/strong> Les s\u00e9parateurs \u00e0 membrane PRISM\u00ae GreenSep \u00e9liminent le dioxyde de carbone, le sulfure d&rsquo;hydrog\u00e8ne et la vapeur d&rsquo;eau du gaz de production avec une efficacit\u00e9 sup\u00e9rieure \u00e0 90 %.<\/li>\n<li><strong>Options de taille et de s\u00e9lectivit\u00e9 :<\/strong> Les s\u00e9parateurs \u00e0 membrane PRISM\u00ae GreenSep sont disponibles dans une vari\u00e9t\u00e9 de tailles et de s\u00e9lectivit\u00e9s, permettant une ing\u00e9nierie affin\u00e9e \u00e0 chaque \u00e9tape de la conception.<\/li>\n<li><strong>Construction robuste :<\/strong> Con\u00e7us pour fonctionner dans des environnements difficiles, les s\u00e9parateurs \u00e0 membrane PRISM\u00ae GreenSep sont certifi\u00e9s PED et con\u00e7us pour \u00eatre un composant extr\u00eamement durable dans vos syst\u00e8mes.<\/li>\n<li><strong>Conceptions modulaires :<\/strong> La capacit\u00e9 peut \u00eatre augment\u00e9e ou diminu\u00e9e en ajoutant ou en supprimant des modules membranaires du flux de biogaz.<\/li>\n<li><strong>D\u00e9marrage facile :<\/strong> Les s\u00e9parateurs \u00e0 membrane PRISM\u00ae GreenSep sont pr\u00eats \u00e0 \u00eatre trait\u00e9s instantan\u00e9ment et ne n\u00e9cessitent pas de longues pr\u00e9parations de d\u00e9marrage ou d&rsquo;arr\u00eat.<\/li>\n<li><strong>\u00c9limination de la vapeur d&rsquo;eau :<\/strong> La vapeur d\u2019eau est \u00e9vacu\u00e9e avec le flux de CO\u2082.<\/li>\n<li><strong>Fonctionnement simple :<\/strong> Les s\u00e9parateurs \u00e0 membrane PRISM\u00ae GreenSep sont une technologie passive et ne comportent aucune pi\u00e8ce mobile. Aucun \u00e9quipement complexe de surveillance du syst\u00e8me n&rsquo;est n\u00e9cessaire.<\/li>\n<\/ul>\n<p>Pour plus d&rsquo;informations, <a href=\"http:\/\/membranesolutions.com\/prism-airsep\/#\" target=\"_blank\" rel=\"noopener\">visitez notre site web<\/a>.<\/p>\n<p><a href=\"https:\/\/membranesolutions.com\/contact\/\" target=\"_blank\" rel=\"noopener\" data-saferedirecturl=\"https:\/\/www.google.com\/url?q=https:\/\/membranesolutions.com\/contact\/&amp;source=gmail&amp;ust=1760211297734000&amp;usg=AOvVaw2VEndNY_WeM8msWM66VJN1\">Contactez-nous &#8211; Air Products Membrane Solutions<\/a><\/p>\n<p><img decoding=\"async\" class=\"aligncenter\" src=\"https:\/\/membranesolutions.com\/wp-content\/uploads\/2024\/04\/2GreenSep-LNG-membrane-Copy-2-1024x576.png\" \/><\/p>\n","protected":false},"excerpt":{"rendered":"Respectez les exigences strictes en mati\u00e8re de CO2 associ\u00e9es au bio-GNL.","protected":false},"featured_media":43699,"template":"","meta":{"_acf_changed":false,"content-type":""},"product_brand":[],"product_cat":[79],"product_tag":[],"class_list":{"0":"post-43701","1":"product","2":"type-product","3":"status-publish","4":"has-post-thumbnail","6":"product_cat-valorisation-du-biogaz","8":"first","9":"instock","10":"taxable","11":"shipping-taxable","12":"product-type-simple"},"acf":[],"_links":{"self":[{"href":"https:\/\/biogasworld.com\/fr\/wp-json\/wp\/v2\/product\/43701","targetHints":{"allow":["GET"]}}],"collection":[{"href":"https:\/\/biogasworld.com\/fr\/wp-json\/wp\/v2\/product"}],"about":[{"href":"https:\/\/biogasworld.com\/fr\/wp-json\/wp\/v2\/types\/product"}],"wp:featuredmedia":[{"embeddable":true,"href":"https:\/\/biogasworld.com\/fr\/wp-json\/wp\/v2\/media\/43699"}],"wp:attachment":[{"href":"https:\/\/biogasworld.com\/fr\/wp-json\/wp\/v2\/media?parent=43701"}],"wp:term":[{"taxonomy":"product_brand","embeddable":true,"href":"https:\/\/biogasworld.com\/fr\/wp-json\/wp\/v2\/product_brand?post=43701"},{"taxonomy":"product_cat","embeddable":true,"href":"https:\/\/biogasworld.com\/fr\/wp-json\/wp\/v2\/product_cat?post=43701"},{"taxonomy":"product_tag","embeddable":true,"href":"https:\/\/biogasworld.com\/fr\/wp-json\/wp\/v2\/product_tag?post=43701"}],"curies":[{"name":"wp","href":"https:\/\/api.w.org\/{rel}","templated":true}]}}