{"id":43706,"date":"2025-10-14T10:36:22","date_gmt":"2025-10-14T14:36:22","guid":{"rendered":"https:\/\/biogasworld.com\/product\/non%20class\u00e9\/prism-greendry\/"},"modified":"2025-10-17T14:02:08","modified_gmt":"2025-10-17T18:02:08","slug":"prism-greendry","status":"publish","type":"product","link":"https:\/\/biogasworld.com\/fr\/product\/valorisation-du-biogaz\/prism-greendry\/","title":{"rendered":"PRISM\u00ae GreenDry"},"content":{"rendered":"<h2><span style=\"color: #000daa;\">PRISM\u00ae GreenDry<\/span><\/h2>\n<p>Les s\u00e9cheurs \u00e0 membrane \u00e9liminent la vapeur d&rsquo;eau des flux de biogaz par perm\u00e9ation s\u00e9lective des mol\u00e9cules d&rsquo;eau \u00e0 travers les polym\u00e8res. Ils produisent passivement du biogaz sec, sans pi\u00e8ces mobiles, composants \u00e9lectriques, consommables ni r\u00e9sidus de poussi\u00e8res dessiccantes. Ils assurent un fonctionnement silencieux et ininterrompu pour une large gamme de points de ros\u00e9e. Chaque s\u00e9parateur est certifi\u00e9 DESP, assembl\u00e9 \u00e0 la main et test\u00e9 selon les normes ISO dans notre usine certifi\u00e9e AS9100, r\u00e9pondant ainsi aux exigences de qualit\u00e9 strictes de l&rsquo;industrie a\u00e9ronautique.<\/p>\n<p>&nbsp;<\/p>\n<h2><span style=\"color: #000daa;\">Applications des s\u00e9cheurs \u00e0 membrane<\/span><\/h2>\n<p>Les applications des s\u00e9cheurs \u00e0 membrane Air Products PRISM\u00ae se r\u00e9partissent g\u00e9n\u00e9ralement en deux cat\u00e9gories :<\/p>\n<ul>\n<li>D\u00e9shydratation du biogaz non valoris\u00e9 dans les applications de cog\u00e9n\u00e9ration.<\/li>\n<li>D\u00e9shydratation des flux de biogaz \u00e0 mi-processus.<\/li>\n<\/ul>\n<p>&nbsp;<\/p>\n<h2><span style=\"color: #000daa;\">Capacti\u00e9s du PRISM\u00ae GreenDry<\/span><\/h2>\n<ul>\n<li>Le premier s\u00e9parateur \u00e0 membrane de d\u00e9shydratation con\u00e7u pour le traitement du biogaz.<\/li>\n<li>Conception flexible, en amont ou en aval, tout en minimisant le glissement de m\u00e9thane.<\/li>\n<\/ul>\n<p>&nbsp;<\/p>\n<h2><span style=\"color: #000daa;\">Avantages du PRISM\u00ae GreenDry<\/span><\/h2>\n<ul>\n<li><strong>Durable : Les PRISM\u00ae GreenDry<\/strong> sont fabriqu\u00e9s avec des coques en aluminium durables pour r\u00e9sister aux environnements de terrain les plus difficiles.<\/li>\n<li><strong>Technologie \u00e9prouv\u00e9e :<\/strong> Air Products a \u00e9t\u00e9 le pionnier de la technologie de d\u00e9shydratation par membrane et a appliqu\u00e9 ce concept aux flux de biogaz. La technologie de perm\u00e9ation s\u00e9lective est passive, sans pi\u00e8ces mobiles, ce qui permet des configurations de syst\u00e8mes fiables et faciles \u00e0 entretenir.<\/li>\n<li><strong>Qualit\u00e9 assur\u00e9e :<\/strong> Chaque PRISM\u00ae GreenDry est certifi\u00e9 PED, assembl\u00e9 \u00e0 la main dans notre usine certifi\u00e9e AS9100 selon les normes ISO et passe des exigences de test rigoureuses avant d&rsquo;\u00eatre mis en service.<\/li>\n<\/ul>\n<p>Pour plus d&rsquo;informations, <a href=\"https:\/\/membranesolutions.com\/prism-greendry\/#\" target=\"_blank\" rel=\"noopener\">visitez notre site web<\/a>.<\/p>\n<p><a href=\"https:\/\/membranesolutions.com\/contact\/\" target=\"_blank\" rel=\"noopener\" data-saferedirecturl=\"https:\/\/www.google.com\/url?q=https:\/\/membranesolutions.com\/contact\/&amp;source=gmail&amp;ust=1760211297734000&amp;usg=AOvVaw2VEndNY_WeM8msWM66VJN1\">Contactez-nous &#8211; Air Products Membrane Solutions<\/a><\/p>\n<p><img decoding=\"async\" class=\"aligncenter\" src=\"https:\/\/prodmembrane.wpenginepowered.com\/wp-content\/uploads\/2022\/12\/OEM-PrismGreenDry.jpg\" \/><\/p>\n","protected":false},"excerpt":{"rendered":"\u00c9liminez la vapeur d\u2019eau du biogaz avec des configurations de syst\u00e8me fiables et faciles \u00e0 entretenir.","protected":false},"featured_media":43705,"template":"","meta":{"_acf_changed":false,"content-type":""},"product_brand":[],"product_cat":[79],"product_tag":[],"class_list":{"0":"post-43706","1":"product","2":"type-product","3":"status-publish","4":"has-post-thumbnail","6":"product_cat-valorisation-du-biogaz","8":"first","9":"instock","10":"taxable","11":"shipping-taxable","12":"product-type-simple"},"acf":[],"_links":{"self":[{"href":"https:\/\/biogasworld.com\/fr\/wp-json\/wp\/v2\/product\/43706","targetHints":{"allow":["GET"]}}],"collection":[{"href":"https:\/\/biogasworld.com\/fr\/wp-json\/wp\/v2\/product"}],"about":[{"href":"https:\/\/biogasworld.com\/fr\/wp-json\/wp\/v2\/types\/product"}],"wp:featuredmedia":[{"embeddable":true,"href":"https:\/\/biogasworld.com\/fr\/wp-json\/wp\/v2\/media\/43705"}],"wp:attachment":[{"href":"https:\/\/biogasworld.com\/fr\/wp-json\/wp\/v2\/media?parent=43706"}],"wp:term":[{"taxonomy":"product_brand","embeddable":true,"href":"https:\/\/biogasworld.com\/fr\/wp-json\/wp\/v2\/product_brand?post=43706"},{"taxonomy":"product_cat","embeddable":true,"href":"https:\/\/biogasworld.com\/fr\/wp-json\/wp\/v2\/product_cat?post=43706"},{"taxonomy":"product_tag","embeddable":true,"href":"https:\/\/biogasworld.com\/fr\/wp-json\/wp\/v2\/product_tag?post=43706"}],"curies":[{"name":"wp","href":"https:\/\/api.w.org\/{rel}","templated":true}]}}