{"id":43763,"date":"2022-01-18T11:46:21","date_gmt":"2022-01-18T16:46:21","guid":{"rendered":"https:\/\/biogasworld.com\/product\/uncategorized\/bioch4nge\/"},"modified":"2025-11-26T18:07:44","modified_gmt":"2025-11-26T23:07:44","slug":"bioch4nge","status":"publish","type":"product","link":"https:\/\/biogasworld.com\/fr\/product\/valorisation-du-biogaz\/raffinage\/bioch4nge\/","title":{"rendered":"BIOCH4NGE\u00ae"},"content":{"rendered":"<h3><span style=\"color: #000daa;\">BIOCH4NGE\u00ae : Efficacit\u00e9 maximale pour la valorisation du biogaz en biom\u00e9thane<\/span><\/h3>\n<p>BIOCH4NGE\u00ae est la solution AB pour valoriser le biogaz en biom\u00e9thane gr\u00e2ce \u00e0 un syst\u00e8me \u00e0 membrane : flexibilit\u00e9, \u00e9volutivit\u00e9 et faible consommation d\u2019\u00e9nergie, pour un r\u00e9el avantage concurrentiel.<\/p>\n<p>Le processus op\u00e9rationnel de BIOCH4NGE\u00ae commence par la purification du biogaz issu du digesteur ana\u00e9robie, charg\u00e9 en eau et en polluants. Le gaz filtr\u00e9 et d\u00e9shumidifi\u00e9 est comprim\u00e9, puis refroidi et envoy\u00e9 \u00e0 l\u2019\u00e9tape de traitement suivante.<\/p>\n<p>En passant \u00e0 travers un lit de charbon activ\u00e9, le biogaz est purifi\u00e9 des polluants. La configuration au charbon, dans la version \u00ab Lead-Lag \u00bb, comprend une s\u00e9rie de vannes qui permettent l\u2019inversion des flux, le bypass et le sectionnement du filtre unique, assurant ainsi la flexibilit\u00e9, la fiabilit\u00e9 et la continuit\u00e9 de service.<\/p>\n<p>Le biogaz pr\u00e9trait\u00e9 et purifi\u00e9 est pr\u00eat pour la valorisation proprement dite, c\u2019est-\u00e0-dire la s\u00e9paration du m\u00e9thane du dioxyde de carbone. Le processus est optimis\u00e9 en termes de consommation et permet d\u2019obtenir du biom\u00e9thane aux caract\u00e9ristiques souhait\u00e9es pour diff\u00e9rentes utilisations, maximisant l\u2019efficacit\u00e9 de r\u00e9cup\u00e9ration du CH \u00e0 partir du biogaz.<\/p>\n<p>Parmi les technologies de valorisation du biom\u00e9thane disponibles, AB a choisi le syst\u00e8me \u00e0 membrane, le plus r\u00e9pandu et utilis\u00e9 dans le monde. Les membranes sont compos\u00e9es de mat\u00e9riaux polym\u00e8res particuliers qui pr\u00e9sentent une perm\u00e9abilit\u00e9 s\u00e9lective, permettant de s\u00e9parer le CH4 et le CO2.<\/p>\n<p>Le gaz pr\u00e9trait\u00e9 est compress\u00e9 en plusieurs phases et envoy\u00e9 \u00e0 diff\u00e9rentes \u00e9tapes des membranes afin d\u2019optimiser leur fonctionnement et d\u2019assurer la scalabilit\u00e9. Deux \u00e9tapes en s\u00e9rie assurent le respect des sp\u00e9cifications du r\u00e9seau, tandis qu\u2019une troisi\u00e8me \u00e9tape est d\u00e9di\u00e9e \u00e0 l\u2019optimisation de la r\u00e9cup\u00e9ration du m\u00e9thane et, en m\u00eame temps, \u00e0 la limitation de son \u00e9mission dans l\u2019atmosph\u00e8re.<\/p>\n<p>Gr\u00e2ce \u00e0 la gestion ind\u00e9pendante de la compression, le syst\u00e8me de contr\u00f4le est capable de moduler les pressions de fonctionnement des \u00e9tapes de s\u00e9paration et de garantir les performances requises tout en minimisant la consommation d\u2019\u00e9nergie. Le processus se d\u00e9roule sans \u00e9tapes interm\u00e9diaires ni utilisation de produits chimiques ou de consommables.<\/p>\n<p>La grande flexibilit\u00e9 offerte par l\u2019op\u00e9ration, r\u00e9glable m\u00eame avec une charge partielle, se combine avec les \u00e9conomies li\u00e9es au syst\u00e8me, y compris pour des tailles moyennes et petites.<\/p>\n<p><center><iframe loading=\"lazy\" src=\"https:\/\/www.youtube.com\/embed\/syzkQsbhH3A?mute=1&amp;autoplay=1\" width=\"560\" height=\"315\" frameborder=\"0\" allowfullscreen=\"allowfullscreen\"><span data-mce-type=\"bookmark\" style=\"display: inline-block; width: 0px; overflow: hidden; line-height: 0;\" class=\"mce_SELRES_start\">\ufeff<\/span><\/iframe><\/center>&nbsp;<\/p>\n<p><center><strong>Pour plus d&rsquo;informations, visitez : <a href=\"https:\/\/www.gruppoab.com\/en-us\/bioch4nge\/\" target=\"_blank\" rel=\"noopener noreferrer\">https:\/\/www.gruppoab.com\/en-us\/bioch4nge\/<\/a><\/strong><\/center><\/p>\n","protected":false},"excerpt":{"rendered":"BIOCH4NGE\u00ae est le syst\u00e8me, cr\u00e9\u00e9 et fabriqu\u00e9 par AB, qui produit du biom\u00e9thane \u00e0 partir de biogaz. Compact, modulaire et polyvalent, il n\u00e9cessite un temps d\u2019installation court et garantit des performances \u00e9lev\u00e9es.\r\n\r\nBIOCH4NGE\u00ae est disponible en tailles standardis\u00e9es couvrant une large gamme de d\u00e9bits de biogaz entrants, de 50 \u00e0 5 000 Nm\u00b3\/h. Ces unit\u00e9s peuvent \u00e9galement \u00eatre int\u00e9gr\u00e9es \u00e0 des modules d\u00e9di\u00e9s \u00e0 la liqu\u00e9faction du biom\u00e9thane et \u00e0 l\u2019am\u00e9lioration du CO2. Des configurations personnalis\u00e9es peuvent \u00e9galement \u00eatre d\u00e9velopp\u00e9es pour r\u00e9pondre aux exigences sp\u00e9cifiques de l\u2019usine.","protected":false},"featured_media":43761,"template":"","meta":{"_acf_changed":false,"content-type":""},"product_brand":[],"product_cat":[79,97],"product_tag":[],"class_list":{"0":"post-43763","1":"product","2":"type-product","3":"status-publish","4":"has-post-thumbnail","6":"product_cat-valorisation-du-biogaz","7":"product_cat-raffinage","9":"first","10":"instock","11":"taxable","12":"shipping-taxable","13":"product-type-simple"},"acf":[],"_links":{"self":[{"href":"https:\/\/biogasworld.com\/fr\/wp-json\/wp\/v2\/product\/43763","targetHints":{"allow":["GET"]}}],"collection":[{"href":"https:\/\/biogasworld.com\/fr\/wp-json\/wp\/v2\/product"}],"about":[{"href":"https:\/\/biogasworld.com\/fr\/wp-json\/wp\/v2\/types\/product"}],"wp:featuredmedia":[{"embeddable":true,"href":"https:\/\/biogasworld.com\/fr\/wp-json\/wp\/v2\/media\/43761"}],"wp:attachment":[{"href":"https:\/\/biogasworld.com\/fr\/wp-json\/wp\/v2\/media?parent=43763"}],"wp:term":[{"taxonomy":"product_brand","embeddable":true,"href":"https:\/\/biogasworld.com\/fr\/wp-json\/wp\/v2\/product_brand?post=43763"},{"taxonomy":"product_cat","embeddable":true,"href":"https:\/\/biogasworld.com\/fr\/wp-json\/wp\/v2\/product_cat?post=43763"},{"taxonomy":"product_tag","embeddable":true,"href":"https:\/\/biogasworld.com\/fr\/wp-json\/wp\/v2\/product_tag?post=43763"}],"curies":[{"name":"wp","href":"https:\/\/api.w.org\/{rel}","templated":true}]}}