{"id":43785,"date":"2025-12-03T14:40:17","date_gmt":"2025-12-03T19:40:17","guid":{"rendered":"https:\/\/biogasworld.com\/product\/uncategorized\/gg-oil-lubricated-methane-gas-compressor-2\/"},"modified":"2025-12-03T16:38:06","modified_gmt":"2025-12-03T21:38:06","slug":"compresseur-de-gaz-de-methane-lubrifie-gg","status":"publish","type":"product","link":"https:\/\/biogasworld.com\/fr\/product\/transport-au-gaz-naturel\/gnc\/compresseurs-gnc\/compresseur-de-gaz-de-methane-lubrifie-gg\/","title":{"rendered":"Compresseur de gaz de m\u00e9thane lubrifi\u00e9 GG"},"content":{"rendered":"<h2><span style=\"color: #000daa;\">Compresseur de gaz de m\u00e9thane lubrifi\u00e9 GG<\/span><\/h2>\n<p>Atlas Copco a con\u00e7u des compresseurs de gaz \u00e0 vis lubrifi\u00e9s pour vous offrir une fiabilit\u00e9 optimale. Ils introduisent les avantages de notre technologie d&rsquo;entra\u00eenement \u00e0 vitesse variable \u00e9prouv\u00e9e dans le secteur de la valorisation du biogaz et de l&rsquo;injection r\u00e9seau de biom\u00e9thane. La s\u00e9rie GG peut fournir des d\u00e9bits allant jusqu&rsquo;\u00e0 1 000 Nm\u00b3\/h \u00e0 une pression de d\u00e9charge constante. R\u00e9duisez vos besoins en \u00e9nergie gr\u00e2ce \u00e0 l&rsquo;adaptation de la vitesse du moteur VSD aux besoins de production de votre usine.<\/p>\n<p>&nbsp;<\/p>\n<p><img decoding=\"async\" class=\"aligncenter\" src=\"https:\/\/atlascopco.scene7.com\/is\/image\/atlascopco\/GG_screw_compressor_1600x1600\" alt=\"GG oil lubricated gas screw compressor for methane\" \/><\/p>\n<p>&nbsp;<\/p>\n<h2><span style=\"color: #000daa;\">Au service des industries du biogaz et du GNR<\/span><\/h2>\n<p>Le biogaz doit \u00eatre valoris\u00e9 pour \u00eatre utile, et qu&rsquo;il soit obtenu \u00e0 partir de d\u00e9chets organiques ou animaux (biomasse) dans un digesteur ana\u00e9robie ou \u00e0 partir de sources de d\u00e9chets solides municipaux ou d&rsquo;eaux us\u00e9es. Quels que soient votre proc\u00e9d\u00e9 et l&rsquo;application qui l&rsquo;int\u00e8gre, nous pouvons soutenir votre activit\u00e9 gr\u00e2ce \u00e0 notre gamme de solutions de compression de biogaz. Nos produits sont con\u00e7us pour r\u00e9duire au maximum le co\u00fbt total d&rsquo;exploitation.<\/p>\n<p>&nbsp;<\/p>\n<h2><span style=\"color: #000daa;\">Le saviez-vous ?<\/span><\/h2>\n<p>La technologie VSD d&rsquo;Atlas Copco adapte la production \u00e0 votre consommation de gaz en ajustant en permanence la vitesse du moteur, ce qui vous permet de r\u00e9aliser des \u00e9conomies d&rsquo;\u00e9nergie. L&rsquo;entra\u00eenement \u00e0 vitesse variable (VSD), associ\u00e9 \u00e0 la r\u00e9gulation de la pression d&rsquo;entr\u00e9e, optimise le d\u00e9bit et r\u00e9duit la puissance consomm\u00e9e.<\/p>\n<p>En faisant plus avec moins, la technologie VSD r\u00e9duit la consommation d&rsquo;\u00e9nergie tout en am\u00e9liorant la r\u00e9gulation et en r\u00e9duisant l&rsquo;entretien. L&rsquo;entra\u00eenement \u00e0 vitesse variable (VSD) permet \u00e0 votre compresseur de gaz de s&rsquo;adapter facilement \u00e0 l&rsquo;\u00e9volution de vos besoins de production de gaz.<\/p>\n<p>Lorsque la quantit\u00e9 de gaz disponible dans votre process augmente, le moteur VSD acc\u00e9l\u00e8re pour augmenter le d\u00e9bit de gaz comprim\u00e9 vers le r\u00e9seau avec de tr\u00e8s faibles fluctuations de pression.<\/p>\n<p>&nbsp;<\/p>\n<h2><span style=\"color: #000daa;\">Con\u00e7u pour une efficacit\u00e9 \u00e9lev\u00e9e<\/span><\/h2>\n<p>La technologie VSD d\u2019Atlas Copco suit de pr\u00e8s la demande en gaz et ajuste continuellement la vitesse du moteur, ce qui entra\u00eene des \u00e9conomies d\u2019\u00e9nergie. Le variateur de vitesse (VSD), associ\u00e9 au contr\u00f4le de la pression d\u2019entr\u00e9e, maximise le d\u00e9bit et minimise la puissance requise.<\/p>\n<p>En travaillant moins pour faire plus, le VSD consomme moins d\u2019\u00e9nergie, tout en offrant un meilleur contr\u00f4le des processus et en n\u00e9cessitant moins de maintenance. Le variateur de vitesse (VSD) permet \u00e0 votre compresseur de gaz de s\u2019adapter facilement aux besoins changeants de production de gaz.<\/p>\n<p>Lorsque la quantit\u00e9 de gaz disponible dans votre processus augmente, le moteur VSD acc\u00e9l\u00e8re pour assurer un approvisionnement continu en gaz au r\u00e9seau avec des fluctuations de pression tr\u00e8s faibles.<\/p>\n<p>&nbsp;<\/p>\n<h2><span style=\"color: #000daa;\">Transformez votre compresseur en source d&rsquo;\u00e9nergie.<\/span><\/h2>\n<p>Nos compresseurs de gaz \u00e0 vis refroidis par eau peuvent \u00eatre \u00e9quip\u00e9s d&rsquo;une unit\u00e9 de r\u00e9cup\u00e9ration d&rsquo;\u00e9nergie, qui vous permet de r\u00e9duire vos \u00e9missions de carbone de fa\u00e7on significative.<\/p>\n<p>R\u00e9cup\u00e9rez jusqu&rsquo;\u00e0 75 % de l&rsquo;\u00e9nergie \u00e9lectrique qui est convertie en chaleur de compression. Cette chaleur peut ensuite \u00eatre utilis\u00e9e par notre syst\u00e8me de r\u00e9cup\u00e9ration d&rsquo;\u00e9nergie pour chauffer de l&rsquo;eau \u00e0 des fins sanitaires, de chauffage des locaux ou de traitement. Une \u00e9conomie cl\u00e9 dans le secteur du biogaz o\u00f9 le biodigesteur doit toujours \u00eatre maintenu au chaud.<\/p>\n<p>&nbsp;<\/p>\n<div style=\"width: 640px;\" class=\"wp-video\"><video class=\"wp-video-shortcode\" id=\"video-43785-1\" width=\"640\" height=\"360\" preload=\"metadata\" controls=\"controls\"><source type=\"video\/mp4\" src=\"https:\/\/acprodbponlinebcc5.blob.core.windows.net\/bp-public-files\/bp_editor_div_ofa\/SalesMarketing\/GG-Digital-Brochure-Antwerp-all-languages\/wp-content\/uploads\/sites\/1\/2023\/03\/gg-digital-brochure-v2-animation-loop-small.mp4?_=1\" \/><a href=\"https:\/\/acprodbponlinebcc5.blob.core.windows.net\/bp-public-files\/bp_editor_div_ofa\/SalesMarketing\/GG-Digital-Brochure-Antwerp-all-languages\/wp-content\/uploads\/sites\/1\/2023\/03\/gg-digital-brochure-v2-animation-loop-small.mp4\">https:\/\/acprodbponlinebcc5.blob.core.windows.net\/bp-public-files\/bp_editor_div_ofa\/SalesMarketing\/GG-Digital-Brochure-Antwerp-all-languages\/wp-content\/uploads\/sites\/1\/2023\/03\/gg-digital-brochure-v2-animation-loop-small.mp4<\/a><\/video><\/div>\n<p>&nbsp;<\/p>\n<h2><span style=\"color: #000daa;\">Avantages techniques<\/span><\/h2>\n<h3><strong>Il n&rsquo;y a qu&rsquo;\u00e0 brancher, d\u00e9marrer et afficher<\/strong><\/h3>\n<p>Les unit\u00e9s GG sont test\u00e9es dans notre usine, synchronis\u00e9es avec notre syst\u00e8me, pour visualiser votre strat\u00e9gie d&rsquo;\u00e9conomie d&rsquo;\u00e9nergie et avoir une tra\u00e7abilit\u00e9 pour vos rapports environnementaux.<\/p>\n<ul>\n<li>Garantit une interaction transparente et facilite l&rsquo;int\u00e9gration.<\/li>\n<li>Le syst\u00e8me de surveillance SmartLink vous permet de conna\u00eetre en permanence l&rsquo;\u00e9tat de votre compresseur.<\/li>\n<li>Connexions d&rsquo;eau, de gaz et d&rsquo;alimentation accessibles.<\/li>\n<li>Installation facile et pr\u00eate \u00e0 l&#8217;emploi.<\/li>\n<\/ul>\n<p>&nbsp;<\/p>\n<h3><strong>Co\u00fbt d&rsquo;exploitation r\u00e9duit<\/strong><\/h3>\n<p>Gr\u00e2ce \u00e0 la combinaison technologique d&rsquo;un \u00e9tage de compression \u00e0 vis adapt\u00e9 au gaz et d&rsquo;un entra\u00eenement VSD, la s\u00e9rie GG vous offre des \u00e9conomies exceptionnelles en termes d&rsquo;\u00e9nergie et d&rsquo;entretien. La conception optimis\u00e9e des circuits, l&rsquo;accessibilit\u00e9 compl\u00e8te et la possibilit\u00e9 de maintenance pr\u00e9dictive contribuent \u00e9galement \u00e0 r\u00e9duire le co\u00fbt de possession de vos machines.<\/p>\n<p>&nbsp;<\/p>\n<h3><strong>\u00c9tanche au gaz et s\u00e9curis\u00e9<\/strong><\/h3>\n<p>Les \u00e9quipements de compression du gaz doivent satisfaire \u00e0 des exigences de s\u00e9curit\u00e9 plus strictes que ceux servant \u00e0 comprimer l&rsquo;air. Cela ne pose pas de probl\u00e8me \u00e0 la s\u00e9rie GG, \u00e9tanche au gaz \u00e0 100 % et conforme ATEX zone 2.<\/p>\n<p>&nbsp;<\/p>\n<h2><span style=\"color: #000daa;\">Compresseurs de biogaz et biom\u00e9thane<\/span><\/h2>\n<p>Associant performances exceptionnelles et s\u00e9curit\u00e9 dans un format compact et \u00e9conomique, nos compresseurs de la s\u00e9rie GG r\u00e9pondent aux exigences des installations d&rsquo;injection r\u00e9seau de biogaz et biom\u00e9thane les plus exigeantes. Avec leur technologie d&rsquo;entra\u00eenement \u00e0 vitesse variable (VSD), les compresseurs de la s\u00e9rie GG permettent de r\u00e9duire les factures d&rsquo;\u00e9lectricit\u00e9, mais \u00e9galement de limiter consid\u00e9rablement l&rsquo;usure normale de votre compresseur, ce qui r\u00e9duit logiquement les co\u00fbts et augmente les intervalles d&rsquo;entretien.<\/p>\n<p>&nbsp;<\/p>\n<p><iframe loading=\"lazy\" title=\"Atlas Copco Compressed Air &amp; Gas Solutions for Biogas\" src=\"https:\/\/www.youtube.com\/embed\/IWojQ4WxFM4\" width=\"662\" height=\"373\" frameborder=\"0\" allowfullscreen=\"allowfullscreen\"><\/iframe><\/p>\n<p>&nbsp;<\/p>\n<h2><span style=\"color: #000daa;\">Contr\u00f4le et s\u00e9curit\u00e9 optimum<\/span><\/h2>\n<p>Simple d&rsquo;utilisation, le syst\u00e8me de r\u00e9gulation et de surveillance Elektronikon Mk V vous permet de surveiller tous les param\u00e8tres de vos op\u00e9rations quotidiennes. Ses principales caract\u00e9ristiques incluent notamment une \u00e9lectrovanne d&rsquo;arr\u00eat d&rsquo;urgence, permettant d&rsquo;isoler le compresseur de l&rsquo;alimentation en gaz en cas d&rsquo;urgence.<\/p>\n<p>En outre, les capteurs de d\u00e9tection de gaz et leur gestion fournissent une solution de compression s\u00fbre. Avec une conception compacte et robuste pour r\u00e9pondre aux exigences de s\u00e9curit\u00e9 \u00e9lev\u00e9es de l&rsquo;industrie du biogaz, les compresseurs de la s\u00e9rie GG sont conformes aux exigences strictes de conception ATEX 2 et aux directives CE.<\/p>\n<p>Les fonctions de s\u00e9curit\u00e9 sont g\u00e9r\u00e9es par un PLC SIL2 (conform\u00e9ment \u00e0 la norme IEC 61508), ce qui fait de la s\u00e9rie GG l&rsquo;un des choix les plus s\u00fbrs et les plus fiables du secteur.<\/p>\n<p><a href=\"https:\/\/www.atlascopco.com\/en-us\/compressors\/products\/gas-compressors\/gg-series-oil-lubricated-gas-screw-compressor-for-methane\" target=\"_blank\" rel=\"noopener\"><strong>Pour plus d&rsquo;informations, veuillez visiter notre site web.<\/strong><\/a><\/p>\n","protected":false},"excerpt":{"rendered":"Atlas Copco a con\u00e7u des compresseurs \u00e0 vis lubrifi\u00e9s au gazole pour vous offrir une grande fiabilit\u00e9. Il apporte les avantages de notre technologie \u00e9prouv\u00e9e d\u2019entra\u00eenement \u00e0 vitesse variable dans le domaine de la valorisation du biogaz et de l\u2019injection de biom\u00e9thane dans le r\u00e9seau. La s\u00e9rie GG peut fournir des d\u00e9bits allant jusqu\u2019\u00e0 1000 Nm\u00b3\/h \u00e0 pression de d\u00e9charge constante. R\u00e9duire vos besoins \u00e9nerg\u00e9tiques gr\u00e2ce \u00e0 des vitesses de moteur adapt\u00e9es aux niveaux de production de vos usines.","protected":false},"featured_media":43781,"template":"","meta":{"_acf_changed":false,"content-type":""},"product_brand":[],"product_cat":[78,100,107,79,523],"product_tag":[],"class_list":{"0":"post-43785","1":"product","2":"type-product","3":"status-publish","4":"has-post-thumbnail","6":"product_cat-transport-au-gaz-naturel","7":"product_cat-gnc","8":"product_cat-compresseurs-gnc","9":"product_cat-valorisation-du-biogaz","10":"product_cat-compresseurs-biogaz","12":"first","13":"instock","14":"taxable","15":"shipping-taxable","16":"product-type-simple"},"acf":[],"_links":{"self":[{"href":"https:\/\/biogasworld.com\/fr\/wp-json\/wp\/v2\/product\/43785","targetHints":{"allow":["GET"]}}],"collection":[{"href":"https:\/\/biogasworld.com\/fr\/wp-json\/wp\/v2\/product"}],"about":[{"href":"https:\/\/biogasworld.com\/fr\/wp-json\/wp\/v2\/types\/product"}],"wp:featuredmedia":[{"embeddable":true,"href":"https:\/\/biogasworld.com\/fr\/wp-json\/wp\/v2\/media\/43781"}],"wp:attachment":[{"href":"https:\/\/biogasworld.com\/fr\/wp-json\/wp\/v2\/media?parent=43785"}],"wp:term":[{"taxonomy":"product_brand","embeddable":true,"href":"https:\/\/biogasworld.com\/fr\/wp-json\/wp\/v2\/product_brand?post=43785"},{"taxonomy":"product_cat","embeddable":true,"href":"https:\/\/biogasworld.com\/fr\/wp-json\/wp\/v2\/product_cat?post=43785"},{"taxonomy":"product_tag","embeddable":true,"href":"https:\/\/biogasworld.com\/fr\/wp-json\/wp\/v2\/product_tag?post=43785"}],"curies":[{"name":"wp","href":"https:\/\/api.w.org\/{rel}","templated":true}]}}