{"id":43804,"date":"2025-12-03T16:47:02","date_gmt":"2025-12-03T21:47:02","guid":{"rendered":"https:\/\/biogasworld.com\/product\/uncategorized\/co2-compressor\/"},"modified":"2025-12-03T16:57:26","modified_gmt":"2025-12-03T21:57:26","slug":"compresseur-de-co2","status":"publish","type":"product","link":"https:\/\/biogasworld.com\/fr\/product\/transport-au-gaz-naturel\/gnc\/compresseurs-gnc\/compresseur-de-co2\/","title":{"rendered":"Compresseur de CO2"},"content":{"rendered":"<h2><span style=\"color: #000daa;\">Compresseur de CO2<\/span><\/h2>\n<h3><strong>Surpresseur de CO2 \u00e9conome en \u00e9nergie<\/strong><\/h3>\n<p>Pour garantir et surveiller votre efficacit\u00e9 \u00e9nerg\u00e9tique, les toutes derni\u00e8res innovations sont incluses dans la conception du compresseur \u00e0 pistons de CO2.<\/p>\n<ul>\n<li>Les pistons \u00e0 faible vitesse et \u00e0 course longue, con\u00e7us pour r\u00e9pondre \u00e0 toutes les exigences d&rsquo;efficacit\u00e9, garantissent \u00e9galement une dur\u00e9e de vie plus longue des composants d&rsquo;usure.<\/li>\n<li>Le syst\u00e8me de surveillance SMARTlink vous permet de conna\u00eetre en permanence l&rsquo;\u00e9tat de votre compresseur.<\/li>\n<li>Le r\u00e9gulateur Elektronikon permet d&rsquo;optimiser les performances de votre compresseur de CO2.<\/li>\n<\/ul>\n<p>&nbsp;<\/p>\n<p><img decoding=\"async\" class=\"aligncenter\" src=\"https:\/\/atlascopco.scene7.com\/is\/image\/atlascopco\/131_CO2_Booster_Cam_009\" alt=\"CO2 booster\" \/><\/p>\n<p>&nbsp;<\/p>\n<h2><span style=\"color: #000daa;\">Le saviez-vous ?<\/span><\/h2>\n<p>Avec plus de 140 ann\u00e9es d&rsquo;exp\u00e9rience, nous sommes l&rsquo;une des plus grandes entreprises mondiales en mati\u00e8re de compression de gaz. Nos compresseurs de gaz CO2 haute pression fournissent du CO2 de qualit\u00e9 et s&rsquo;adaptent \u00e0 vos besoins sp\u00e9cifiques<\/p>\n<p>&nbsp;<\/p>\n<p><img decoding=\"async\" class=\"aligncenter\" src=\"https:\/\/atlascopco.scene7.com\/is\/image\/atlascopco\/CO2+gas+compressor+90-1110\" alt=\"CO2 compressor- CO2 recovery system\" \/><\/p>\n<p>&nbsp;<\/p>\n<h2><span style=\"color: #000daa;\">Un compresseur de dioxyde de carbone con\u00e7u pour la fiabilit\u00e9<\/span><\/h2>\n<p>La conception horizontale de notre surpresseur de CO2 permet de r\u00e9duire l&rsquo;entretien. Nous avons inclus des cylindres fiables, des pistons et des bielles de piston s\u00fbrs, des soupapes et un moteur premium, des composants en acier inoxydable de haute qualit\u00e9 et un syst\u00e8me d&rsquo;entra\u00eenement robuste<\/p>\n<p>&nbsp;<\/p>\n<h2><span style=\"color: #000daa;\">Avantages techniques<\/span><\/h2>\n<h3><strong>Approvisionnement fiable en CO2<\/strong><\/h3>\n<p>Con\u00e7us pour un service industriel 24 h\/24, 7 j\/7, nos compresseurs \u00e0 pistons de CO2 r\u00e9pondent \u00e0 vos besoins en mati\u00e8re d\u2019approvisionnement en CO2, sans n\u00e9cessiter de supervision permanente.<\/p>\n<p>&nbsp;<\/p>\n<h3><strong>Compression sans huile pour une qualit\u00e9 de CO2 optimale<\/strong><\/h3>\n<p>La compression sans huile prot\u00e8ge la qualit\u00e9 du gaz CO2 comprim\u00e9.<\/p>\n<p>La pollution peut entra\u00eener des risques \u00e9lev\u00e9s pour votre production. Pr\u00e9servez votre process avec une technologie sans huile.<\/p>\n<p>&nbsp;<\/p>\n<h3><strong>\u00c9conomies d&rsquo;\u00e9nergie maximales<\/strong><\/h3>\n<p>En int\u00e9grant les derni\u00e8res innovations en mati\u00e8re de surveillance et de contr\u00f4le, nos compresseurs de CO2 alternatifs sont extr\u00eamement bien class\u00e9s en termes d&rsquo;\u00e9conomies d&rsquo;\u00e9nergie. La technologie \u00e0 pistons de pointe est \u00e9prouv\u00e9e pour les applications \u00e0 haute pression o\u00f9 une faible consommation d&rsquo;\u00e9nergie est indispensable.<\/p>\n<p>&nbsp;<\/p>\n<h2><span style=\"color: #000daa;\">Les compresseurs de CO2 utilis\u00e9s dans l&rsquo;industrie agroalimentaire<\/span><\/h2>\n<h3><strong>SP Italie r\u00e9cup\u00e8re et r\u00e9utilise jusqu&rsquo;\u00e0 80 % de CO2<\/strong><\/h3>\n<p>SP Italie utilise le CO2 pour lutter contre les insectes nuisibles dans son processus de production et pour garantir la qualit\u00e9 et la s\u00e9curit\u00e9 du riz. \u00c0 la fin du processus, jusqu&rsquo;\u00e0 80 % du CO2 est r\u00e9cup\u00e9r\u00e9 plut\u00f4t que de l&rsquo;\u00eatre rel\u00e2ch\u00e9 et perdu dans l&rsquo;atmosph\u00e8re.<\/p>\n<p>&nbsp;<\/p>\n<div style=\"width: 640px;\" class=\"wp-video\"><video class=\"wp-video-shortcode\" id=\"video-43804-1\" width=\"640\" height=\"360\" preload=\"metadata\" controls=\"controls\"><source type=\"video\/mp4\" src=\"https:\/\/atlascopco.scene7.com\/is\/content\/atlascopco\/atlas-copco\/compressor-technique\/oil-free-air\/videos\/Italy+SP+rice+mill+CO2+recovery-0x480-1800k.mp4?_=1\" \/><a href=\"https:\/\/atlascopco.scene7.com\/is\/content\/atlascopco\/atlas-copco\/compressor-technique\/oil-free-air\/videos\/Italy+SP+rice+mill+CO2+recovery-0x480-1800k.mp4\">https:\/\/atlascopco.scene7.com\/is\/content\/atlascopco\/atlas-copco\/compressor-technique\/oil-free-air\/videos\/Italy+SP+rice+mill+CO2+recovery-0x480-1800k.mp4<\/a><\/video><\/div>\n<p>&nbsp;<\/p>\n<p>&nbsp;<\/p>\n<h2><span style=\"color: #000daa;\">Captage du carbone \u00e0 l&rsquo;aide de solutions de gaz comprim\u00e9<\/span><\/h2>\n<h3><strong>Capture du carbone \u00e0 l\u2019aide de solutions de gaz comprim\u00e9<\/strong><\/h3>\n<p>Nous avons les solutions parfaites pour vos op\u00e9rations de captage du carbone. Nous proposons des compresseurs \u00e0 pistons et centrifuges d&rsquo;une efficacit\u00e9 et d&rsquo;une fiabilit\u00e9 in\u00e9gal\u00e9es.<\/p>\n<p><a href=\"https:\/\/www.atlascopco.com\/en-us\/compressors\/products\/gas-compressors\/carbon-dioxide-co2-compressor\" target=\"_blank\" rel=\"noopener\"><strong>Pour plus d&rsquo;informations, veuillez visiter le site web.<\/strong><\/a><\/p>\n<p>&nbsp;<\/p>\n<p><img decoding=\"async\" class=\"aligncenter\" src=\"https:\/\/atlascopco.scene7.com\/is\/image\/atlascopco\/CO2+recovery+from+fermentation\" alt=\"CO2 recovery in breweries\" \/><\/p>\n","protected":false},"excerpt":{"rendered":"Notre surpresseur de CO2 sans huile est sp\u00e9cialement con\u00e7u pour les applications n\u00e9cessitant une forte compression. Une conception efficace se traduit par d&rsquo;importantes \u00e9conomies d&rsquo;\u00e9nergie.","protected":false},"featured_media":43801,"template":"","meta":{"_acf_changed":false,"content-type":""},"product_brand":[],"product_cat":[78,100,107,79,523],"product_tag":[],"class_list":{"0":"post-43804","1":"product","2":"type-product","3":"status-publish","4":"has-post-thumbnail","6":"product_cat-transport-au-gaz-naturel","7":"product_cat-gnc","8":"product_cat-compresseurs-gnc","9":"product_cat-valorisation-du-biogaz","10":"product_cat-compresseurs-biogaz","12":"first","13":"instock","14":"taxable","15":"shipping-taxable","16":"product-type-simple"},"acf":[],"_links":{"self":[{"href":"https:\/\/biogasworld.com\/fr\/wp-json\/wp\/v2\/product\/43804","targetHints":{"allow":["GET"]}}],"collection":[{"href":"https:\/\/biogasworld.com\/fr\/wp-json\/wp\/v2\/product"}],"about":[{"href":"https:\/\/biogasworld.com\/fr\/wp-json\/wp\/v2\/types\/product"}],"wp:featuredmedia":[{"embeddable":true,"href":"https:\/\/biogasworld.com\/fr\/wp-json\/wp\/v2\/media\/43801"}],"wp:attachment":[{"href":"https:\/\/biogasworld.com\/fr\/wp-json\/wp\/v2\/media?parent=43804"}],"wp:term":[{"taxonomy":"product_brand","embeddable":true,"href":"https:\/\/biogasworld.com\/fr\/wp-json\/wp\/v2\/product_brand?post=43804"},{"taxonomy":"product_cat","embeddable":true,"href":"https:\/\/biogasworld.com\/fr\/wp-json\/wp\/v2\/product_cat?post=43804"},{"taxonomy":"product_tag","embeddable":true,"href":"https:\/\/biogasworld.com\/fr\/wp-json\/wp\/v2\/product_tag?post=43804"}],"curies":[{"name":"wp","href":"https:\/\/api.w.org\/{rel}","templated":true}]}}