{"id":43866,"date":"2025-12-11T10:11:41","date_gmt":"2025-12-11T15:11:41","guid":{"rendered":"https:\/\/biogasworld.com\/product\/uncategorized\/bio-lng-carborexms\/"},"modified":"2025-12-11T10:17:01","modified_gmt":"2025-12-11T15:17:01","slug":"bio-gnl-carborexms","status":"publish","type":"product","link":"https:\/\/biogasworld.com\/fr\/product\/transport-au-gaz-naturel\/gnl\/bio-gnl-carborexms\/","title":{"rendered":"Bio-GNL &#8211; CarboRex\u00aeMS"},"content":{"rendered":"<h2><span style=\"color: #000daa;\">Qu\u2019est-ce que le Bio-GNL ?<\/span><\/h2>\n<p>Le gaz naturel liqu\u00e9fi\u00e9 issu de la liqu\u00e9faction du biom\u00e9thane de haute qualit\u00e9 constitue un biocarburant plus \u00e9cologique que son homologue fossile. La recherche montre que le Bio-GNL est le carburant le plus rentable disponible aujourd\u2019hui pour la r\u00e9duction des \u00e9missions de dioxyde de carbone (CO2) et donc, un investissement id\u00e9al pour atteindre les objectifs climatiques. En combinant combustion propre, facilit\u00e9 de transport, flexibilit\u00e9 et s\u00e9curit\u00e9 accrue \u2013 \u00e0 la fois en termes de capacit\u00e9 de r\u00e9serve et de stabilit\u00e9 des prix \u2013 le Bio-GNL gagne dans le monde entier le statut de carburant du futur.<\/p>\n<ul>\n<li>R\u00e9duit l\u2019empreinte carbone : Contribue \u00e0 r\u00e9duire les \u00e9missions.<\/li>\n<li>\u00c9conomise sur les co\u00fbts de carburant : Plus de miles pour moins d\u2019argent.<\/li>\n<li>Fonctionnement plus silencieux : Moins de pollution sonore.<\/li>\n<li>Avantages suppl\u00e9mentaires : moteurs plus propres et co\u00fbts d\u2019entretien r\u00e9duits.<\/li>\n<\/ul>\n<p>&nbsp;<\/p>\n<p><img decoding=\"async\" class=\"aligncenter\" src=\"https:\/\/dmt-international.com\/wp-content\/uploads\/2023\/09\/fillingstation-2.artitas-e1718716896685.jpg\" \/><\/p>\n<p>&nbsp;<\/p>\n<h2><span style=\"color: #000daa;\">Pourquoi choisir le Bio-LNG ?<\/span><\/h2>\n<p>Choisir le Bio-LNG, c\u2019est opter pour le champion de l\u2019environnement. Il se distingue comme le biocarburant le plus respectueux de l\u2019environnement disponible, surpassant ses homologues \u00e0 base de combustibles fossiles. La recherche confirme que le Bio-GNL est le meilleur choix pour r\u00e9duire abordablement les \u00e9missions de carbone. C\u2019est une d\u00e9marche intelligente pour l\u2019archivage des objectifs climatiques, en raison de sa combustion propre, de sa facilit\u00e9 de transport, ainsi que de son approvisionnement et de ses prix stables. Le monde progresse : le Bio-GNL est le carburant du futur.<\/p>\n<p>&nbsp;<\/p>\n<p><iframe loading=\"lazy\" class=\"aligncenter\" src=\"https:\/\/dmt-international.com\/wp-content\/uploads\/2023\/09\/240828-DMT-Bio-LNG_v4.mp4\" width=\"560\" height=\"315\" frameborder=\"0\" allowfullscreen=\"allowfullscreen\"><span data-mce-type=\"bookmark\" style=\"display: inline-block; width: 0px; overflow: hidden; line-height: 0;\" class=\"mce_SELRES_start\">\ufeff<\/span><\/iframe><\/p>\n<p>&nbsp;<\/p>\n<h2><span style=\"color: #000daa;\">Durable et renouvelable<\/span><\/h2>\n<p>D\u00e9riv\u00e9 de mat\u00e9riaux organiques tels que les d\u00e9chets agricoles, alimentaires et d\u2019autres sources de biomasse, le Bio-GNL est une alternative durable aux combustibles fossiles traditionnels. Le Bio-GNL est consid\u00e9r\u00e9 comme renouvelable, car il est produit \u00e0 partir de sources biologiques qui absorbent le CO2, ce qui en compense les \u00e9missions.<\/p>\n<p>&nbsp;<\/p>\n<p><img decoding=\"async\" class=\"aligncenter\" src=\"https:\/\/dmt-international.com\/wp-content\/uploads\/2023\/09\/JOHB3308-scaled-e1718716924428.jpg\" \/><\/p>\n<p>&nbsp;<\/p>\n<h2><span style=\"color: #000daa;\">Promouvoir une \u00e9conomie circulaire et une \u00e9nergie plus propre<\/span><\/h2>\n<p>CarboRex\u00aeMS de DMT am\u00e9liore le biom\u00e9thane destin\u00e9 \u00e0 l\u2019injection dans le r\u00e9seau. Si la connexion au r\u00e9seau n\u2019est pas disponible, le biom\u00e9thane peut \u00eatre liqu\u00e9fi\u00e9 en Bio-GNL par compression et refroidissement \u00e0 des temp\u00e9ratures tr\u00e8s basses. Ce processus accro\u00eet la densit\u00e9 \u00e9nerg\u00e9tique, ce qui fait du Bio-GNL un carburant efficace pour les v\u00e9hicules lourds et le transport maritime.<\/p>\n<p><a href=\"https:\/\/dmt-international.com\/solution\/bio-lng\/\" target=\"_blank\" rel=\"noopener\"><strong>Pour plus d&rsquo;informations, veuillez visiter notre site web.<\/strong><\/a><\/p>\n<p>&nbsp;<\/p>\n<p><img decoding=\"async\" class=\"aligncenter\" src=\"https:\/\/dmt-international.com\/wp-content\/uploads\/2023\/09\/25053_infographic_TSPbyDMT-bio-LNG_1080x652.png\" \/><\/p>\n","protected":false},"excerpt":{"rendered":"Le gaz naturel liqu\u00e9fi\u00e9 issu de la liqu\u00e9faction du biom\u00e9thane de haute qualit\u00e9 constitue un biocarburant plus \u00e9cologique que son homologue fossile.","protected":false},"featured_media":43865,"template":"","meta":{"_acf_changed":false,"content-type":""},"product_brand":[],"product_cat":[78,101],"product_tag":[],"class_list":{"0":"post-43866","1":"product","2":"type-product","3":"status-publish","4":"has-post-thumbnail","6":"product_cat-transport-au-gaz-naturel","7":"product_cat-gnl","9":"first","10":"instock","11":"taxable","12":"shipping-taxable","13":"product-type-simple"},"acf":[],"_links":{"self":[{"href":"https:\/\/biogasworld.com\/fr\/wp-json\/wp\/v2\/product\/43866","targetHints":{"allow":["GET"]}}],"collection":[{"href":"https:\/\/biogasworld.com\/fr\/wp-json\/wp\/v2\/product"}],"about":[{"href":"https:\/\/biogasworld.com\/fr\/wp-json\/wp\/v2\/types\/product"}],"wp:featuredmedia":[{"embeddable":true,"href":"https:\/\/biogasworld.com\/fr\/wp-json\/wp\/v2\/media\/43865"}],"wp:attachment":[{"href":"https:\/\/biogasworld.com\/fr\/wp-json\/wp\/v2\/media?parent=43866"}],"wp:term":[{"taxonomy":"product_brand","embeddable":true,"href":"https:\/\/biogasworld.com\/fr\/wp-json\/wp\/v2\/product_brand?post=43866"},{"taxonomy":"product_cat","embeddable":true,"href":"https:\/\/biogasworld.com\/fr\/wp-json\/wp\/v2\/product_cat?post=43866"},{"taxonomy":"product_tag","embeddable":true,"href":"https:\/\/biogasworld.com\/fr\/wp-json\/wp\/v2\/product_tag?post=43866"}],"curies":[{"name":"wp","href":"https:\/\/api.w.org\/{rel}","templated":true}]}}