{"id":43871,"date":"2025-12-11T10:22:30","date_gmt":"2025-12-11T15:22:30","guid":{"rendered":"https:\/\/biogasworld.com\/product\/uncategorized\/bio-cng-virtual-pipeline-carborexms\/"},"modified":"2025-12-11T10:29:06","modified_gmt":"2025-12-11T15:29:06","slug":"bio-gnc-pipeline-virtuel-carborexms","status":"publish","type":"product","link":"https:\/\/biogasworld.com\/fr\/product\/transport-au-gaz-naturel\/gnc\/injection-fr\/bio-gnc-pipeline-virtuel-carborexms\/","title":{"rendered":"Bio-GNC \/ Pipeline virtuel &#8211; CarboRex\u00aeMS"},"content":{"rendered":"<h2><span style=\"color: #000daa;\">Qu\u2019est-ce que le Bio-GNC?<\/span><\/h2>\n<p>Le Bio-GNC (pipeline virtuel) est une alternative durable aux combustibles fossiles traditionnels, d\u00e9riv\u00e9e de mati\u00e8res organiques telles que les d\u00e9chets agricoles, alimentaires et d\u2019autres sources de biomasse. Ces biocarburants sont renouvelables car ils sont produits \u00e0 partir de sources biologiques qui absorbent le dioxyde de carbone (CO2) lors de leur croissance, ce qui compense les \u00e9missions.<\/p>\n<ul>\n<li>Renouvelable : Le bio-GNC est fabriqu\u00e9 \u00e0 partir de r\u00e9serves infinies de d\u00e9chets organiques.<\/li>\n<li>Neutre en carbone : Son utilisation n\u2019ajoute pas de carbone suppl\u00e9mentaire \u00e0 l\u2019atmosph\u00e8re.<\/li>\n<li>Carburant plus propre : Br\u00fble plus proprement que les combustibles fossiles, r\u00e9duisant la pollution.<\/li>\n<li>S\u00e9curit\u00e9 \u00e9nerg\u00e9tique : Favorise l\u2019ind\u00e9pendance \u00e9nerg\u00e9tique locale.<\/li>\n<\/ul>\n<p>&nbsp;<\/p>\n<p><iframe loading=\"lazy\" class=\"aligncenter\" src=\"https:\/\/www.youtube.com\/embed\/9q3i1DDSiGI\" width=\"560\" height=\"315\" frameborder=\"0\" allowfullscreen=\"allowfullscreen\"><\/iframe><\/p>\n<p>&nbsp;<\/p>\n<h2><span style=\"color: #000daa;\">Pipeline virtuelle<\/span><\/h2>\n<p>La technologie du pipeline virtuel constitue une excellente solution pour les sites de production \u00e0 distance. Ce processus implique la compression du biom\u00e9thane en gaz naturel bio-comprim\u00e9 (Bio-GNC), le transfert du Bio-GNC dans un syst\u00e8me en cascade, puis son transport par route vers une installation \u00e9loign\u00e9e, avec un point d\u2019entr\u00e9e au r\u00e9seau de gaz.<\/p>\n<p>&nbsp;<\/p>\n<p><iframe loading=\"lazy\" class=\"aligncenter\" src=\"https:\/\/dmt-international.com\/wp-content\/uploads\/2024\/04\/240828-DMT-CNG-V3.mp4\" width=\"560\" height=\"315\" frameborder=\"0\" allowfullscreen=\"allowfullscreen\"><span data-mce-type=\"bookmark\" style=\"display: inline-block; width: 0px; overflow: hidden; line-height: 0;\" class=\"mce_SELRES_start\">\ufeff<\/span><\/iframe><\/p>\n<p>&nbsp;<\/p>\n<h2><span style=\"color: #000daa;\">Le profil vert du bio-GNC<\/span><\/h2>\n<p>Le bio-GNC joue un r\u00f4le crucial dans la promotion d\u2019une \u00e9conomie circulaire car il utilise les d\u00e9chets organiques pour produire des solutions \u00e9nerg\u00e9tiques respectueuses de l\u2019environnement. Ceci s\u2019aligne avec les efforts mondiaux pour att\u00e9nuer le changement climatique et r\u00e9duire la d\u00e9pendance aux combustibles fossiles.<\/p>\n<p>&nbsp;<\/p>\n<p><img decoding=\"async\" class=\"aligncenter\" src=\"https:\/\/dmt-international.com\/wp-content\/uploads\/2024\/10\/DMT-renewable-gas-solutions.jpg\" \/><\/p>\n<p>&nbsp;<\/p>\n<h2><span style=\"color: #000daa;\">B\u00e9n\u00e9fices du Bio-CNG<\/span><\/h2>\n<p>La technologie CarboRex\u00aeMS transforme le biom\u00e9thane en une ressource pr\u00e9cieuse. Ce biom\u00e9thane am\u00e9lior\u00e9 sert de substitut polyvalent au gaz naturel, ce qui signifie qu\u2019il peut soit enrichir les lignes d\u2019approvisionnement en gaz naturel existantes, soit alimenter des v\u00e9hicules comme le Bio-GNC (gaz naturel comprim\u00e9).<\/p>\n<p><a href=\"https:\/\/dmt-international.com\/solution\/bio-cng-virtual-pipeline\/\" target=\"_blank\" rel=\"noopener\"><strong>Pour plus d&rsquo;informations, veuillez visiter notre site web.<\/strong><\/a><\/p>\n<p>&nbsp;<\/p>\n<p><img decoding=\"async\" class=\"aligncenter\" src=\"https:\/\/dmt-international.com\/wp-content\/uploads\/2023\/09\/25053_infographic_TSPbyDMT-bio-CNG_1080x652.png\" \/><\/p>\n<p>&nbsp;<\/p>\n","protected":false},"excerpt":{"rendered":"Le bio-GNC (pipeline virtuel) est une alternative durable aux combustibles fossiles traditionnels, d\u00e9riv\u00e9e de mati\u00e8res organiques telles que les d\u00e9chets agricoles, alimentaires et d\u2019autres sources de biomasse.","protected":false},"featured_media":43870,"template":"","meta":{"_acf_changed":false,"content-type":""},"product_brand":[],"product_cat":[78,100,530],"product_tag":[],"class_list":{"0":"post-43871","1":"product","2":"type-product","3":"status-publish","4":"has-post-thumbnail","6":"product_cat-transport-au-gaz-naturel","7":"product_cat-gnc","8":"product_cat-injection-fr","10":"first","11":"instock","12":"taxable","13":"shipping-taxable","14":"product-type-simple"},"acf":[],"_links":{"self":[{"href":"https:\/\/biogasworld.com\/fr\/wp-json\/wp\/v2\/product\/43871","targetHints":{"allow":["GET"]}}],"collection":[{"href":"https:\/\/biogasworld.com\/fr\/wp-json\/wp\/v2\/product"}],"about":[{"href":"https:\/\/biogasworld.com\/fr\/wp-json\/wp\/v2\/types\/product"}],"wp:featuredmedia":[{"embeddable":true,"href":"https:\/\/biogasworld.com\/fr\/wp-json\/wp\/v2\/media\/43870"}],"wp:attachment":[{"href":"https:\/\/biogasworld.com\/fr\/wp-json\/wp\/v2\/media?parent=43871"}],"wp:term":[{"taxonomy":"product_brand","embeddable":true,"href":"https:\/\/biogasworld.com\/fr\/wp-json\/wp\/v2\/product_brand?post=43871"},{"taxonomy":"product_cat","embeddable":true,"href":"https:\/\/biogasworld.com\/fr\/wp-json\/wp\/v2\/product_cat?post=43871"},{"taxonomy":"product_tag","embeddable":true,"href":"https:\/\/biogasworld.com\/fr\/wp-json\/wp\/v2\/product_tag?post=43871"}],"curies":[{"name":"wp","href":"https:\/\/api.w.org\/{rel}","templated":true}]}}