{"id":43876,"date":"2025-12-11T10:36:14","date_gmt":"2025-12-11T15:36:14","guid":{"rendered":"https:\/\/biogasworld.com\/product\/uncategorized\/gas-desulfurization-conditioning\/"},"modified":"2025-12-11T10:42:53","modified_gmt":"2025-12-11T15:42:53","slug":"desulfuration-et-conditionnement-du-gaz","status":"publish","type":"product","link":"https:\/\/biogasworld.com\/fr\/product\/valorisation-du-biogaz\/raffinage\/desulfuration-et-conditionnement-du-gaz\/","title":{"rendered":"D\u00e9sulfuration et conditionnement du gaz"},"content":{"rendered":"<h2><span style=\"color: #000daa;\">D\u00e9sulfuration et conditionnement du gaz<\/span><\/h2>\n<p>Pour am\u00e9liorer la qualit\u00e9 du biogaz, nous devons le purifier en \u00e9liminant le sulfure d\u2019hydrog\u00e8ne (H2S). Ce processus de d\u00e9sulfuration est particuli\u00e8rement crucial pour le biogaz produit \u00e0 partir de diverses sources telles que la fermentation des d\u00e9chets de l\u2019agriculture, des entreprises d\u2019\u00e9levage, des usines de traitement des eaux us\u00e9es et des installations de d\u00e9chets organiques.<\/p>\n<p>Les technologies innovantes absorbent et oxydent efficacement le H2S, le convertissant en soufre ou sulfate \u00e9l\u00e9mentaire. Cette d\u00e9sulfuration strat\u00e9gique du gaz naturel am\u00e9liore la qualit\u00e9, la s\u00e9curit\u00e9 et la durabilit\u00e9 du biogaz. Minimiser l\u2019impact environnemental, la corrosion des \u00e9quipements et les \u00e9missions de SOx. La d\u00e9sulfuration du gaz constitue donc une \u00e9tape essentielle du processus de valorisation du biogaz.<\/p>\n<ul>\n<li>Solutions polyvalentes et sur mesure.<\/li>\n<li>Peu co\u00fbteux et efficace.<\/li>\n<li>Efficacit\u00e9 d\u2019\u00e9limination maximis\u00e9e.<\/li>\n<\/ul>\n<p>&nbsp;<\/p>\n<p><img decoding=\"async\" class=\"aligncenter\" src=\"https:\/\/dmt-international.com\/wp-content\/uploads\/2023\/11\/JOHB3408-kopieren-scaled-e1705488153863.jpg\" \/><\/p>\n<p>&nbsp;<\/p>\n<h2><span style=\"color: #000daa;\">Solutions de d\u00e9sulfuration sur mesure<\/span><\/h2>\n<p>Diverses technologies de d\u00e9sulfuration sont disponibles, dont l\u2019absorption liquide, l\u2019adsorption sur des mat\u00e9riaux et l\u2019oxydation biologique du sulfure. Nous proposons des solutions sur mesure pour la d\u00e9sulfuration du biogaz, offrant une gamme compl\u00e8te d\u2019options pour l\u2019\u00e9limination du sulfure d\u2019hydrog\u00e8ne des flux de biogaz, en tenant compte de facteurs tels que l\u2019exploitation et la maintenance (O&amp;M), les d\u00e9penses d\u2019investissement (CAPEX) et les d\u00e9penses op\u00e9rationnelles (OPEX).<\/p>\n<p>&nbsp;<\/p>\n<p><iframe loading=\"lazy\" class=\"aligncenter\" src=\"https:\/\/dmt-international.com\/wp-content\/uploads\/2023\/09\/24828-DMT-Desulfurization-v2.mp4\" width=\"560\" height=\"315\" frameborder=\"0\" allowfullscreen=\"allowfullscreen\"><span data-mce-type=\"bookmark\" style=\"display: inline-block; width: 0px; overflow: hidden; line-height: 0;\" class=\"mce_SELRES_start\">\ufeff<\/span><\/iframe><\/p>\n<p>&nbsp;<\/p>\n<h2><span style=\"color: #000daa;\">Sulfure d\u2019hydrog\u00e8ne : un gaz toxique<\/span><\/h2>\n<p>Le sulfure d\u2019hydrog\u00e8ne (H2S) dans le biogaz pose des d\u00e9fis importants pour la production de gaz naturel renouvelable.<\/p>\n<ul>\n<li>Tout d\u2019abord, il pose de graves risques pour la sant\u00e9 et la s\u00e9curit\u00e9, entra\u00eenant des complications fatales lors de l\u2019exposition \u00e0 des concentrations tr\u00e8s \u00e9lev\u00e9es.<\/li>\n<li>Deuxi\u00e8mement, en raison de sa conversion en sulfate dans l\u2019atmosph\u00e8re, le H2S contribue \u00e0 la pollution environnementale par les \u00e9missions de SOx, jouant un r\u00f4le dans le cycle du soufre atmosph\u00e9rique, ce qui renforce l\u2019influence refroidissante du sulfate atmosph\u00e9rique.<\/li>\n<li>Troisi\u00e8mement, sa nature corrosive entra\u00eene des dommages importants aux \u00e9quipements et aux machines industriels impliqu\u00e9s dans la valorisation du biogaz, n\u00e9cessitant des r\u00e9parations et une maintenance co\u00fbteuses.<\/li>\n<\/ul>\n<p>Par cons\u00e9quent, des techniques efficaces de d\u00e9sulfuration du biogaz sont essentielles pour la valorisation s\u00fbre et efficace du biogaz, garantissant la production de gaz naturel renouvelable propre et durable.<\/p>\n<p><a href=\"https:\/\/dmt-international.com\/solution\/gas-desulfurization-and-conditioning\/\" target=\"_blank\" rel=\"noopener\"><strong>Pour en savoir plus, veuillez visiter notre site web.<\/strong><\/a><\/p>\n<p><img decoding=\"async\" class=\"aligncenter\" src=\"https:\/\/dmt-international.com\/wp-content\/uploads\/2023\/09\/BioSulfurexSilo.jpg\" \/><\/p>\n<p>&nbsp;<\/p>\n","protected":false},"excerpt":{"rendered":"Pour am\u00e9liorer la qualit\u00e9 du biogaz, nous devons le purifier en \u00e9liminant le sulfure d\u2019hydrog\u00e8ne. Ce processus de d\u00e9sulfuration est particuli\u00e8rement crucial pour le biogaz issu de divers d\u00e9chets, car il convertit le H2S oxyd\u00e9 en soufre ou en sulfate \u00e9l\u00e9mentaire.","protected":false},"featured_media":43875,"template":"","meta":{"_acf_changed":false,"content-type":""},"product_brand":[],"product_cat":[79,97],"product_tag":[],"class_list":{"0":"post-43876","1":"product","2":"type-product","3":"status-publish","4":"has-post-thumbnail","6":"product_cat-valorisation-du-biogaz","7":"product_cat-raffinage","9":"first","10":"instock","11":"taxable","12":"shipping-taxable","13":"product-type-simple"},"acf":[],"_links":{"self":[{"href":"https:\/\/biogasworld.com\/fr\/wp-json\/wp\/v2\/product\/43876","targetHints":{"allow":["GET"]}}],"collection":[{"href":"https:\/\/biogasworld.com\/fr\/wp-json\/wp\/v2\/product"}],"about":[{"href":"https:\/\/biogasworld.com\/fr\/wp-json\/wp\/v2\/types\/product"}],"wp:featuredmedia":[{"embeddable":true,"href":"https:\/\/biogasworld.com\/fr\/wp-json\/wp\/v2\/media\/43875"}],"wp:attachment":[{"href":"https:\/\/biogasworld.com\/fr\/wp-json\/wp\/v2\/media?parent=43876"}],"wp:term":[{"taxonomy":"product_brand","embeddable":true,"href":"https:\/\/biogasworld.com\/fr\/wp-json\/wp\/v2\/product_brand?post=43876"},{"taxonomy":"product_cat","embeddable":true,"href":"https:\/\/biogasworld.com\/fr\/wp-json\/wp\/v2\/product_cat?post=43876"},{"taxonomy":"product_tag","embeddable":true,"href":"https:\/\/biogasworld.com\/fr\/wp-json\/wp\/v2\/product_tag?post=43876"}],"curies":[{"name":"wp","href":"https:\/\/api.w.org\/{rel}","templated":true}]}}