{"id":43900,"date":"2025-12-17T14:39:57","date_gmt":"2025-12-17T19:39:57","guid":{"rendered":"https:\/\/biogasworld.com\/product\/uncategorized\/npharvest-nutrient-catcher-system\/"},"modified":"2025-12-17T14:49:41","modified_gmt":"2025-12-17T19:49:41","slug":"systeme-de-recuperation-des-nutriments-de-npharvest","status":"publish","type":"product","link":"https:\/\/biogasworld.com\/fr\/product\/traitement-des-eaux\/recuperation-des-nutriments\/systeme-de-recuperation-des-nutriments-de-npharvest\/","title":{"rendered":"Syst\u00e8me de r\u00e9cup\u00e9ration des nutriments de NPHarvest"},"content":{"rendered":"<h2><span style=\"color: #000daa;\">Transformer les d\u00e9chets en opportunit\u00e9s \u2013 tout en un seul flux<\/span><\/h2>\n<h3><strong>Regardons de plus pr\u00e8s le processus<\/strong><\/h3>\n<p>&nbsp;<\/p>\n<p><img decoding=\"async\" class=\"aligncenter\" src=\"https:\/\/www.npharvest.fi\/wp-content\/uploads\/2025\/06\/hero-process-captions-noLKD-1-scaled.jpg\" alt=\"Diagram illustrating NPHarvest's nutrient recovery process from wastewater, including optional phosphorous precipitation and nitrogen recovery via membrane stripping\" \/><\/p>\n<p>&nbsp;<\/p>\n<h2><span style=\"color: #000daa;\">Intrants<\/span><\/h2>\n<h3><strong>Pr\u00e9parer le terrain pour la r\u00e9cup\u00e9ration des nutriments<\/strong><\/h3>\n<p>Le processus n\u00e9cessite trois intrants principaux : un alcalin, un acide et un flux de d\u00e9chets liquides riches en nutriments. La flexibilit\u00e9 du choix entre alcalin et acide permet au processus de s\u2019adapter aux conditions locales.<\/p>\n<p>Lorsque la r\u00e9cup\u00e9ration de P est incluse, l\u2019alcalin utilis\u00e9 est l\u2019hydroxyde de calcium. Avec la r\u00e9cup\u00e9ration de N seule, tout alcalin, tel que l\u2019hydroxyde de sodium, peut \u00eatre utilis\u00e9.<\/p>\n<p>Un acide est n\u00e9cessaire pour former un sel d\u2019ammonium. L\u2019acide le plus courant \u00e0 utiliser est l\u2019acide sulfurique, qui forme du sulfate d\u2019ammonium. Cependant, plusieurs acides peuvent \u00eatre utilis\u00e9s selon le produit final souhait\u00e9.<\/p>\n<p>Enfin (mais pas des moindres), le processus prend en charge les eaux us\u00e9es concentr\u00e9es. La faisabilit\u00e9 \u00e9conomique commence \u00e0 partir d\u2019une concentration d\u2019azote sup\u00e9rieure \u00e0 500 g\/m\u00b3.<\/p>\n<p>En outre, l\u2019\u00e9lectricit\u00e9 est n\u00e9cessaire pour pomper l\u2019eau (sous une pression de 1 bar) \u00e0 travers le syst\u00e8me, et l\u2019LKD peut \u00eatre utilis\u00e9 pour am\u00e9liorer la pr\u00e9cipitation du phosphore.<\/p>\n<p>&nbsp;<\/p>\n<p><img decoding=\"async\" class=\"aligncenter\" src=\"https:\/\/www.npharvest.fi\/wp-content\/uploads\/2025\/04\/P-recovery-1.png\" alt=\"Diagram of NPHarvest\u2019s phosphorous recovery process through precipitation and dewatering\" \/><\/p>\n<p>&nbsp;<\/p>\n<h2><span style=\"color: #000daa;\">R\u00e9cup\u00e9ration du phosphore<\/span><\/h2>\n<h3><strong>Cr\u00e9er une source locale de phosphore<\/strong><\/h3>\n<p>Si la r\u00e9cup\u00e9ration du phosphore est souhait\u00e9e, nous dosons de l\u2019hydroxyde de calcium aux eaux us\u00e9es afin d\u2019en favoriser la pr\u00e9cipitation. Simultan\u00e9ment, nous obtenons un double avantage : le pH augmente, ce qui favorise l\u2019\u00e9tape suivante de r\u00e9cup\u00e9ration de l\u2019azote.<\/p>\n<p>Le phosphore est ensuite s\u00e9par\u00e9 sous forme solide par d\u00e9cantation et d\u00e9shydratation. Le produit final est du phosphate de calcium amorphe qui peut \u00eatre r\u00e9utilis\u00e9, par exemple, comme composant d\u2019engrais.<\/p>\n<p>Lorsque la r\u00e9cup\u00e9ration du phosphore n\u2019est pas n\u00e9cessaire, seul le dosage alcalin de cette \u00e9tape intervient, ce qui rend le processus flexible en fonction des besoins du client.<\/p>\n<p>Il n\u2019y a pas de pr\u00e9traitement important n\u00e9cessaire. Le processus peut g\u00e9rer jusqu\u2019\u00e0 3\u00a0% de TSS pour la r\u00e9cup\u00e9ration du phosphore et de l\u2019azote \u2013 contrairement \u00e0 de nombreuses autres solutions de r\u00e9cup\u00e9ration.<\/p>\n<p>&nbsp;<\/p>\n<p><img decoding=\"async\" class=\"aligncenter\" src=\"https:\/\/www.npharvest.fi\/wp-content\/uploads\/2025\/06\/N-recovery-no-ph.png\" alt=\"Nitrogen recovery process using hydrophobic membrane stripping by NPHarvest\" \/><\/p>\n<p>&nbsp;<\/p>\n<h2><span style=\"color: #000daa;\">R\u00e9cup\u00e9ration d&rsquo;azote<\/span><\/h2>\n<h3><strong>Capturer l\u2019azote pr\u00e9cieux<\/strong><\/h3>\n<p>Apr\u00e8s la manipulation du phosphore, les eaux us\u00e9es restantes subissent une r\u00e9cup\u00e9ration d\u2019azote.<\/p>\n<p>Gr\u00e2ce \u00e0 un proc\u00e9d\u00e9 d&rsquo;\u00e9limination, l\u2019ammoniac est extrait de l\u2019eau. La pr\u00e9c\u00e9dente augmentation du pH rend l\u2019ammoniac volatil, et une diff\u00e9rence de concentration fait passer l\u2019ammoniac gazeux \u00e0 travers nos membranes hydrophobes.<\/p>\n<p>De l\u2019autre c\u00f4t\u00e9 de la membrane, nous introduisons un acide, tel que l\u2019acide sulfurique, en fonction de la disponibilit\u00e9 locale et du produit final souhait\u00e9. L\u2019ammoniac r\u00e9agit avec l\u2019acide, formant une solution de sel d\u2019ammonium pr\u00e9cieuse, r\u00e9utilisable pour divers usages agricoles et industriels.<\/p>\n<p>Ne confondez pas nos membranes de d\u00e9capage avec des membranes filtrantes. Parce que l\u2019ammoniac est d\u00e9cap\u00e9 (non filtr\u00e9) et qu\u2019il n\u2019y a pas d\u2019augmentation de pression, l\u2019encrassement ou le colmatage ne sont pas un probl\u00e8me \u2014 contrairement \u00e0 de nombreuses membranes filtrantes.<\/p>\n<p>&nbsp;<\/p>\n<h2><span style=\"color: #000daa;\">R\u00e9sultats<\/span><\/h2>\n<h3><strong>L\u2019eau et les nutriments sont bien s\u00e9par\u00e9s<\/strong><\/h3>\n<p>\u00c0 la fin du processus, nous obtenons trois r\u00e9sultats\u00a0:<\/p>\n<ul>\n<li>Produit phosphor\u00e9 ;<\/li>\n<li>Sel d\u2019ammonium ;<\/li>\n<li>Eaux us\u00e9es dilu\u00e9es.<\/li>\n<\/ul>\n<p>Cette approche int\u00e9gr\u00e9e transforme les eaux us\u00e9es d\u2019une charge environnementale en une source de ressources r\u00e9utilisables.<\/p>\n<p>Notre processus ne s\u2019attaque qu\u2019\u00e0 l\u2019azote et au phosphore. Les eaux us\u00e9es devront encore \u00eatre trait\u00e9es comme elles le seraient normalement pour d\u2019autres polluants.<\/p>\n<p>&nbsp;<\/p>\n<h2><span style=\"color: #000daa;\">B\u00e9n\u00e9fices<\/span><\/h2>\n<h3><strong>Faibles co\u00fbts d&rsquo;exploitation<\/strong><\/h3>\n<p>Notre technologie ne n\u00e9cessite qu\u2019une augmentation du pH \u2013 pas de chauffage, d\u2019a\u00e9ration, de pression ni de produits chimiques suppl\u00e9mentaires.<\/p>\n<p>&nbsp;<\/p>\n<h3>Produit final de haute qualit\u00e9<\/h3>\n<p>Nous r\u00e9cup\u00e9rons l\u2019azote sous forme de sel d\u2019ammoniac pur et le phosphore sous forme de phosphate de calcium amorphe.<\/p>\n<p>&nbsp;<\/p>\n<h3>Simple et fiable<\/h3>\n<p>Notre processus est physiochimique et fonctionne uniquement en dosant un alcalin et un acide. Il ne se bouche pas avec TSS jusqu\u2019\u00e0 3%.<\/p>\n<p><a href=\"https:\/\/www.npharvest.fi\/technology\/\" target=\"_blank\" rel=\"noopener\"><strong>Pour plus d&rsquo;informations, veuillez visiter notre site web.<\/strong><\/a><\/p>\n","protected":false},"excerpt":{"rendered":"Le processus NPHarvest permet de r\u00e9cup\u00e9rer l\u2019azote et le phosphore des eaux us\u00e9es, transformant ces eaux d\u2019une charge environnementale en une source de ressources r\u00e9utilisables.","protected":false},"featured_media":43899,"template":"","meta":{"_acf_changed":false,"content-type":""},"product_brand":[],"product_cat":[514,80,95],"product_tag":[],"class_list":{"0":"post-43900","1":"product","2":"type-product","3":"status-publish","4":"has-post-thumbnail","6":"product_cat-gestion-du-digestat","7":"product_cat-traitement-des-eaux","8":"product_cat-recuperation-des-nutriments","10":"first","11":"instock","12":"taxable","13":"shipping-taxable","14":"product-type-simple"},"acf":[],"_links":{"self":[{"href":"https:\/\/biogasworld.com\/fr\/wp-json\/wp\/v2\/product\/43900","targetHints":{"allow":["GET"]}}],"collection":[{"href":"https:\/\/biogasworld.com\/fr\/wp-json\/wp\/v2\/product"}],"about":[{"href":"https:\/\/biogasworld.com\/fr\/wp-json\/wp\/v2\/types\/product"}],"wp:featuredmedia":[{"embeddable":true,"href":"https:\/\/biogasworld.com\/fr\/wp-json\/wp\/v2\/media\/43899"}],"wp:attachment":[{"href":"https:\/\/biogasworld.com\/fr\/wp-json\/wp\/v2\/media?parent=43900"}],"wp:term":[{"taxonomy":"product_brand","embeddable":true,"href":"https:\/\/biogasworld.com\/fr\/wp-json\/wp\/v2\/product_brand?post=43900"},{"taxonomy":"product_cat","embeddable":true,"href":"https:\/\/biogasworld.com\/fr\/wp-json\/wp\/v2\/product_cat?post=43900"},{"taxonomy":"product_tag","embeddable":true,"href":"https:\/\/biogasworld.com\/fr\/wp-json\/wp\/v2\/product_tag?post=43900"}],"curies":[{"name":"wp","href":"https:\/\/api.w.org\/{rel}","templated":true}]}}