{"id":44082,"date":"2026-01-27T11:05:15","date_gmt":"2026-01-27T16:05:15","guid":{"rendered":"https:\/\/biogasworld.com\/product\/non%20class\u00e9\/safetap-ii\/"},"modified":"2026-03-09T12:16:13","modified_gmt":"2026-03-09T16:16:13","slug":"safetap-ii","status":"publish","type":"product","link":"https:\/\/biogasworld.com\/fr\/product\/biomethanisation\/instruments-et-controle\/instrumentation\/safetap-ii\/","title":{"rendered":"SafeTap II"},"content":{"rendered":"<h2><a href=\"https:\/\/www.barbenanalytical.com\/\"><img loading=\"lazy\" decoding=\"async\" class=\"alignnone wp-image-44180\" src=\"https:\/\/biogasworld.com\/wp-content\/uploads\/2026\/01\/AMETEK-Logo-Lockup_Limited-Space_Barben-1600x224.jpg\" alt=\"\" width=\"700\" height=\"98\" srcset=\"https:\/\/biogasworld.com\/wp-content\/uploads\/2026\/01\/AMETEK-Logo-Lockup_Limited-Space_Barben-1600x224.jpg 1600w, https:\/\/biogasworld.com\/wp-content\/uploads\/2026\/01\/AMETEK-Logo-Lockup_Limited-Space_Barben-250x35.jpg 250w, https:\/\/biogasworld.com\/wp-content\/uploads\/2026\/01\/AMETEK-Logo-Lockup_Limited-Space_Barben-1536x215.jpg 1536w, https:\/\/biogasworld.com\/wp-content\/uploads\/2026\/01\/AMETEK-Logo-Lockup_Limited-Space_Barben.jpg 1676w\" sizes=\"auto, (max-width: 700px) 100vw, 700px\" \/><\/a><\/h2>\n<h2 style=\"text-align: center;\"><span style=\"color: #000daa;\"><b>Capteur d&rsquo;oxyg\u00e8ne optique r\u00e9tractable <\/b><\/span><span style=\"color: #000daa;\"><b>SafeTap II <\/b><\/span><\/h2>\n<h2 style=\"text-align: center;\"><span style=\"color: #000daa;\"><b>\u00a0<\/b><\/span><\/h2>\n<p><img loading=\"lazy\" decoding=\"async\" class=\"aligncenter wp-image-44034\" src=\"https:\/\/biogasworld.com\/wp-content\/uploads\/2026\/01\/SafeTap-II-Sensor-Assembly_Insitu-Installations-1-1600x557.png\" alt=\"SafeTap II\" width=\"750\" height=\"261\" srcset=\"https:\/\/biogasworld.com\/wp-content\/uploads\/2026\/01\/SafeTap-II-Sensor-Assembly_Insitu-Installations-1-1600x557.png 1600w, https:\/\/biogasworld.com\/wp-content\/uploads\/2026\/01\/SafeTap-II-Sensor-Assembly_Insitu-Installations-1-250x87.png 250w, https:\/\/biogasworld.com\/wp-content\/uploads\/2026\/01\/SafeTap-II-Sensor-Assembly_Insitu-Installations-1-1536x534.png 1536w, https:\/\/biogasworld.com\/wp-content\/uploads\/2026\/01\/SafeTap-II-Sensor-Assembly_Insitu-Installations-1-2048x712.png 2048w\" sizes=\"auto, (max-width: 750px) 100vw, 750px\" \/><\/p>\n<p>&nbsp;<\/p>\n<h3 style=\"text-align: left;\"><span style=\"color: #000daa;\">Pr\u00e9sentation du produit<\/span><\/h3>\n<p style=\"text-align: justify;\">Le SafeTap II de Barben Analytical est un capteur d&rsquo;oxyg\u00e8ne optique r\u00e9tractable, \u00e9galement appel\u00e9 \u00ab prise en charge \u00e0 chaud \u00bb. Il est utilis\u00e9 avec l&rsquo;analyseur d&rsquo;oxyg\u00e8ne OXYvisor pour les m\u00e9thodes d&rsquo;\u00e9chantillonnage in situ. Con\u00e7u pour les liquides et les gaz secs ou humides, le SafeTap II peut \u00eatre ins\u00e9r\u00e9 et retir\u00e9 manuellement de la conduite de process. Le SafeTap II permet l&rsquo;installation in situ d&rsquo;un capteur d&rsquo;oxyg\u00e8ne BOSx \u00e0 plage de mesure s\u00e9lectionnable dans la conduite ou la cuve de process.<\/p>\n<p><img loading=\"lazy\" decoding=\"async\" class=\"aligncenter wp-image-44041\" src=\"https:\/\/biogasworld.com\/wp-content\/uploads\/2026\/01\/BOSx-Oxygen-Sensor-Ranges-1600x550.png\" alt=\"BOSx Oxygen Sensor Ranges\" width=\"500\" height=\"172\" srcset=\"https:\/\/biogasworld.com\/wp-content\/uploads\/2026\/01\/BOSx-Oxygen-Sensor-Ranges-1600x550.png 1600w, https:\/\/biogasworld.com\/wp-content\/uploads\/2026\/01\/BOSx-Oxygen-Sensor-Ranges-250x86.png 250w, https:\/\/biogasworld.com\/wp-content\/uploads\/2026\/01\/BOSx-Oxygen-Sensor-Ranges-1536x528.png 1536w, https:\/\/biogasworld.com\/wp-content\/uploads\/2026\/01\/BOSx-Oxygen-Sensor-Ranges.png 1770w\" sizes=\"auto, (max-width: 500px) 100vw, 500px\" \/><\/p>\n<p>&nbsp;<\/p>\n<h3 style=\"text-align: left;\"><span style=\"color: #000daa;\">Caract\u00e9ristiques et avantages<\/span><\/h3>\n<ul>\n<li>Utilise la technologie de luminescence par extinction optique : aucune sensibilit\u00e9 crois\u00e9e au CO2, SO2, NH3 et H2S, non affect\u00e9e par des niveaux \u00e9lev\u00e9s d\u2019O2 et d\u2019humidit\u00e9.<\/li>\n<li>\u00c9limine les syst\u00e8mes de manipulation d&rsquo;\u00e9chantillons lors de l&rsquo;\u00e9chantillonnage extractif.<\/li>\n<li>R\u00e9duit les co\u00fbts d&rsquo;installation, la complexit\u00e9 et la maintenance.<\/li>\n<li>Longueur d&rsquo;insertion du capteur ajustable pour diff\u00e9rents diam\u00e8tres de tuyauterie.<\/li>\n<li>Sonde RTD int\u00e9gr\u00e9e \u00e0 l&rsquo;extr\u00e9mit\u00e9 du capteur pour une mesure et une compensation pr\u00e9cises de la temp\u00e9rature.<\/li>\n<li>Transmetteur de pression en option pour une compensation pr\u00e9cise de la pression en ligne lors de la mesure de l&rsquo;O\u2082.<\/li>\n<li>Remplacement rapide et facile du capuchon du capteur.<\/li>\n<li>Homologu\u00e9 pour les installations en zones dangereuses.<\/li>\n<\/ul>\n<p>&nbsp;<\/p>\n<h3 style=\"text-align: left;\"><span style=\"color: #000daa;\">Applications typiques<\/span><\/h3>\n<ul>\n<li>Biogaz \u2013 gaz de digesteur humide. Compatible avec les compositions de flux typiques suivantes : CH4, CO2, H2O, H2S, N2, O2, NH3 et H2.<\/li>\n<li>Biogaz \u2013 \u00e9limination\/adoucissement du H2S, amines ou bio\u00e9purateur.<\/li>\n<li>Gaz naturel renouvelable (GNR) \u2013 biom\u00e9thane am\u00e9lior\u00e9 : mesure des traces d\u2019O2 (ppm) pour un gaz de transport par pipeline.<\/li>\n<li>Proc\u00e9d\u00e9s de capture du carbone dans le CO2 (traces et pourcentage d\u2019O2).<\/li>\n<li>Remplacement g\u00e9n\u00e9ral des cellules \u00e9lectrochimiques pour la mesure des traces d\u2019O2 (ppm \u00e0 % d\u2019O2).<\/li>\n<\/ul>\n<p>&nbsp;<\/p>\n<h3 style=\"text-align: left;\"><span style=\"color: #000daa;\">Installations typiques<\/span><\/h3>\n<p><img loading=\"lazy\" decoding=\"async\" class=\"wp-image-44078 size-full aligncenter\" src=\"https:\/\/biogasworld.com\/wp-content\/uploads\/2026\/01\/Zone-1-Install.jpg\" alt=\"Zone 1 Install\" width=\"658\" height=\"459\" srcset=\"https:\/\/biogasworld.com\/wp-content\/uploads\/2026\/01\/Zone-1-Install.jpg 658w, https:\/\/biogasworld.com\/wp-content\/uploads\/2026\/01\/Zone-1-Install-250x174.jpg 250w\" sizes=\"auto, (max-width: 658px) 100vw, 658px\" \/><\/p>\n<p>&nbsp;<\/p>\n<p><img loading=\"lazy\" decoding=\"async\" class=\"aligncenter wp-image-44080 size-full\" src=\"https:\/\/biogasworld.com\/wp-content\/uploads\/2026\/01\/Zone-2_Class1-Div2_-Install.jpg\" alt=\"\" width=\"659\" height=\"449\" srcset=\"https:\/\/biogasworld.com\/wp-content\/uploads\/2026\/01\/Zone-2_Class1-Div2_-Install.jpg 659w, https:\/\/biogasworld.com\/wp-content\/uploads\/2026\/01\/Zone-2_Class1-Div2_-Install-250x170.jpg 250w\" sizes=\"auto, (max-width: 659px) 100vw, 659px\" \/><\/p>\n<p style=\"text-align: justify;\"><b>Pour une proc\u00e9dure plus compl\u00e8te et d\u00e9taill\u00e9e concernant l&rsquo;insertion, le retrait de l&rsquo;ensemble capteur, l&rsquo;\u00e9talonnage et le remplacement du capuchon du capteur, veuillez consulter la fiche technique et le manuel du SafeTap II.<\/b><\/p>\n","protected":false},"excerpt":{"rendered":"<p class=\"p1\">Le SafeTap II de Barben Analytical est un capteur d&rsquo;oxyg\u00e8ne optique r\u00e9tractable, \u00e9galement appel\u00e9 \u00ab prise en charge \u00e0 chaud \u00bb. Il est utilis\u00e9 avec l&rsquo;analyseur d&rsquo;oxyg\u00e8ne OXYvisor pour les m\u00e9thodes d&rsquo;\u00e9chantillonnage in situ. Con\u00e7u pour les liquides et les gaz secs ou humides, le SafeTap II peut \u00eatre ins\u00e9r\u00e9 et retir\u00e9 manuellement de la conduite de process. Le SafeTap II permet l&rsquo;installation in situ d&rsquo;un capteur d&rsquo;oxyg\u00e8ne BOSx \u00e0 plage de mesure s\u00e9lectionnable dans la conduite ou la cuve de process.<\/p>","protected":false},"featured_media":44046,"template":"","meta":{"_acf_changed":false,"content-type":""},"product_brand":[],"product_cat":[77,119,143],"product_tag":[],"class_list":{"0":"post-44082","1":"product","2":"type-product","3":"status-publish","4":"has-post-thumbnail","6":"product_cat-biomethanisation","7":"product_cat-instruments-et-controle","8":"product_cat-instrumentation","10":"first","11":"instock","12":"taxable","13":"shipping-taxable","14":"product-type-simple"},"acf":[],"_links":{"self":[{"href":"https:\/\/biogasworld.com\/fr\/wp-json\/wp\/v2\/product\/44082","targetHints":{"allow":["GET"]}}],"collection":[{"href":"https:\/\/biogasworld.com\/fr\/wp-json\/wp\/v2\/product"}],"about":[{"href":"https:\/\/biogasworld.com\/fr\/wp-json\/wp\/v2\/types\/product"}],"wp:featuredmedia":[{"embeddable":true,"href":"https:\/\/biogasworld.com\/fr\/wp-json\/wp\/v2\/media\/44046"}],"wp:attachment":[{"href":"https:\/\/biogasworld.com\/fr\/wp-json\/wp\/v2\/media?parent=44082"}],"wp:term":[{"taxonomy":"product_brand","embeddable":true,"href":"https:\/\/biogasworld.com\/fr\/wp-json\/wp\/v2\/product_brand?post=44082"},{"taxonomy":"product_cat","embeddable":true,"href":"https:\/\/biogasworld.com\/fr\/wp-json\/wp\/v2\/product_cat?post=44082"},{"taxonomy":"product_tag","embeddable":true,"href":"https:\/\/biogasworld.com\/fr\/wp-json\/wp\/v2\/product_tag?post=44082"}],"curies":[{"name":"wp","href":"https:\/\/api.w.org\/{rel}","templated":true}]}}