{"id":44084,"date":"2026-01-16T13:36:54","date_gmt":"2026-01-16T18:36:54","guid":{"rendered":"https:\/\/biogasworld.com\/product\/non%20class\u00e9\/oxyvisor-oxygen-analyzer\/"},"modified":"2026-03-09T12:15:34","modified_gmt":"2026-03-09T16:15:34","slug":"oxyvisor-oxygen-analyzer","status":"publish","type":"product","link":"https:\/\/biogasworld.com\/fr\/product\/biomethanisation\/instruments-et-controle\/analyseurs-de-biogaz\/oxyvisor-oxygen-analyzer\/","title":{"rendered":"OXYvisor\u2122 Oxygen Analyzer"},"content":{"rendered":"<h2><a href=\"https:\/\/www.barbenanalytical.com\/\"><img loading=\"lazy\" decoding=\"async\" class=\"alignnone wp-image-44180\" src=\"https:\/\/biogasworld.com\/wp-content\/uploads\/2026\/01\/AMETEK-Logo-Lockup_Limited-Space_Barben-1600x224.jpg\" alt=\"\" width=\"700\" height=\"98\" srcset=\"https:\/\/biogasworld.com\/wp-content\/uploads\/2026\/01\/AMETEK-Logo-Lockup_Limited-Space_Barben-1600x224.jpg 1600w, https:\/\/biogasworld.com\/wp-content\/uploads\/2026\/01\/AMETEK-Logo-Lockup_Limited-Space_Barben-250x35.jpg 250w, https:\/\/biogasworld.com\/wp-content\/uploads\/2026\/01\/AMETEK-Logo-Lockup_Limited-Space_Barben-1536x215.jpg 1536w, https:\/\/biogasworld.com\/wp-content\/uploads\/2026\/01\/AMETEK-Logo-Lockup_Limited-Space_Barben.jpg 1676w\" sizes=\"auto, (max-width: 700px) 100vw, 700px\" \/><\/a><\/h2>\n<h2 style=\"text-align: center;\"><span style=\"color: #000daa;\"><b>Analyseur d&rsquo;oxyg\u00e8ne optique OXYvisor &#8211; Mesure fiable de l&rsquo;O\u2082 dans les flux de biogaz difficiles<\/b><\/span><\/h2>\n<p><img loading=\"lazy\" decoding=\"async\" class=\"wp-image-44014 aligncenter\" src=\"https:\/\/biogasworld.com\/wp-content\/uploads\/2026\/01\/OXYvisor-Optical-Oxygen-Analyzer-scaled.png\" alt=\"\" width=\"400\" height=\"830\" \/><\/p>\n<h3><\/h3>\n<h3 style=\"text-align: left;\"><span style=\"color: #000daa;\">Introduction \u00e0 l&rsquo;analyseur d&rsquo;oxyg\u00e8ne OXYvisor<\/span><\/h3>\n<p style=\"text-align: justify;\">L&rsquo;OXYvisor est un analyseur d&rsquo;oxyg\u00e8ne de process, id\u00e9al pour mesurer la concentration d&rsquo;oxyg\u00e8ne dans les applications de surveillance et de contr\u00f4le de process en continu et en ligne. Il est commun\u00e9ment appel\u00e9 analyseur d&rsquo;O\u2082, oxym\u00e8tre, oxym\u00e8tre d&rsquo;oxyg\u00e8ne dissous ou oxym\u00e8tre.<\/p>\n<p style=\"text-align: justify;\">L&rsquo;appareil utilise une technique de luminescence par extinction optique pour mesurer la concentration d&rsquo;oxyg\u00e8ne en volume (ppmv, base molaire) en phase gazeuse ou la concentration d&rsquo;oxyg\u00e8ne dissous (ppbv, ppmv) en phases liquide et aqueuse. L&rsquo;oxym\u00e8tre est reli\u00e9, par un c\u00e2ble \u00e0 fibre optique flexible de longueur variable, \u00e0 un petit capteur d&rsquo;oxyg\u00e8ne externe. Ce capteur peut \u00eatre plac\u00e9 dans un flux d&rsquo;\u00e9chantillon pr\u00e9lev\u00e9, ou directement in situ dans le flux de proc\u00e9d\u00e9 comme capteur d&rsquo;oxyg\u00e8ne gazeux, ou encore, en milieu liquide, comme sonde d&rsquo;oxyg\u00e8ne dissous ou capteur optique d&rsquo;oxyg\u00e8ne dissous.<\/p>\n<p>&nbsp;<\/p>\n<h3 style=\"text-align: left;\"><span style=\"color: #000daa;\">Applications industrielles d&rsquo;OXYvisor<\/span><\/h3>\n<p style=\"text-align: justify;\"><strong>L&rsquo;OXYvisor de Barben<\/strong> est con\u00e7u pour une mesure pr\u00e9cise et fiable de l&rsquo;oxyg\u00e8ne dans une vaste gamme de proc\u00e9d\u00e9s industriels. Ses nombreuses certifications nord-am\u00e9ricaines (NEC\/CEC) et internationales (IECEx\/ATEX) pour les zones dangereuses, associ\u00e9es \u00e0 une conception robuste et r\u00e9sistante \u00e0 la corrosion, permettent un fonctionnement fiable en int\u00e9rieur, en ext\u00e9rieur, en laboratoire et dans des environnements industriels exigeants.<\/p>\n<p style=\"text-align: justify;\">L&rsquo;analyseur est largement d\u00e9ploy\u00e9 dans les secteurs du p\u00e9trole et du gaz (amont, interm\u00e9diaire, offshore, raffinage et p\u00e9trochimie), de la fabrication (fours de recuit, production de fibres optiques et de polym\u00e8res, fabrication de lentilles de contact) et des \u00e9nergies renouvelables, notamment la production de biogaz, de biom\u00e9thane\/gaz naturel renouvelable (GNR) et d&rsquo;\u00e9thanol.<\/p>\n<p><strong>Domaines d&rsquo;application courants<\/strong><\/p>\n<p><strong>P\u00e9trole et gaz en amont et en aval<\/strong><\/p>\n<ul>\n<li>Mesure de l&rsquo;oxyg\u00e8ne \u00e0 l&rsquo;\u00e9tat de traces (ppm) dans :\n<ul>\n<li>Unit\u00e9s de r\u00e9cup\u00e9ration des vapeurs (URV)<\/li>\n<li>Conduites et pipelines de collecte<\/li>\n<li>Stations de compression et de surpression<\/li>\n<li>Entr\u00e9es des usines de traitement de gaz<\/li>\n<li>Points de transfert de propri\u00e9t\u00e9<\/li>\n<\/ul>\n<\/li>\n<li>Surveillance de la contamination par l&rsquo;oxyg\u00e8ne dans les syst\u00e8mes d&rsquo;injection de CO\u2082 et d&rsquo;irrigation par aspersion utilis\u00e9s pour la r\u00e9cup\u00e9ration assist\u00e9e du p\u00e9trole (RAP)<\/li>\n<\/ul>\n<p><strong>Biogaz et gaz naturel renouvelable<\/strong><\/p>\n<ul>\n<li>Mesure de l&rsquo;O\u2082 dans le biogaz\/gaz naturel renouvelable valoris\u00e9<\/li>\n<li>Surveillance de la s\u00e9curit\u00e9 dans les digesteurs ana\u00e9robies<\/li>\n<li>D\u00e9tection des fuites d&rsquo;oxyg\u00e8ne lors de la d\u00e9sulfuration<\/li>\n<li>Contr\u00f4le de la qualit\u00e9 de l&rsquo;injection de biom\u00e9thane\/gaz naturel renouvelable dans les pipelines<\/li>\n<\/ul>\n<p>&nbsp;<\/p>\n<h3 style=\"text-align: left;\"><span style=\"color: #000daa;\">Pourquoi OXYvisor est-il id\u00e9al pour les applications de mesure de l&rsquo;oxyg\u00e8ne ?<\/span><\/h3>\n<p style=\"text-align: justify;\">La technique optique d&rsquo;OXYvisor est id\u00e9ale pour de nombreuses applications, gr\u00e2ce \u00e0 sa capacit\u00e9 \u00e0 effectuer des mesures pr\u00e9cises et fiables m\u00eame en pr\u00e9sence d&rsquo;humidit\u00e9 \u00e9lev\u00e9e ou de contaminants tels que H\u2082S, CO\u2082 et H\u2082. D\u00e9pourvue d&rsquo;\u00e9lectrolyte susceptible de s&#8217;empoisonner et de membrane pouvant s&rsquo;encrasser, elle fonctionne parfaitement en milieu humide et liquide. OXYvisor constitue ainsi une solution de remplacement id\u00e9ale pour les technologies plus anciennes, comme les analyseurs paramagn\u00e9tiques, les cellules \u00e9lectrochimiques (piles \u00e0 combustible, capteurs d&rsquo;oxyg\u00e8ne dissous galvaniques, sondes amp\u00e9rom\u00e9triques et capteurs de gaz amp\u00e9rom\u00e9triques) et, dans certains cas, les technologies \u00e0 base de zircone et de laser \u00e0 diode accordable (TDL).<\/p>\n<p>&nbsp;<\/p>\n<h3 style=\"text-align: left;\"><span style=\"color: #000daa;\">Caract\u00e9ristiques de l&rsquo;analyseur d&rsquo;oxyg\u00e8ne de proc\u00e9d\u00e9 OXYvisor<\/span><\/h3>\n<ul>\n<li><strong>Large plage de mesures<\/strong>\n<ul>\n<li>Surveillance de l&rsquo;oxyg\u00e8ne en phase gazeuse de <strong>0,5 ppm \u00e0 plusieurs pourcents\u00a0<\/strong><\/li>\n<li>Mesure de l&rsquo;oxyg\u00e8ne dissous en phase liquide de <strong>traces (1 ppb) \u00e0 des concentrations \u00e9lev\u00e9es (ppm)\u00a0<\/strong><\/li>\n<li>Mesures enti\u00e8rement compens\u00e9es en temp\u00e9rature et en pression pour une pr\u00e9cision optimale<\/li>\n<\/ul>\n<\/li>\n<li><strong>Haute r\u00e9sistance aux contaminants du biogaz<\/strong>\n<ul>\n<li>Performances de mesure <strong>inchang\u00e9es en pr\u00e9sence de H\u2082S, CO\u2082, SO\u2082 ou H\u2082<\/strong><\/li>\n<li>Id\u00e9al pour les environnements difficiles de production et d&rsquo;\u00e9puration de biogaz humide<\/li>\n<\/ul>\n<\/li>\n<li><strong>\u00c9talonnage et validation intelligents\u00a0<\/strong>\n<ul>\n<li>\u00c9talonnage standard z\u00e9ro\/\u00e9tendue en deux points<\/li>\n<li><strong>Auto-\u00e9talonnage<\/strong> et <strong>validation \u00e0 distance int\u00e9gr\u00e9s<\/strong><\/li>\n<\/ul>\n<\/li>\n<li><strong>Conception robuste<\/strong>\n<ul>\n<li>Certifications compl\u00e8tes pour zones dangereuses :\n<ul>\n<li>Zone 1 &amp; Zone 2 (IECEx\/ATEX\/CEC\/NEC)<\/li>\n<li>Classe I, Division 2 (cULus)<\/li>\n<\/ul>\n<\/li>\n<li>Bo\u00eetier<strong> IP66 \/ NEMA 4X<\/strong><\/li>\n<li>Fonctionnement de<strong> \u201320\u00b0C \u00e0 +55\u00b0C<\/strong><\/li>\n<\/ul>\n<\/li>\n<li><strong>Options de capteurs flexibles<\/strong>\n<ul>\n<li>Formats d&rsquo;installation multiples :\n<ul>\n<li><strong>FiberSense<\/strong> (capteur d&rsquo;O\u2082 de 4 mm pour raccords de tube de \u00bc\u00a0\u00bb)<\/li>\n<li>Cellules de d\u00e9bit en ligne <strong>FlexSense II<\/strong> avec capuchons de capteur rempla\u00e7ables<\/li>\n<li>Sonde d&rsquo;insertion\/retrait <strong>SafeTap Insitu<\/strong> pour cuves et tuyauteries de process<\/li>\n<\/ul>\n<\/li>\n<\/ul>\n<\/li>\n<li><strong>Configuration, suivi et acc\u00e8s aux donn\u00e9es simplifi\u00e9s\u00a0<\/strong>\n<ul>\n<li>Logiciel PC OXYvisor pour la configuration, le diagnostic et le suivi en temps r\u00e9el<\/li>\n<li><strong>Enregistrement local des donn\u00e9es via USB <\/strong>pour une exportation et une g\u00e9n\u00e9ration de rapports simplifi\u00e9es<\/li>\n<\/ul>\n<\/li>\n<\/ul>\n<p>&nbsp;<\/p>\n<h3 style=\"text-align: left;\"><span style=\"color: #000daa;\">Avantages de l&rsquo;analyseur d&rsquo;oxyg\u00e8ne OXYvisor pour le traitement du biogaz\/GNR\u00a0<\/span><\/h3>\n<p style=\"text-align: justify;\">Les capteurs d&rsquo;oxyg\u00e8ne optiques pr\u00e9sentent plusieurs avantages pour la production de biogaz : ils ne sont pas perturb\u00e9s par l&rsquo;humidit\u00e9, le H\u2082S, le CO\u2082 ni par d&rsquo;autres gaz contaminants. L&rsquo;OXYvisor simplifie la conception du syst\u00e8me d&rsquo;\u00e9chantillonnage, car il n&rsquo;est plus n\u00e9cessaire d&rsquo;\u00e9liminer les gaz contaminants avant la mesure. Dans de nombreux cas, l&rsquo;utilisateur final peut se passer du syst\u00e8me d&rsquo;\u00e9chantillonnage traditionnel, souvent probl\u00e9matique, en optant pour une mesure in situ avec le BOSx SafeTap. Il en r\u00e9sulte une fiabilit\u00e9 accrue, une meilleure pr\u00e9cision et une r\u00e9ponse plus rapide pour les applications de production de biogaz.<\/p>\n<p><img loading=\"lazy\" decoding=\"async\" class=\"alignnone wp-image-44022 size-large\" src=\"https:\/\/biogasworld.com\/wp-content\/uploads\/2026\/01\/safetap-II-1600x407.jpg\" alt=\"SafeTap II\" width=\"1480\" height=\"376\" srcset=\"https:\/\/biogasworld.com\/wp-content\/uploads\/2026\/01\/safetap-II-1600x407.jpg 1600w, https:\/\/biogasworld.com\/wp-content\/uploads\/2026\/01\/safetap-II-250x64.jpg 250w, https:\/\/biogasworld.com\/wp-content\/uploads\/2026\/01\/safetap-II-1536x390.jpg 1536w, https:\/\/biogasworld.com\/wp-content\/uploads\/2026\/01\/safetap-II-2048x521.jpg 2048w\" sizes=\"auto, (max-width: 1480px) 100vw, 1480px\" \/><\/p>\n","protected":false},"excerpt":{"rendered":"L&rsquo;OXYvisor est un analyseur d&rsquo;oxyg\u00e8ne de process, id\u00e9al pour mesurer la concentration d&rsquo;oxyg\u00e8ne dans les applications de surveillance et de contr\u00f4le de process en continu et en ligne. Il est commun\u00e9ment appel\u00e9 analyseur d&rsquo;O\u2082, oxym\u00e8tre, oxym\u00e8tre d&rsquo;oxyg\u00e8ne dissous ou oxym\u00e8tre d&rsquo;oxyg\u00e8ne dissous.","protected":false},"featured_media":44011,"template":"","meta":{"_acf_changed":false,"content-type":""},"product_brand":[],"product_cat":[77,119,460],"product_tag":[],"class_list":{"0":"post-44084","1":"product","2":"type-product","3":"status-publish","4":"has-post-thumbnail","6":"product_cat-biomethanisation","7":"product_cat-instruments-et-controle","8":"product_cat-analyseurs-de-biogaz","10":"first","11":"instock","12":"taxable","13":"shipping-taxable","14":"product-type-simple"},"acf":[],"_links":{"self":[{"href":"https:\/\/biogasworld.com\/fr\/wp-json\/wp\/v2\/product\/44084","targetHints":{"allow":["GET"]}}],"collection":[{"href":"https:\/\/biogasworld.com\/fr\/wp-json\/wp\/v2\/product"}],"about":[{"href":"https:\/\/biogasworld.com\/fr\/wp-json\/wp\/v2\/types\/product"}],"wp:featuredmedia":[{"embeddable":true,"href":"https:\/\/biogasworld.com\/fr\/wp-json\/wp\/v2\/media\/44011"}],"wp:attachment":[{"href":"https:\/\/biogasworld.com\/fr\/wp-json\/wp\/v2\/media?parent=44084"}],"wp:term":[{"taxonomy":"product_brand","embeddable":true,"href":"https:\/\/biogasworld.com\/fr\/wp-json\/wp\/v2\/product_brand?post=44084"},{"taxonomy":"product_cat","embeddable":true,"href":"https:\/\/biogasworld.com\/fr\/wp-json\/wp\/v2\/product_cat?post=44084"},{"taxonomy":"product_tag","embeddable":true,"href":"https:\/\/biogasworld.com\/fr\/wp-json\/wp\/v2\/product_tag?post=44084"}],"curies":[{"name":"wp","href":"https:\/\/api.w.org\/{rel}","templated":true}]}}