{"id":44133,"date":"2026-02-24T22:04:50","date_gmt":"2026-02-25T03:04:50","guid":{"rendered":"https:\/\/biogasworld.com\/product\/non%20class\u00e9\/engineered-storage-solutions-for-the-bio-energy-industry\/"},"modified":"2026-02-24T22:07:46","modified_gmt":"2026-02-25T03:07:46","slug":"lreservoirs-bio-energetiques-solutions-de-stockage-ingenieures-pour-industrie-energie","status":"publish","type":"product","link":"https:\/\/biogasworld.com\/fr\/product\/biomethanisation\/reservoir-pour-digesteur\/lreservoirs-bio-energetiques-solutions-de-stockage-ingenieures-pour-industrie-energie\/","title":{"rendered":"Les r\u00e9servoirs bio \u00e9nerg\u00e9tiques Solutions de stockage ing\u00e9nieures pour l&rsquo;industrie de la bio-\u00e9nergie"},"content":{"rendered":"","protected":false},"excerpt":{"rendered":"Chaque r\u00e9servoir de biocarburant que nous construisons est con\u00e7u conform\u00e9ment aux normes API 650 et NFPA 30, ce qui vous donnera les dessins et les paquets de calcul stamp\u00e9s que l&rsquo;assureur et le mar\u00e9chal des incendies demanderont. C&rsquo;est cette conformit\u00e9 document\u00e9e, int\u00e9gr\u00e9e d\u00e8s le premier croquis, qui transforme un simple conteneur en un actif op\u00e9rationnel autoris\u00e9.","protected":false},"featured_media":44132,"template":"","meta":{"_acf_changed":false,"content-type":""},"product_brand":[],"product_cat":[77,303],"product_tag":[],"class_list":{"0":"post-44133","1":"product","2":"type-product","3":"status-publish","4":"has-post-thumbnail","6":"product_cat-biomethanisation","7":"product_cat-reservoir-pour-digesteur","9":"first","10":"instock","11":"taxable","12":"shipping-taxable","13":"product-type-simple"},"acf":[],"_links":{"self":[{"href":"https:\/\/biogasworld.com\/fr\/wp-json\/wp\/v2\/product\/44133","targetHints":{"allow":["GET"]}}],"collection":[{"href":"https:\/\/biogasworld.com\/fr\/wp-json\/wp\/v2\/product"}],"about":[{"href":"https:\/\/biogasworld.com\/fr\/wp-json\/wp\/v2\/types\/product"}],"wp:featuredmedia":[{"embeddable":true,"href":"https:\/\/biogasworld.com\/fr\/wp-json\/wp\/v2\/media\/44132"}],"wp:attachment":[{"href":"https:\/\/biogasworld.com\/fr\/wp-json\/wp\/v2\/media?parent=44133"}],"wp:term":[{"taxonomy":"product_brand","embeddable":true,"href":"https:\/\/biogasworld.com\/fr\/wp-json\/wp\/v2\/product_brand?post=44133"},{"taxonomy":"product_cat","embeddable":true,"href":"https:\/\/biogasworld.com\/fr\/wp-json\/wp\/v2\/product_cat?post=44133"},{"taxonomy":"product_tag","embeddable":true,"href":"https:\/\/biogasworld.com\/fr\/wp-json\/wp\/v2\/product_tag?post=44133"}],"curies":[{"name":"wp","href":"https:\/\/api.w.org\/{rel}","templated":true}]}}